{"id":51841,"date":"2015-04-23T15:29:13","date_gmt":"2015-04-23T13:29:13","guid":{"rendered":"https:\/\/www.rogatec.si\/project\/pohodnistvo\/?lang=en"},"modified":"2021-01-03T18:59:52","modified_gmt":"2021-01-03T17:59:52","slug":"pohodnistvo","status":"publish","type":"page","link":"https:\/\/www.rogatec.si\/en\/whattodo\/narava-in-aktivni-oddih\/pohodnistvo\/","title":{"rendered":"Pohodni\u0161tvo"},"content":{"rendered":"<p><span style=\"color: #000000;\">Podajte se na poti polne novih do\u017eivetij in naravnih lepot. V Rogatcu so vam na voljo\u00a0\u0161tevilne urejene in dobro ozna\u010dene pohodne poti.<\/span><\/p>\n<p><strong>Planinska pot na Dona\u010dko goro<\/strong><\/p>\n<p style=\"color: #000000;\">Dona\u010dka gora (882 m) je svoje ime dobila po cerkvi sv. Donata. Cerkev je bila prvotno zgrajena na drugem mestu, po nesre\u010di z neurjem, ko je leta 1740 v njo tre\u0161\u010dila strela, so jo zgradili na dana\u0161njem mestu. Starej\u0161e ime Dona\u010dke gore je Roga\u0161ka gora. Dona\u010dka gora spada v najvzhodnej\u0161i del Karavank na Slovenskem.<\/p>\n<p style=\"color: #000000;\">Zanjo je zna\u010dilen oster greben, ki poteka v smeri vhod \u2013 zahod. Z njenega zahodnega vrha se pogled ustavi na njenem sosedu \u2013 Bo\u010d je vi\u0161ji, vendar zaradi polo\u017enega pobo\u010dja ne daje takega ob\u010dutka (do njega je speljana pot, 5 ur hoje). Med bli\u017enjimi vrhovi je \u0161e Konji\u0161ka gora.<\/p>\n<p style=\"color: #000000;\">Na Dona\u010dko vodi ve\u010d dobro markiranih poti z naslednjimi izhodi\u0161\u010di: iz \u017detal po poti Jo\u017eeta \u017detalskega (te\u017eja in zelo strma pot), od cerkve sv. Donata ter od Rudijevega doma. Slednja poteka po zahodnem delu posebne znamenitosti Dona\u010dke gore \u2013 27 ha velikega naravnega rezervata, ki je kot pragozd zavarovan od leta 1965. V Sloveniji so le trije bukovi gozdovi s pragozdnim zna\u010dajem.<\/p>\n<p style=\"color: #000000;\">Rudijev dom pod Dona\u010dko goro (590 m n.v.) nudi obiskovalcem hrano, pija\u010do in preno\u010di\u0161\u010da (skupna le\u017ei\u0161\u010da &#8211; do 20 oseb). Odprt je od aprila do oktobra ter ob vikendih in praznikih (informacije: +386 (0)31 560 743).<\/p>\n<p><strong><span class=\"field-content\">Izvir Sotle<\/span><\/strong><\/p>\n<p><span style=\"color: #000000;\">Sotla izvira v ju\u017enih pobo\u010djih Maclja v treh izvirih, od katerih je en na slovensko-hrva\u0161ki meji, ostala sta na Hrva\u0161kem. Izvir je urejen v obliki malega vodnjaka. Do njega vodi markirana pot.<\/span><\/p>\n<p><strong>Jezero Majdan pri Trli\u010dnem\u00a0<\/strong><\/p>\n<p><span style=\"color: #000000;\">Jezero je nastalo v opu\u0161\u010denem rudniku kremenovega peska, ki so ga potrebovali za potrebe steklarne, poleg tega so se ljudje ukvarjali tudi z doma\u010dim izdelovanjem brusnih kamnov. Nad jezerom, ki je pribli\u017eno 30x30m veliko je okrog 60 m visoka stena, sredi katere je rov, ki so ga uporabljali pred poglobitvijo dna.<\/span><\/p>\n<p><strong><span class=\"field-content\">Pragozd na Dona\u010dki gori<\/span>\u00a0<\/strong><\/p>\n<p style=\"color: #000000;\">Posebna znamenitost Dona\u010dke gore je 27 ha velik naravni rezervat, ki je kot pragozd zavarovan od leta 1965. V Sloveniji so le trije bukovi gozdovi s pragozdnim zna\u010dajem. Po njegovem zahodnem delu vodi urejena planinska pot od planinskega doma na greben gore. Dona\u010dka gora slavi tudi po rastlinskih posebnostih, ki jih drugje ni. Na skalnih stenah in policah prisojne strani gore je v Sloveniji edino nahajali\u0161\u010de juvanovega netreska.<\/p>\n<p style=\"color: #000000;\">Ker se podolgovata Dona\u010dka gora razteza od vzhoda proti zahodu, je razdeljena na toplej\u0161i, prisojni, ju\u017eni del in hladnej\u0161i, osojni, severni del. Tako na severni strani prevladujejo hladnoljubne alpske rastline, ki potrebujejo manj toplote ali ve\u010d vlage, na primer praprot jelenov jezik, smreka, kresni\u010devje, alpski nagnoj in \u0161tevilne druge rastline. Na ju\u017eni strani pa dobro uspevajo toploljubne rastline, na primer pravi kostanj in hrast cer. Zna\u010dilna je vi\u0161inska pasovitost rastlinstva.<\/p>\n<p>&nbsp;<\/p>\n","protected":false},"excerpt":{"rendered":"<p>Podajte se na poti polne novih do\u017eivetij in naravnih lepot. V Rogatcu so vam na voljo \u0161tevilne urejene in dobro ozna\u010dene pohodne poti.<\/p>\n","protected":false},"author":5,"featured_media":51541,"parent":51865,"menu_order":18,"comment_status":"closed","ping_status":"open","template":"","meta":{"_uag_custom_page_level_css":"","footnotes":""},"class_list":["post-51841","page","type-page","status-publish","has-post-thumbnail","hentry"],"yoast_head":"<!-- This site is optimized with the Yoast SEO plugin v27.2 - https:\/\/yoast.com\/product\/yoast-seo-wordpress\/ -->\n<title>Pohodni\u0161tvo - Visit Rogatec<\/title>\n<meta name=\"robots\" content=\"index, follow, max-snippet:-1, max-image-preview:large, max-video-preview:-1\" \/>\n<link rel=\"canonical\" href=\"https:\/\/www.rogatec.si\/en\/whattodo\/narava-in-aktivni-oddih\/pohodnistvo\/\" \/>\n<meta property=\"og:locale\" content=\"en_US\" \/>\n<meta property=\"og:type\" content=\"article\" \/>\n<meta property=\"og:title\" content=\"Pohodni\u0161tvo - Visit Rogatec\" \/>\n<meta property=\"og:description\" content=\"Podajte se na poti polne novih do\u017eivetij in naravnih lepot. V Rogatcu so vam na voljo \u0161tevilne urejene in dobro ozna\u010dene pohodne poti.\" \/>\n<meta property=\"og:url\" content=\"https:\/\/www.rogatec.si\/en\/whattodo\/narava-in-aktivni-oddih\/pohodnistvo\/\" \/>\n<meta property=\"og:site_name\" content=\"Visit Rogatec\" \/>\n<meta property=\"article:modified_time\" content=\"2021-01-03T17:59:52+00:00\" \/>\n<meta property=\"og:image\" content=\"https:\/\/www.rogatec.si\/wp-content\/uploads\/2015\/04\/26030137.jpg\" \/>\n\t<meta property=\"og:image:width\" content=\"1024\" \/>\n\t<meta property=\"og:image:height\" content=\"497\" \/>\n\t<meta property=\"og:image:type\" content=\"image\/jpeg\" \/>\n<meta name=\"twitter:card\" content=\"summary_large_image\" \/>\n<meta name=\"twitter:label1\" content=\"Est. reading time\" \/>\n\t<meta name=\"twitter:data1\" content=\"2 minutes\" \/>\n<script type=\"application\/ld+json\" class=\"yoast-schema-graph\">{\"@context\":\"https:\/\/schema.org\",\"@graph\":[{\"@type\":\"WebPage\",\"@id\":\"https:\/\/www.rogatec.si\/en\/whattodo\/narava-in-aktivni-oddih\/pohodnistvo\/\",\"url\":\"https:\/\/www.rogatec.si\/en\/whattodo\/narava-in-aktivni-oddih\/pohodnistvo\/\",\"name\":\"Pohodni\u0161tvo - Visit Rogatec\",\"isPartOf\":{\"@id\":\"https:\/\/www.rogatec.si\/#website\"},\"primaryImageOfPage\":{\"@id\":\"https:\/\/www.rogatec.si\/en\/whattodo\/narava-in-aktivni-oddih\/pohodnistvo\/#primaryimage\"},\"image\":{\"@id\":\"https:\/\/www.rogatec.si\/en\/whattodo\/narava-in-aktivni-oddih\/pohodnistvo\/#primaryimage\"},\"thumbnailUrl\":\"https:\/\/www.rogatec.si\/wp-content\/uploads\/2015\/04\/26030137.jpg\",\"datePublished\":\"2015-04-23T13:29:13+00:00\",\"dateModified\":\"2021-01-03T17:59:52+00:00\",\"breadcrumb\":{\"@id\":\"https:\/\/www.rogatec.si\/en\/whattodo\/narava-in-aktivni-oddih\/pohodnistvo\/#breadcrumb\"},\"inLanguage\":\"en-US\",\"potentialAction\":[{\"@type\":\"ReadAction\",\"target\":[\"https:\/\/www.rogatec.si\/en\/whattodo\/narava-in-aktivni-oddih\/pohodnistvo\/\"]}]},{\"@type\":\"ImageObject\",\"inLanguage\":\"en-US\",\"@id\":\"https:\/\/www.rogatec.si\/en\/whattodo\/narava-in-aktivni-oddih\/pohodnistvo\/#primaryimage\",\"url\":\"https:\/\/www.rogatec.si\/wp-content\/uploads\/2015\/04\/26030137.jpg\",\"contentUrl\":\"https:\/\/www.rogatec.si\/wp-content\/uploads\/2015\/04\/26030137.jpg\",\"width\":1024,\"height\":497,\"caption\":\"Vinorodna lega Dona\u010dke gore\"},{\"@type\":\"BreadcrumbList\",\"@id\":\"https:\/\/www.rogatec.si\/en\/whattodo\/narava-in-aktivni-oddih\/pohodnistvo\/#breadcrumb\",\"itemListElement\":[{\"@type\":\"ListItem\",\"position\":1,\"name\":\"Domov\",\"item\":\"https:\/\/www.rogatec.si\/en\/\"},{\"@type\":\"ListItem\",\"position\":2,\"name\":\"What to do\",\"item\":\"https:\/\/www.rogatec.si\/en\/whattodo\/\"},{\"@type\":\"ListItem\",\"position\":3,\"name\":\"Narava in aktivni oddih\",\"item\":\"https:\/\/www.rogatec.si\/en\/whattodo\/narava-in-aktivni-oddih\/\"},{\"@type\":\"ListItem\",\"position\":4,\"name\":\"Pohodni\u0161tvo\"}]},{\"@type\":\"WebSite\",\"@id\":\"https:\/\/www.rogatec.si\/#website\",\"url\":\"https:\/\/www.rogatec.si\/\",\"name\":\"Visit Rogatec\",\"description\":\"Taste the heritage\",\"publisher\":{\"@id\":\"https:\/\/www.rogatec.si\/#organization\"},\"potentialAction\":[{\"@type\":\"SearchAction\",\"target\":{\"@type\":\"EntryPoint\",\"urlTemplate\":\"https:\/\/www.rogatec.si\/?s={search_term_string}\"},\"query-input\":{\"@type\":\"PropertyValueSpecification\",\"valueRequired\":true,\"valueName\":\"search_term_string\"}}],\"inLanguage\":\"en-US\"},{\"@type\":\"Organization\",\"@id\":\"https:\/\/www.rogatec.si\/#organization\",\"name\":\"Visit Rogatec\",\"url\":\"https:\/\/www.rogatec.si\/\",\"logo\":{\"@type\":\"ImageObject\",\"inLanguage\":\"en-US\",\"@id\":\"https:\/\/www.rogatec.si\/#\/schema\/logo\/image\/\",\"url\":\"https:\/\/www.rogatec.si\/wp-content\/uploads\/2021\/01\/Rogatec_okusimo_250x80.png\",\"contentUrl\":\"https:\/\/www.rogatec.si\/wp-content\/uploads\/2021\/01\/Rogatec_okusimo_250x80.png\",\"width\":250,\"height\":80,\"caption\":\"Visit Rogatec\"},\"image\":{\"@id\":\"https:\/\/www.rogatec.si\/#\/schema\/logo\/image\/\"}}]}<\/script>\n<!-- \/ Yoast SEO plugin. -->","yoast_head_json":{"title":"Pohodni\u0161tvo - Visit Rogatec","robots":{"index":"index","follow":"follow","max-snippet":"max-snippet:-1","max-image-preview":"max-image-preview:large","max-video-preview":"max-video-preview:-1"},"canonical":"https:\/\/www.rogatec.si\/en\/whattodo\/narava-in-aktivni-oddih\/pohodnistvo\/","og_locale":"en_US","og_type":"article","og_title":"Pohodni\u0161tvo - Visit Rogatec","og_description":"Podajte se na poti polne novih do\u017eivetij in naravnih lepot. V Rogatcu so vam na voljo \u0161tevilne urejene in dobro ozna\u010dene pohodne poti.","og_url":"https:\/\/www.rogatec.si\/en\/whattodo\/narava-in-aktivni-oddih\/pohodnistvo\/","og_site_name":"Visit Rogatec","article_modified_time":"2021-01-03T17:59:52+00:00","og_image":[{"width":1024,"height":497,"url":"https:\/\/www.rogatec.si\/wp-content\/uploads\/2015\/04\/26030137.jpg","type":"image\/jpeg"}],"twitter_card":"summary_large_image","twitter_misc":{"Est. reading time":"2 minutes"},"schema":{"@context":"https:\/\/schema.org","@graph":[{"@type":"WebPage","@id":"https:\/\/www.rogatec.si\/en\/whattodo\/narava-in-aktivni-oddih\/pohodnistvo\/","url":"https:\/\/www.rogatec.si\/en\/whattodo\/narava-in-aktivni-oddih\/pohodnistvo\/","name":"Pohodni\u0161tvo - Visit Rogatec","isPartOf":{"@id":"https:\/\/www.rogatec.si\/#website"},"primaryImageOfPage":{"@id":"https:\/\/www.rogatec.si\/en\/whattodo\/narava-in-aktivni-oddih\/pohodnistvo\/#primaryimage"},"image":{"@id":"https:\/\/www.rogatec.si\/en\/whattodo\/narava-in-aktivni-oddih\/pohodnistvo\/#primaryimage"},"thumbnailUrl":"https:\/\/www.rogatec.si\/wp-content\/uploads\/2015\/04\/26030137.jpg","datePublished":"2015-04-23T13:29:13+00:00","dateModified":"2021-01-03T17:59:52+00:00","breadcrumb":{"@id":"https:\/\/www.rogatec.si\/en\/whattodo\/narava-in-aktivni-oddih\/pohodnistvo\/#breadcrumb"},"inLanguage":"en-US","potentialAction":[{"@type":"ReadAction","target":["https:\/\/www.rogatec.si\/en\/whattodo\/narava-in-aktivni-oddih\/pohodnistvo\/"]}]},{"@type":"ImageObject","inLanguage":"en-US","@id":"https:\/\/www.rogatec.si\/en\/whattodo\/narava-in-aktivni-oddih\/pohodnistvo\/#primaryimage","url":"https:\/\/www.rogatec.si\/wp-content\/uploads\/2015\/04\/26030137.jpg","contentUrl":"https:\/\/www.rogatec.si\/wp-content\/uploads\/2015\/04\/26030137.jpg","width":1024,"height":497,"caption":"Vinorodna lega Dona\u010dke gore"},{"@type":"BreadcrumbList","@id":"https:\/\/www.rogatec.si\/en\/whattodo\/narava-in-aktivni-oddih\/pohodnistvo\/#breadcrumb","itemListElement":[{"@type":"ListItem","position":1,"name":"Domov","item":"https:\/\/www.rogatec.si\/en\/"},{"@type":"ListItem","position":2,"name":"What to do","item":"https:\/\/www.rogatec.si\/en\/whattodo\/"},{"@type":"ListItem","position":3,"name":"Narava in aktivni oddih","item":"https:\/\/www.rogatec.si\/en\/whattodo\/narava-in-aktivni-oddih\/"},{"@type":"ListItem","position":4,"name":"Pohodni\u0161tvo"}]},{"@type":"WebSite","@id":"https:\/\/www.rogatec.si\/#website","url":"https:\/\/www.rogatec.si\/","name":"Visit Rogatec","description":"Taste the heritage","publisher":{"@id":"https:\/\/www.rogatec.si\/#organization"},"potentialAction":[{"@type":"SearchAction","target":{"@type":"EntryPoint","urlTemplate":"https:\/\/www.rogatec.si\/?s={search_term_string}"},"query-input":{"@type":"PropertyValueSpecification","valueRequired":true,"valueName":"search_term_string"}}],"inLanguage":"en-US"},{"@type":"Organization","@id":"https:\/\/www.rogatec.si\/#organization","name":"Visit Rogatec","url":"https:\/\/www.rogatec.si\/","logo":{"@type":"ImageObject","inLanguage":"en-US","@id":"https:\/\/www.rogatec.si\/#\/schema\/logo\/image\/","url":"https:\/\/www.rogatec.si\/wp-content\/uploads\/2021\/01\/Rogatec_okusimo_250x80.png","contentUrl":"https:\/\/www.rogatec.si\/wp-content\/uploads\/2021\/01\/Rogatec_okusimo_250x80.png","width":250,"height":80,"caption":"Visit Rogatec"},"image":{"@id":"https:\/\/www.rogatec.si\/#\/schema\/logo\/image\/"}}]}},"uagb_featured_image_src":{"full":["https:\/\/www.rogatec.si\/wp-content\/uploads\/2015\/04\/26030137.jpg",1024,497,false],"thumbnail":["https:\/\/www.rogatec.si\/wp-content\/uploads\/2015\/04\/26030137-190x100.jpg",190,100,true],"medium":["https:\/\/www.rogatec.si\/wp-content\/uploads\/2015\/04\/26030137-300x145.jpg",300,145,true],"medium_large":["https:\/\/www.rogatec.si\/wp-content\/uploads\/2015\/04\/26030137.jpg",768,373,false],"large":["https:\/\/www.rogatec.si\/wp-content\/uploads\/2015\/04\/26030137.jpg",1024,497,false],"1536x1536":["https:\/\/www.rogatec.si\/wp-content\/uploads\/2015\/04\/26030137.jpg",1024,497,false],"2048x2048":["https:\/\/www.rogatec.si\/wp-content\/uploads\/2015\/04\/26030137.jpg",1024,497,false],"custom-image-square":["https:\/\/www.rogatec.si\/wp-content\/uploads\/2015\/04\/26030137.jpg",600,291,false],"featured-medium":["https:\/\/www.rogatec.si\/wp-content\/uploads\/2015\/04\/26030137.jpg",300,146,false]},"uagb_author_info":{"display_name":"Rogatec","author_link":"https:\/\/www.rogatec.si\/en\/author\/vedran72\/"},"uagb_comment_info":0,"uagb_excerpt":"Podajte se na poti polne novih do\u017eivetij in naravnih lepot. V Rogatcu so vam na voljo \u0161tevilne urejene in dobro ozna\u010dene pohodne poti.","_links":{"self":[{"href":"https:\/\/www.rogatec.si\/en\/wp-json\/wp\/v2\/pages\/51841","targetHints":{"allow":["GET"]}}],"collection":[{"href":"https:\/\/www.rogatec.si\/en\/wp-json\/wp\/v2\/pages"}],"about":[{"href":"https:\/\/www.rogatec.si\/en\/wp-json\/wp\/v2\/types\/page"}],"author":[{"embeddable":true,"href":"https:\/\/www.rogatec.si\/en\/wp-json\/wp\/v2\/users\/5"}],"replies":[{"embeddable":true,"href":"https:\/\/www.rogatec.si\/en\/wp-json\/wp\/v2\/comments?post=51841"}],"version-history":[{"count":1,"href":"https:\/\/www.rogatec.si\/en\/wp-json\/wp\/v2\/pages\/51841\/revisions"}],"predecessor-version":[{"id":51842,"href":"https:\/\/www.rogatec.si\/en\/wp-json\/wp\/v2\/pages\/51841\/revisions\/51842"}],"up":[{"embeddable":true,"href":"https:\/\/www.rogatec.si\/en\/wp-json\/wp\/v2\/pages\/51865"}],"wp:featuredmedia":[{"embeddable":true,"href":"https:\/\/www.rogatec.si\/en\/wp-json\/wp\/v2\/media\/51541"}],"wp:attachment":[{"href":"https:\/\/www.rogatec.si\/en\/wp-json\/wp\/v2\/media?parent=51841"}],"curies":[{"name":"wp","href":"https:\/\/api.w.org\/{rel}","templated":true}]}}