{"id":51844,"date":"2015-04-23T14:38:45","date_gmt":"2015-04-23T12:38:45","guid":{"rendered":"https:\/\/www.rogatec.si\/?post_type=dt_portfolio&#038;p=51844&#038;lang=en"},"modified":"2015-11-21T16:27:51","modified_gmt":"2015-11-21T15:27:51","slug":"kolesarjenje","status":"publish","type":"page","link":"https:\/\/www.rogatec.si\/en\/whattodo\/narava-in-aktivni-oddih\/kolesarjenje\/","title":{"rendered":"Kolesarjenje"},"content":{"rendered":"<h4 style=\"color: #000000;\">Kolesarske poti v okolici Rogatca<\/h4>\n<p style=\"color: #000000;\"><strong>Do izvira Sotle<\/strong><\/p>\n<div class=\"field field-name-body field-type-text-with-summary field-label-hidden\" style=\"color: #000000;\">\n<div class=\"field-items\">\n<div class=\"field-item even\">\n<p>Potek: Rogatec \u2013 mejni prehod Dobovec &#8211; Lovska ko\u010da Lipovec \u2013 izvir Sotle &#8211; Lovska ko\u010da Log &#8211; dolina pod Dona\u010dko goro\u017dDol\u017eina: 20 km<br \/>\nTe\u017eavnost: te\u017eka<\/p>\n<p><strong>Do ribnika<\/strong><br \/>\nPotek: trg Rogatec &#8211; Ptujska cesta &#8211; Sv. Florjan \u2013 ribnik \u2013 dvorec Strmol &#8211; Muzej na prostem Rogatec<br \/>\nDol\u017eina: 5 km<br \/>\nTe\u017eavnost: lahka<\/p>\n<p><strong>Do Tr\u0161kih gorc<\/strong><br \/>\nPotek: trg Rogatec &#8211; Slom\u0161kova ulica &#8211; cerkev sv. Jerneja &#8211; cerkev sv. Hijacinte \u2013Tr\u0161ke gorce<br \/>\nDol\u017eina: 5 km<br \/>\nTe\u017eavnost: te\u017eka<\/p>\n<p><strong>Na Dona\u010dko goro<\/strong><br \/>\nPotek: trg Rogatec &#8211; ob Draganji &#8211; Dona\u010dka gora &#8211; Muzej na prostem Rogatec<br \/>\nDol\u017eina: 8 km<br \/>\nTe\u017eavnost: te\u017eka<\/p>\n<p><strong>V Log<\/strong><br \/>\nPotek: Muzej na prostem Rogatec &#8211; gozdnati Log &#8211; trg Rogatec<br \/>\nDol\u017eina: 18 km<br \/>\nTe\u017eavnost: srednje te\u017eka<\/p>\n<\/div>\n<\/div>\n<\/div>\n","protected":false},"excerpt":{"rendered":"<p>Kolesarske poti vas vodijo do izvira Sotle, do ribnika \u017dabnik, do Tr\u0161kih gorc, na Dona\u010dko goro, v Log&#8230;<\/p>\n","protected":false},"author":5,"featured_media":51540,"parent":51865,"menu_order":19,"comment_status":"closed","ping_status":"open","template":"","meta":{"_uag_custom_page_level_css":"","footnotes":""},"class_list":["post-51844","page","type-page","status-publish","has-post-thumbnail","hentry"],"yoast_head":"<!-- This site is optimized with the Yoast SEO plugin v27.2 - https:\/\/yoast.com\/product\/yoast-seo-wordpress\/ -->\n<title>Kolesarjenje - Visit Rogatec<\/title>\n<meta name=\"robots\" content=\"index, follow, max-snippet:-1, max-image-preview:large, max-video-preview:-1\" \/>\n<link rel=\"canonical\" href=\"https:\/\/www.rogatec.si\/en\/whattodo\/narava-in-aktivni-oddih\/kolesarjenje\/\" \/>\n<meta property=\"og:locale\" content=\"en_US\" \/>\n<meta property=\"og:type\" content=\"article\" \/>\n<meta property=\"og:title\" content=\"Kolesarjenje - Visit Rogatec\" \/>\n<meta property=\"og:description\" content=\"Kolesarske poti vas vodijo do izvira Sotle, do ribnika \u017dabnik, do Tr\u0161kih gorc, na Dona\u010dko goro, v Log...\" \/>\n<meta property=\"og:url\" content=\"https:\/\/www.rogatec.si\/en\/whattodo\/narava-in-aktivni-oddih\/kolesarjenje\/\" \/>\n<meta property=\"og:site_name\" content=\"Visit Rogatec\" \/>\n<meta property=\"article:modified_time\" content=\"2015-11-21T15:27:51+00:00\" \/>\n<meta property=\"og:image\" content=\"https:\/\/www.rogatec.si\/wp-content\/uploads\/2015\/04\/hiking-ang-biking-dixi_bike_peca1-2.jpg\" \/>\n\t<meta property=\"og:image:width\" content=\"1280\" \/>\n\t<meta property=\"og:image:height\" content=\"851\" \/>\n\t<meta property=\"og:image:type\" content=\"image\/jpeg\" \/>\n<meta name=\"twitter:card\" content=\"summary_large_image\" \/>\n<meta name=\"twitter:label1\" content=\"Est. reading time\" \/>\n\t<meta name=\"twitter:data1\" content=\"1 minute\" \/>\n<script type=\"application\/ld+json\" class=\"yoast-schema-graph\">{\"@context\":\"https:\/\/schema.org\",\"@graph\":[{\"@type\":\"WebPage\",\"@id\":\"https:\/\/www.rogatec.si\/en\/whattodo\/narava-in-aktivni-oddih\/kolesarjenje\/\",\"url\":\"https:\/\/www.rogatec.si\/en\/whattodo\/narava-in-aktivni-oddih\/kolesarjenje\/\",\"name\":\"Kolesarjenje - Visit Rogatec\",\"isPartOf\":{\"@id\":\"https:\/\/www.rogatec.si\/#website\"},\"primaryImageOfPage\":{\"@id\":\"https:\/\/www.rogatec.si\/en\/whattodo\/narava-in-aktivni-oddih\/kolesarjenje\/#primaryimage\"},\"image\":{\"@id\":\"https:\/\/www.rogatec.si\/en\/whattodo\/narava-in-aktivni-oddih\/kolesarjenje\/#primaryimage\"},\"thumbnailUrl\":\"https:\/\/www.rogatec.si\/wp-content\/uploads\/2015\/04\/hiking-ang-biking-dixi_bike_peca1-2.jpg\",\"datePublished\":\"2015-04-23T12:38:45+00:00\",\"dateModified\":\"2015-11-21T15:27:51+00:00\",\"breadcrumb\":{\"@id\":\"https:\/\/www.rogatec.si\/en\/whattodo\/narava-in-aktivni-oddih\/kolesarjenje\/#breadcrumb\"},\"inLanguage\":\"en-US\",\"potentialAction\":[{\"@type\":\"ReadAction\",\"target\":[\"https:\/\/www.rogatec.si\/en\/whattodo\/narava-in-aktivni-oddih\/kolesarjenje\/\"]}]},{\"@type\":\"ImageObject\",\"inLanguage\":\"en-US\",\"@id\":\"https:\/\/www.rogatec.si\/en\/whattodo\/narava-in-aktivni-oddih\/kolesarjenje\/#primaryimage\",\"url\":\"https:\/\/www.rogatec.si\/wp-content\/uploads\/2015\/04\/hiking-ang-biking-dixi_bike_peca1-2.jpg\",\"contentUrl\":\"https:\/\/www.rogatec.si\/wp-content\/uploads\/2015\/04\/hiking-ang-biking-dixi_bike_peca1-2.jpg\",\"width\":1280,\"height\":851},{\"@type\":\"BreadcrumbList\",\"@id\":\"https:\/\/www.rogatec.si\/en\/whattodo\/narava-in-aktivni-oddih\/kolesarjenje\/#breadcrumb\",\"itemListElement\":[{\"@type\":\"ListItem\",\"position\":1,\"name\":\"Domov\",\"item\":\"https:\/\/www.rogatec.si\/en\/\"},{\"@type\":\"ListItem\",\"position\":2,\"name\":\"What to do\",\"item\":\"https:\/\/www.rogatec.si\/en\/whattodo\/\"},{\"@type\":\"ListItem\",\"position\":3,\"name\":\"Narava in aktivni oddih\",\"item\":\"https:\/\/www.rogatec.si\/en\/whattodo\/narava-in-aktivni-oddih\/\"},{\"@type\":\"ListItem\",\"position\":4,\"name\":\"Kolesarjenje\"}]},{\"@type\":\"WebSite\",\"@id\":\"https:\/\/www.rogatec.si\/#website\",\"url\":\"https:\/\/www.rogatec.si\/\",\"name\":\"Visit Rogatec\",\"description\":\"Taste the heritage\",\"publisher\":{\"@id\":\"https:\/\/www.rogatec.si\/#organization\"},\"potentialAction\":[{\"@type\":\"SearchAction\",\"target\":{\"@type\":\"EntryPoint\",\"urlTemplate\":\"https:\/\/www.rogatec.si\/?s={search_term_string}\"},\"query-input\":{\"@type\":\"PropertyValueSpecification\",\"valueRequired\":true,\"valueName\":\"search_term_string\"}}],\"inLanguage\":\"en-US\"},{\"@type\":\"Organization\",\"@id\":\"https:\/\/www.rogatec.si\/#organization\",\"name\":\"Visit Rogatec\",\"url\":\"https:\/\/www.rogatec.si\/\",\"logo\":{\"@type\":\"ImageObject\",\"inLanguage\":\"en-US\",\"@id\":\"https:\/\/www.rogatec.si\/#\/schema\/logo\/image\/\",\"url\":\"https:\/\/www.rogatec.si\/wp-content\/uploads\/2021\/01\/Rogatec_okusimo_250x80.png\",\"contentUrl\":\"https:\/\/www.rogatec.si\/wp-content\/uploads\/2021\/01\/Rogatec_okusimo_250x80.png\",\"width\":250,\"height\":80,\"caption\":\"Visit Rogatec\"},\"image\":{\"@id\":\"https:\/\/www.rogatec.si\/#\/schema\/logo\/image\/\"}}]}<\/script>\n<!-- \/ Yoast SEO plugin. -->","yoast_head_json":{"title":"Kolesarjenje - Visit Rogatec","robots":{"index":"index","follow":"follow","max-snippet":"max-snippet:-1","max-image-preview":"max-image-preview:large","max-video-preview":"max-video-preview:-1"},"canonical":"https:\/\/www.rogatec.si\/en\/whattodo\/narava-in-aktivni-oddih\/kolesarjenje\/","og_locale":"en_US","og_type":"article","og_title":"Kolesarjenje - Visit Rogatec","og_description":"Kolesarske poti vas vodijo do izvira Sotle, do ribnika \u017dabnik, do Tr\u0161kih gorc, na Dona\u010dko goro, v Log...","og_url":"https:\/\/www.rogatec.si\/en\/whattodo\/narava-in-aktivni-oddih\/kolesarjenje\/","og_site_name":"Visit Rogatec","article_modified_time":"2015-11-21T15:27:51+00:00","og_image":[{"width":1280,"height":851,"url":"https:\/\/www.rogatec.si\/wp-content\/uploads\/2015\/04\/hiking-ang-biking-dixi_bike_peca1-2.jpg","type":"image\/jpeg"}],"twitter_card":"summary_large_image","twitter_misc":{"Est. reading time":"1 minute"},"schema":{"@context":"https:\/\/schema.org","@graph":[{"@type":"WebPage","@id":"https:\/\/www.rogatec.si\/en\/whattodo\/narava-in-aktivni-oddih\/kolesarjenje\/","url":"https:\/\/www.rogatec.si\/en\/whattodo\/narava-in-aktivni-oddih\/kolesarjenje\/","name":"Kolesarjenje - Visit Rogatec","isPartOf":{"@id":"https:\/\/www.rogatec.si\/#website"},"primaryImageOfPage":{"@id":"https:\/\/www.rogatec.si\/en\/whattodo\/narava-in-aktivni-oddih\/kolesarjenje\/#primaryimage"},"image":{"@id":"https:\/\/www.rogatec.si\/en\/whattodo\/narava-in-aktivni-oddih\/kolesarjenje\/#primaryimage"},"thumbnailUrl":"https:\/\/www.rogatec.si\/wp-content\/uploads\/2015\/04\/hiking-ang-biking-dixi_bike_peca1-2.jpg","datePublished":"2015-04-23T12:38:45+00:00","dateModified":"2015-11-21T15:27:51+00:00","breadcrumb":{"@id":"https:\/\/www.rogatec.si\/en\/whattodo\/narava-in-aktivni-oddih\/kolesarjenje\/#breadcrumb"},"inLanguage":"en-US","potentialAction":[{"@type":"ReadAction","target":["https:\/\/www.rogatec.si\/en\/whattodo\/narava-in-aktivni-oddih\/kolesarjenje\/"]}]},{"@type":"ImageObject","inLanguage":"en-US","@id":"https:\/\/www.rogatec.si\/en\/whattodo\/narava-in-aktivni-oddih\/kolesarjenje\/#primaryimage","url":"https:\/\/www.rogatec.si\/wp-content\/uploads\/2015\/04\/hiking-ang-biking-dixi_bike_peca1-2.jpg","contentUrl":"https:\/\/www.rogatec.si\/wp-content\/uploads\/2015\/04\/hiking-ang-biking-dixi_bike_peca1-2.jpg","width":1280,"height":851},{"@type":"BreadcrumbList","@id":"https:\/\/www.rogatec.si\/en\/whattodo\/narava-in-aktivni-oddih\/kolesarjenje\/#breadcrumb","itemListElement":[{"@type":"ListItem","position":1,"name":"Domov","item":"https:\/\/www.rogatec.si\/en\/"},{"@type":"ListItem","position":2,"name":"What to do","item":"https:\/\/www.rogatec.si\/en\/whattodo\/"},{"@type":"ListItem","position":3,"name":"Narava in aktivni oddih","item":"https:\/\/www.rogatec.si\/en\/whattodo\/narava-in-aktivni-oddih\/"},{"@type":"ListItem","position":4,"name":"Kolesarjenje"}]},{"@type":"WebSite","@id":"https:\/\/www.rogatec.si\/#website","url":"https:\/\/www.rogatec.si\/","name":"Visit Rogatec","description":"Taste the heritage","publisher":{"@id":"https:\/\/www.rogatec.si\/#organization"},"potentialAction":[{"@type":"SearchAction","target":{"@type":"EntryPoint","urlTemplate":"https:\/\/www.rogatec.si\/?s={search_term_string}"},"query-input":{"@type":"PropertyValueSpecification","valueRequired":true,"valueName":"search_term_string"}}],"inLanguage":"en-US"},{"@type":"Organization","@id":"https:\/\/www.rogatec.si\/#organization","name":"Visit Rogatec","url":"https:\/\/www.rogatec.si\/","logo":{"@type":"ImageObject","inLanguage":"en-US","@id":"https:\/\/www.rogatec.si\/#\/schema\/logo\/image\/","url":"https:\/\/www.rogatec.si\/wp-content\/uploads\/2021\/01\/Rogatec_okusimo_250x80.png","contentUrl":"https:\/\/www.rogatec.si\/wp-content\/uploads\/2021\/01\/Rogatec_okusimo_250x80.png","width":250,"height":80,"caption":"Visit Rogatec"},"image":{"@id":"https:\/\/www.rogatec.si\/#\/schema\/logo\/image\/"}}]}},"uagb_featured_image_src":{"full":["https:\/\/www.rogatec.si\/wp-content\/uploads\/2015\/04\/hiking-ang-biking-dixi_bike_peca1-2.jpg",1280,851,false],"thumbnail":["https:\/\/www.rogatec.si\/wp-content\/uploads\/2015\/04\/hiking-ang-biking-dixi_bike_peca1-2-190x100.jpg",190,100,true],"medium":["https:\/\/www.rogatec.si\/wp-content\/uploads\/2015\/04\/hiking-ang-biking-dixi_bike_peca1-2-300x199.jpg",300,199,true],"medium_large":["https:\/\/www.rogatec.si\/wp-content\/uploads\/2015\/04\/hiking-ang-biking-dixi_bike_peca1-2.jpg",768,511,false],"large":["https:\/\/www.rogatec.si\/wp-content\/uploads\/2015\/04\/hiking-ang-biking-dixi_bike_peca1-2-1024x680.jpg",1024,680,true],"1536x1536":["https:\/\/www.rogatec.si\/wp-content\/uploads\/2015\/04\/hiking-ang-biking-dixi_bike_peca1-2.jpg",1280,851,false],"2048x2048":["https:\/\/www.rogatec.si\/wp-content\/uploads\/2015\/04\/hiking-ang-biking-dixi_bike_peca1-2.jpg",1280,851,false],"custom-image-square":["https:\/\/www.rogatec.si\/wp-content\/uploads\/2015\/04\/hiking-ang-biking-dixi_bike_peca1-2.jpg",600,399,false],"featured-medium":["https:\/\/www.rogatec.si\/wp-content\/uploads\/2015\/04\/hiking-ang-biking-dixi_bike_peca1-2.jpg",300,199,false]},"uagb_author_info":{"display_name":"Rogatec","author_link":"https:\/\/www.rogatec.si\/en\/author\/vedran72\/"},"uagb_comment_info":0,"uagb_excerpt":"Kolesarske poti vas vodijo do izvira Sotle, do ribnika \u017dabnik, do Tr\u0161kih gorc, na Dona\u010dko goro, v Log...","_links":{"self":[{"href":"https:\/\/www.rogatec.si\/en\/wp-json\/wp\/v2\/pages\/51844","targetHints":{"allow":["GET"]}}],"collection":[{"href":"https:\/\/www.rogatec.si\/en\/wp-json\/wp\/v2\/pages"}],"about":[{"href":"https:\/\/www.rogatec.si\/en\/wp-json\/wp\/v2\/types\/page"}],"author":[{"embeddable":true,"href":"https:\/\/www.rogatec.si\/en\/wp-json\/wp\/v2\/users\/5"}],"replies":[{"embeddable":true,"href":"https:\/\/www.rogatec.si\/en\/wp-json\/wp\/v2\/comments?post=51844"}],"version-history":[{"count":1,"href":"https:\/\/www.rogatec.si\/en\/wp-json\/wp\/v2\/pages\/51844\/revisions"}],"predecessor-version":[{"id":51846,"href":"https:\/\/www.rogatec.si\/en\/wp-json\/wp\/v2\/pages\/51844\/revisions\/51846"}],"up":[{"embeddable":true,"href":"https:\/\/www.rogatec.si\/en\/wp-json\/wp\/v2\/pages\/51865"}],"wp:featuredmedia":[{"embeddable":true,"href":"https:\/\/www.rogatec.si\/en\/wp-json\/wp\/v2\/media\/51540"}],"wp:attachment":[{"href":"https:\/\/www.rogatec.si\/en\/wp-json\/wp\/v2\/media?parent=51844"}],"curies":[{"name":"wp","href":"https:\/\/api.w.org\/{rel}","templated":true}]}}