{"id":51853,"date":"2015-04-23T15:17:50","date_gmt":"2015-04-23T13:17:50","guid":{"rendered":"https:\/\/www.rogatec.si\/?post_type=dt_portfolio&#038;p=51853&#038;lang=en"},"modified":"2015-11-23T11:03:56","modified_gmt":"2015-11-23T10:03:56","slug":"vinsko-turisticna-cesta","status":"publish","type":"page","link":"https:\/\/www.rogatec.si\/en\/whattodo\/narava-in-aktivni-oddih\/vinsko-turisticna-cesta\/","title":{"rendered":"Vinsko turisti\u010dna cesta"},"content":{"rendered":"<p>Glavni odsek vinske ceste, ki poteka po razvitem vinogradni\u0161kem obmo\u010dju in predstavlja povezavo med sosednjima ob\u010dinama (Roga\u0161ka Slatina in Maj\u0161perk), zajema naselja: Roga\u0161ka Slatina (Cerovec) &#8211; Tlake &#8211; Lehno &#8211; Rogatec &#8211; \u017detale.<\/p>\n<div class=\"field field-name-body field-type-text-with-summary field-label-hidden\" style=\"color: #000000;\">\n<div class=\"field-items\">\n<div class=\"field-item even\">\n<p>Stranski odcepi (kraki), ki se navezujejo na glavno cesto pa potekajo v smereh: Rogatec &#8211; Tr\u0161ka gorca, Lehno &#8211; Dona\u010dka gora (Planinski dom), Lehno &#8211; Rogatec (Muzej na prostem, dvorec Strmol).<\/p>\n<p>Poleg doma pridelane zelenjave, sadja, vina, cvetja, izdelkov doma\u010de in umetne obrti, vinska cesta ponuja tudi kulturno-etnografske zanimivosti (Muzej na prostem Rogatec, dvorec Strmol s \u010drno kuhinjo in vinoteko, trg Rogatec).<\/p>\n<p><strong>Nosilci ob vinsko turisti\u010dni poti:<\/strong><\/p>\n<ul>\n<li>Zavr\u0161ki Zdravko, Dona\u010dka Gora 10 a, 3252 Rogatec, prodaja jagod in zelenjave, +386 (0)3 582 76 70<\/li>\n<li>Poharc Anton, Tlake 12, 3252 Rogatec, prodaja jabolk, +386 (0)3 582 71 18<\/li>\n<li>Kitak Anton, Tlake 2 a, 3252 Rogatec, prodaja jabolk, tel: +386 (0)3 582 71 15<\/li>\n<li>Kitak Sre\u010dko, Dona\u010dka Gora 5, 3252 Rogatec, prodaja vina, +386 (0)3 582 73 68<\/li>\n<li>Klemen\u010di\u010d Terezija, Maistrova ulica 4, 3252 Rogatec, doma\u010da in umetna obrt: pletenje iz li\u010dja, izdelava okrasnih izdelkov iz medenega testa, +386 (0)31 607 610<\/li>\n<li>Antolinc Vida, Log 52, 3252 Rogatec, doma\u010da in umetna obrt: pletenje iz li\u010dja, +386 (0)3 \u00a0582 60 52 (lokacija nosilca je izven vinske turisti\u010dne ceste)<\/li>\n<li>Kru\u0161i\u010d Anica, Tlake 26, Rogatec, doma\u010da in umetna obrt: pletenica in okrasni izdelki iz testa<\/li>\n<li>Buk\u0161ek Anton, Ptujska cesta 14, Rogatec: prodaja medu<\/li>\n<li>Vrtnarstvo, Mikoli\u010d Marija s.p., Tr\u0161ke gorce 4, 3252 Rogatec, +386 (0)3 810 71 60<\/li>\n<li>Mesnine \u017derak, d.o.o. Strmolska ulica 9, 3252 Rogatec, +386 (0)3 818 26 70<\/li>\n<li>Muzej na prostem Rogatec, Ptujska cesta 23, 3252 Rogatec, +386 (0)3 818 62 00<\/li>\n<li>Planinski dom, Rudijev dom, Dona\u010dka Gora 32 a, 3252 Rogatec, +386 (0)3 582 79 79<\/li>\n<\/ul>\n<\/div>\n<\/div>\n<\/div>\n","protected":false},"excerpt":{"rendered":"<p>Glavni odsek vinske ceste poteka po razvitem vinogradni\u0161kem obmo\u010dju in predstavlja povezavo med sosednjima ob\u010dinama Roga\u0161ka Slatina in Maj\u0161perk.<\/p>\n","protected":false},"author":5,"featured_media":51542,"parent":51865,"menu_order":22,"comment_status":"closed","ping_status":"open","template":"","meta":{"_uag_custom_page_level_css":"","footnotes":""},"class_list":["post-51853","page","type-page","status-publish","has-post-thumbnail","hentry"],"yoast_head":"<!-- This site is optimized with the Yoast SEO plugin v27.2 - https:\/\/yoast.com\/product\/yoast-seo-wordpress\/ -->\n<title>Vinsko turisti\u010dna cesta - Visit Rogatec<\/title>\n<meta name=\"robots\" content=\"index, follow, max-snippet:-1, max-image-preview:large, max-video-preview:-1\" \/>\n<link rel=\"canonical\" href=\"https:\/\/www.rogatec.si\/en\/whattodo\/narava-in-aktivni-oddih\/vinsko-turisticna-cesta\/\" \/>\n<meta property=\"og:locale\" content=\"en_US\" \/>\n<meta property=\"og:type\" content=\"article\" \/>\n<meta property=\"og:title\" content=\"Vinsko turisti\u010dna cesta - Visit Rogatec\" \/>\n<meta property=\"og:description\" content=\"Glavni odsek vinske ceste poteka po razvitem vinogradni\u0161kem obmo\u010dju in predstavlja povezavo med sosednjima ob\u010dinama Roga\u0161ka Slatina in Maj\u0161perk.\" \/>\n<meta property=\"og:url\" content=\"https:\/\/www.rogatec.si\/en\/whattodo\/narava-in-aktivni-oddih\/vinsko-turisticna-cesta\/\" \/>\n<meta property=\"og:site_name\" content=\"Visit Rogatec\" \/>\n<meta property=\"article:modified_time\" content=\"2015-11-23T10:03:56+00:00\" \/>\n<meta property=\"og:image\" content=\"https:\/\/www.rogatec.si\/wp-content\/uploads\/2015\/04\/08_belec_1_146302.jpg\" \/>\n\t<meta property=\"og:image:width\" content=\"600\" \/>\n\t<meta property=\"og:image:height\" content=\"450\" \/>\n\t<meta property=\"og:image:type\" content=\"image\/jpeg\" \/>\n<meta name=\"twitter:card\" content=\"summary_large_image\" \/>\n<meta name=\"twitter:label1\" content=\"Est. reading time\" \/>\n\t<meta name=\"twitter:data1\" content=\"1 minute\" \/>\n<script type=\"application\/ld+json\" class=\"yoast-schema-graph\">{\"@context\":\"https:\/\/schema.org\",\"@graph\":[{\"@type\":\"WebPage\",\"@id\":\"https:\/\/www.rogatec.si\/en\/whattodo\/narava-in-aktivni-oddih\/vinsko-turisticna-cesta\/\",\"url\":\"https:\/\/www.rogatec.si\/en\/whattodo\/narava-in-aktivni-oddih\/vinsko-turisticna-cesta\/\",\"name\":\"Vinsko turisti\u010dna cesta - Visit Rogatec\",\"isPartOf\":{\"@id\":\"https:\/\/www.rogatec.si\/#website\"},\"primaryImageOfPage\":{\"@id\":\"https:\/\/www.rogatec.si\/en\/whattodo\/narava-in-aktivni-oddih\/vinsko-turisticna-cesta\/#primaryimage\"},\"image\":{\"@id\":\"https:\/\/www.rogatec.si\/en\/whattodo\/narava-in-aktivni-oddih\/vinsko-turisticna-cesta\/#primaryimage\"},\"thumbnailUrl\":\"https:\/\/www.rogatec.si\/wp-content\/uploads\/2015\/04\/08_belec_1_146302.jpg\",\"datePublished\":\"2015-04-23T13:17:50+00:00\",\"dateModified\":\"2015-11-23T10:03:56+00:00\",\"breadcrumb\":{\"@id\":\"https:\/\/www.rogatec.si\/en\/whattodo\/narava-in-aktivni-oddih\/vinsko-turisticna-cesta\/#breadcrumb\"},\"inLanguage\":\"en-US\",\"potentialAction\":[{\"@type\":\"ReadAction\",\"target\":[\"https:\/\/www.rogatec.si\/en\/whattodo\/narava-in-aktivni-oddih\/vinsko-turisticna-cesta\/\"]}]},{\"@type\":\"ImageObject\",\"inLanguage\":\"en-US\",\"@id\":\"https:\/\/www.rogatec.si\/en\/whattodo\/narava-in-aktivni-oddih\/vinsko-turisticna-cesta\/#primaryimage\",\"url\":\"https:\/\/www.rogatec.si\/wp-content\/uploads\/2015\/04\/08_belec_1_146302.jpg\",\"contentUrl\":\"https:\/\/www.rogatec.si\/wp-content\/uploads\/2015\/04\/08_belec_1_146302.jpg\",\"width\":600,\"height\":450,\"caption\":\"Iz vinograda\"},{\"@type\":\"BreadcrumbList\",\"@id\":\"https:\/\/www.rogatec.si\/en\/whattodo\/narava-in-aktivni-oddih\/vinsko-turisticna-cesta\/#breadcrumb\",\"itemListElement\":[{\"@type\":\"ListItem\",\"position\":1,\"name\":\"Domov\",\"item\":\"https:\/\/www.rogatec.si\/en\/\"},{\"@type\":\"ListItem\",\"position\":2,\"name\":\"What to do\",\"item\":\"https:\/\/www.rogatec.si\/en\/whattodo\/\"},{\"@type\":\"ListItem\",\"position\":3,\"name\":\"Narava in aktivni oddih\",\"item\":\"https:\/\/www.rogatec.si\/en\/whattodo\/narava-in-aktivni-oddih\/\"},{\"@type\":\"ListItem\",\"position\":4,\"name\":\"Vinsko turisti\u010dna cesta\"}]},{\"@type\":\"WebSite\",\"@id\":\"https:\/\/www.rogatec.si\/#website\",\"url\":\"https:\/\/www.rogatec.si\/\",\"name\":\"Visit Rogatec\",\"description\":\"Taste the heritage\",\"publisher\":{\"@id\":\"https:\/\/www.rogatec.si\/#organization\"},\"potentialAction\":[{\"@type\":\"SearchAction\",\"target\":{\"@type\":\"EntryPoint\",\"urlTemplate\":\"https:\/\/www.rogatec.si\/?s={search_term_string}\"},\"query-input\":{\"@type\":\"PropertyValueSpecification\",\"valueRequired\":true,\"valueName\":\"search_term_string\"}}],\"inLanguage\":\"en-US\"},{\"@type\":\"Organization\",\"@id\":\"https:\/\/www.rogatec.si\/#organization\",\"name\":\"Visit Rogatec\",\"url\":\"https:\/\/www.rogatec.si\/\",\"logo\":{\"@type\":\"ImageObject\",\"inLanguage\":\"en-US\",\"@id\":\"https:\/\/www.rogatec.si\/#\/schema\/logo\/image\/\",\"url\":\"https:\/\/www.rogatec.si\/wp-content\/uploads\/2021\/01\/Rogatec_okusimo_250x80.png\",\"contentUrl\":\"https:\/\/www.rogatec.si\/wp-content\/uploads\/2021\/01\/Rogatec_okusimo_250x80.png\",\"width\":250,\"height\":80,\"caption\":\"Visit Rogatec\"},\"image\":{\"@id\":\"https:\/\/www.rogatec.si\/#\/schema\/logo\/image\/\"}}]}<\/script>\n<!-- \/ Yoast SEO plugin. -->","yoast_head_json":{"title":"Vinsko turisti\u010dna cesta - Visit Rogatec","robots":{"index":"index","follow":"follow","max-snippet":"max-snippet:-1","max-image-preview":"max-image-preview:large","max-video-preview":"max-video-preview:-1"},"canonical":"https:\/\/www.rogatec.si\/en\/whattodo\/narava-in-aktivni-oddih\/vinsko-turisticna-cesta\/","og_locale":"en_US","og_type":"article","og_title":"Vinsko turisti\u010dna cesta - Visit Rogatec","og_description":"Glavni odsek vinske ceste poteka po razvitem vinogradni\u0161kem obmo\u010dju in predstavlja povezavo med sosednjima ob\u010dinama Roga\u0161ka Slatina in Maj\u0161perk.","og_url":"https:\/\/www.rogatec.si\/en\/whattodo\/narava-in-aktivni-oddih\/vinsko-turisticna-cesta\/","og_site_name":"Visit Rogatec","article_modified_time":"2015-11-23T10:03:56+00:00","og_image":[{"width":600,"height":450,"url":"https:\/\/www.rogatec.si\/wp-content\/uploads\/2015\/04\/08_belec_1_146302.jpg","type":"image\/jpeg"}],"twitter_card":"summary_large_image","twitter_misc":{"Est. reading time":"1 minute"},"schema":{"@context":"https:\/\/schema.org","@graph":[{"@type":"WebPage","@id":"https:\/\/www.rogatec.si\/en\/whattodo\/narava-in-aktivni-oddih\/vinsko-turisticna-cesta\/","url":"https:\/\/www.rogatec.si\/en\/whattodo\/narava-in-aktivni-oddih\/vinsko-turisticna-cesta\/","name":"Vinsko turisti\u010dna cesta - Visit Rogatec","isPartOf":{"@id":"https:\/\/www.rogatec.si\/#website"},"primaryImageOfPage":{"@id":"https:\/\/www.rogatec.si\/en\/whattodo\/narava-in-aktivni-oddih\/vinsko-turisticna-cesta\/#primaryimage"},"image":{"@id":"https:\/\/www.rogatec.si\/en\/whattodo\/narava-in-aktivni-oddih\/vinsko-turisticna-cesta\/#primaryimage"},"thumbnailUrl":"https:\/\/www.rogatec.si\/wp-content\/uploads\/2015\/04\/08_belec_1_146302.jpg","datePublished":"2015-04-23T13:17:50+00:00","dateModified":"2015-11-23T10:03:56+00:00","breadcrumb":{"@id":"https:\/\/www.rogatec.si\/en\/whattodo\/narava-in-aktivni-oddih\/vinsko-turisticna-cesta\/#breadcrumb"},"inLanguage":"en-US","potentialAction":[{"@type":"ReadAction","target":["https:\/\/www.rogatec.si\/en\/whattodo\/narava-in-aktivni-oddih\/vinsko-turisticna-cesta\/"]}]},{"@type":"ImageObject","inLanguage":"en-US","@id":"https:\/\/www.rogatec.si\/en\/whattodo\/narava-in-aktivni-oddih\/vinsko-turisticna-cesta\/#primaryimage","url":"https:\/\/www.rogatec.si\/wp-content\/uploads\/2015\/04\/08_belec_1_146302.jpg","contentUrl":"https:\/\/www.rogatec.si\/wp-content\/uploads\/2015\/04\/08_belec_1_146302.jpg","width":600,"height":450,"caption":"Iz vinograda"},{"@type":"BreadcrumbList","@id":"https:\/\/www.rogatec.si\/en\/whattodo\/narava-in-aktivni-oddih\/vinsko-turisticna-cesta\/#breadcrumb","itemListElement":[{"@type":"ListItem","position":1,"name":"Domov","item":"https:\/\/www.rogatec.si\/en\/"},{"@type":"ListItem","position":2,"name":"What to do","item":"https:\/\/www.rogatec.si\/en\/whattodo\/"},{"@type":"ListItem","position":3,"name":"Narava in aktivni oddih","item":"https:\/\/www.rogatec.si\/en\/whattodo\/narava-in-aktivni-oddih\/"},{"@type":"ListItem","position":4,"name":"Vinsko turisti\u010dna cesta"}]},{"@type":"WebSite","@id":"https:\/\/www.rogatec.si\/#website","url":"https:\/\/www.rogatec.si\/","name":"Visit Rogatec","description":"Taste the heritage","publisher":{"@id":"https:\/\/www.rogatec.si\/#organization"},"potentialAction":[{"@type":"SearchAction","target":{"@type":"EntryPoint","urlTemplate":"https:\/\/www.rogatec.si\/?s={search_term_string}"},"query-input":{"@type":"PropertyValueSpecification","valueRequired":true,"valueName":"search_term_string"}}],"inLanguage":"en-US"},{"@type":"Organization","@id":"https:\/\/www.rogatec.si\/#organization","name":"Visit Rogatec","url":"https:\/\/www.rogatec.si\/","logo":{"@type":"ImageObject","inLanguage":"en-US","@id":"https:\/\/www.rogatec.si\/#\/schema\/logo\/image\/","url":"https:\/\/www.rogatec.si\/wp-content\/uploads\/2021\/01\/Rogatec_okusimo_250x80.png","contentUrl":"https:\/\/www.rogatec.si\/wp-content\/uploads\/2021\/01\/Rogatec_okusimo_250x80.png","width":250,"height":80,"caption":"Visit Rogatec"},"image":{"@id":"https:\/\/www.rogatec.si\/#\/schema\/logo\/image\/"}}]}},"uagb_featured_image_src":{"full":["https:\/\/www.rogatec.si\/wp-content\/uploads\/2015\/04\/08_belec_1_146302.jpg",600,450,false],"thumbnail":["https:\/\/www.rogatec.si\/wp-content\/uploads\/2015\/04\/08_belec_1_146302-190x100.jpg",190,100,true],"medium":["https:\/\/www.rogatec.si\/wp-content\/uploads\/2015\/04\/08_belec_1_146302-300x225.jpg",300,225,true],"medium_large":["https:\/\/www.rogatec.si\/wp-content\/uploads\/2015\/04\/08_belec_1_146302.jpg",600,450,false],"large":["https:\/\/www.rogatec.si\/wp-content\/uploads\/2015\/04\/08_belec_1_146302.jpg",600,450,false],"1536x1536":["https:\/\/www.rogatec.si\/wp-content\/uploads\/2015\/04\/08_belec_1_146302.jpg",600,450,false],"2048x2048":["https:\/\/www.rogatec.si\/wp-content\/uploads\/2015\/04\/08_belec_1_146302.jpg",600,450,false],"custom-image-square":["https:\/\/www.rogatec.si\/wp-content\/uploads\/2015\/04\/08_belec_1_146302.jpg",600,450,false],"featured-medium":["https:\/\/www.rogatec.si\/wp-content\/uploads\/2015\/04\/08_belec_1_146302.jpg",300,225,false]},"uagb_author_info":{"display_name":"Rogatec","author_link":"https:\/\/www.rogatec.si\/en\/author\/vedran72\/"},"uagb_comment_info":0,"uagb_excerpt":"Glavni odsek vinske ceste poteka po razvitem vinogradni\u0161kem obmo\u010dju in predstavlja povezavo med sosednjima ob\u010dinama Roga\u0161ka Slatina in Maj\u0161perk.","_links":{"self":[{"href":"https:\/\/www.rogatec.si\/en\/wp-json\/wp\/v2\/pages\/51853","targetHints":{"allow":["GET"]}}],"collection":[{"href":"https:\/\/www.rogatec.si\/en\/wp-json\/wp\/v2\/pages"}],"about":[{"href":"https:\/\/www.rogatec.si\/en\/wp-json\/wp\/v2\/types\/page"}],"author":[{"embeddable":true,"href":"https:\/\/www.rogatec.si\/en\/wp-json\/wp\/v2\/users\/5"}],"replies":[{"embeddable":true,"href":"https:\/\/www.rogatec.si\/en\/wp-json\/wp\/v2\/comments?post=51853"}],"version-history":[{"count":1,"href":"https:\/\/www.rogatec.si\/en\/wp-json\/wp\/v2\/pages\/51853\/revisions"}],"predecessor-version":[{"id":51854,"href":"https:\/\/www.rogatec.si\/en\/wp-json\/wp\/v2\/pages\/51853\/revisions\/51854"}],"up":[{"embeddable":true,"href":"https:\/\/www.rogatec.si\/en\/wp-json\/wp\/v2\/pages\/51865"}],"wp:featuredmedia":[{"embeddable":true,"href":"https:\/\/www.rogatec.si\/en\/wp-json\/wp\/v2\/media\/51542"}],"wp:attachment":[{"href":"https:\/\/www.rogatec.si\/en\/wp-json\/wp\/v2\/media?parent=51853"}],"curies":[{"name":"wp","href":"https:\/\/api.w.org\/{rel}","templated":true}]}}