{"id":51865,"date":"2013-12-15T14:36:17","date_gmt":"2013-12-15T13:36:17","guid":{"rendered":"https:\/\/www.rogatec.si\/kaj-poceti\/narava-in-aktivni-oddih\/?lang=en"},"modified":"2021-01-03T19:01:34","modified_gmt":"2021-01-03T18:01:34","slug":"narava-in-aktivni-oddih","status":"publish","type":"page","link":"https:\/\/www.rogatec.si\/en\/whattodo\/narava-in-aktivni-oddih\/","title":{"rendered":"Narava in aktivni oddih"},"content":{"rendered":"        <div class=\"wp-block-getwid-custom-post-type custom-post-type-page has-layout-grid\">\n            <div class=\"wp-block-getwid-custom-post-type__wrapper getwid-columns getwid-columns-3\">\n                \t\t\t\t\t\t\t\t<div class='wp-block-getwid-custom-post-type__post'>\n\t\t\t\t\t\t\t\t\t\n<div class=\"wp-block-getwid-template-post-featured-image\" >\n            <a href=\"https:\/\/www.rogatec.si\/en\/whattodo\/narava-in-aktivni-oddih\/pohodnistvo\/\">\n        <img decoding=\"async\" width=\"300\" height=\"145\" data-src=\"https:\/\/www.rogatec.si\/wp-content\/uploads\/2015\/04\/26030137-300x145.jpg\" class=\"attachment-medium size-medium wp-post-image lazyload\" alt=\"Pohodni\u0161tvo\" data-srcset=\"https:\/\/www.rogatec.si\/wp-content\/uploads\/2015\/04\/26030137-300x145.jpg 300w, https:\/\/www.rogatec.si\/wp-content\/uploads\/2015\/04\/26030137-100x48.jpg 100w, https:\/\/www.rogatec.si\/wp-content\/uploads\/2015\/04\/26030137.jpg 1024w\" data-sizes=\"(max-width: 300px) 100vw, 300px\" src=\"data:image\/svg+xml;base64,PHN2ZyB3aWR0aD0iMSIgaGVpZ2h0PSIxIiB4bWxucz0iaHR0cDovL3d3dy53My5vcmcvMjAwMC9zdmciPjwvc3ZnPg==\" style=\"--smush-placeholder-width: 300px; --smush-placeholder-aspect-ratio: 300\/145;\" \/>            <\/a>\n    <\/div>\n\n\n\n<h3 class=\"wp-block-getwid-template-post-title\"><a class=\"wp-block-getwid-template-post-title__link\" href=\"https:\/\/www.rogatec.si\/en\/whattodo\/narava-in-aktivni-oddih\/pohodnistvo\/\">Pohodni\u0161tvo<\/a><\/h3>\n\n\n<div class=\"wp-block-getwid-template-post-content is-excerpt\" ><p>Podajte se na poti polne novih do\u017eivetij in naravnih lepot. V Rogatcu so vam na voljo \u0161tevilne urejene in&hellip;<\/p><\/div>\n\n\n\n<div class=\"wp-block-getwid-template-post-button wp-block-button\" >\n    <a href=\"https:\/\/www.rogatec.si\/en\/whattodo\/narava-in-aktivni-oddih\/pohodnistvo\/\"  class=\"wp-block-button__link\" >\n\t\tPreberi ve\u010d\t<\/a>\n<\/div>\n\n\n\n<hr class=\"wp-block-separator has-css-opacity is-style-wide\"\/>\n\t\t\t\t\t\t\t\t<\/div>\n\t\t\t\t\t\t\t\t\t\t\t\t\t\t\t<div class='wp-block-getwid-custom-post-type__post'>\n\t\t\t\t\t\t\t\t\t\n<div class=\"wp-block-getwid-template-post-featured-image\" >\n            <a href=\"https:\/\/www.rogatec.si\/en\/whattodo\/narava-in-aktivni-oddih\/kolesarjenje\/\">\n        <img decoding=\"async\" width=\"300\" height=\"199\" data-src=\"https:\/\/www.rogatec.si\/wp-content\/uploads\/2015\/04\/hiking-ang-biking-dixi_bike_peca1-2-300x199.jpg\" class=\"attachment-medium size-medium wp-post-image lazyload\" alt=\"Kolesarjenje\" data-srcset=\"https:\/\/www.rogatec.si\/wp-content\/uploads\/2015\/04\/hiking-ang-biking-dixi_bike_peca1-2-300x199.jpg 300w, https:\/\/www.rogatec.si\/wp-content\/uploads\/2015\/04\/hiking-ang-biking-dixi_bike_peca1-2-1024x680.jpg 1024w, https:\/\/www.rogatec.si\/wp-content\/uploads\/2015\/04\/hiking-ang-biking-dixi_bike_peca1-2-100x66.jpg 100w, https:\/\/www.rogatec.si\/wp-content\/uploads\/2015\/04\/hiking-ang-biking-dixi_bike_peca1-2.jpg 1280w\" data-sizes=\"(max-width: 300px) 100vw, 300px\" src=\"data:image\/svg+xml;base64,PHN2ZyB3aWR0aD0iMSIgaGVpZ2h0PSIxIiB4bWxucz0iaHR0cDovL3d3dy53My5vcmcvMjAwMC9zdmciPjwvc3ZnPg==\" style=\"--smush-placeholder-width: 300px; --smush-placeholder-aspect-ratio: 300\/199;\" \/>            <\/a>\n    <\/div>\n\n\n\n<h3 class=\"wp-block-getwid-template-post-title\"><a class=\"wp-block-getwid-template-post-title__link\" href=\"https:\/\/www.rogatec.si\/en\/whattodo\/narava-in-aktivni-oddih\/kolesarjenje\/\">Kolesarjenje<\/a><\/h3>\n\n\n<div class=\"wp-block-getwid-template-post-content is-excerpt\" ><p>Kolesarske poti vas vodijo do izvira Sotle, do ribnika \u017dabnik, do Tr\u0161kih gorc, na Dona\u010dko goro, v Log&#8230;<\/p><\/div>\n\n\n\n<div class=\"wp-block-getwid-template-post-button wp-block-button\" >\n    <a href=\"https:\/\/www.rogatec.si\/en\/whattodo\/narava-in-aktivni-oddih\/kolesarjenje\/\"  class=\"wp-block-button__link\" >\n\t\tPreberi ve\u010d\t<\/a>\n<\/div>\n\n\n\n<hr class=\"wp-block-separator has-css-opacity is-style-wide\"\/>\n\t\t\t\t\t\t\t\t<\/div>\n\t\t\t\t\t\t\t\t\t\t\t\t\t\t\t<div class='wp-block-getwid-custom-post-type__post'>\n\t\t\t\t\t\t\t\t\t\n<div class=\"wp-block-getwid-template-post-featured-image\" >\n            <a href=\"https:\/\/www.rogatec.si\/en\/whattodo\/narava-in-aktivni-oddih\/vinsko-turisticna-cesta\/\">\n        <img decoding=\"async\" width=\"300\" height=\"225\" data-src=\"https:\/\/www.rogatec.si\/wp-content\/uploads\/2015\/04\/08_belec_1_146302-300x225.jpg\" class=\"attachment-medium size-medium wp-post-image lazyload\" alt=\"Vinsko turisti\u010dna cesta\" data-srcset=\"https:\/\/www.rogatec.si\/wp-content\/uploads\/2015\/04\/08_belec_1_146302-300x225.jpg 300w, https:\/\/www.rogatec.si\/wp-content\/uploads\/2015\/04\/08_belec_1_146302-100x75.jpg 100w, https:\/\/www.rogatec.si\/wp-content\/uploads\/2015\/04\/08_belec_1_146302.jpg 600w\" data-sizes=\"(max-width: 300px) 100vw, 300px\" src=\"data:image\/svg+xml;base64,PHN2ZyB3aWR0aD0iMSIgaGVpZ2h0PSIxIiB4bWxucz0iaHR0cDovL3d3dy53My5vcmcvMjAwMC9zdmciPjwvc3ZnPg==\" style=\"--smush-placeholder-width: 300px; --smush-placeholder-aspect-ratio: 300\/225;\" \/>            <\/a>\n    <\/div>\n\n\n\n<h3 class=\"wp-block-getwid-template-post-title\"><a class=\"wp-block-getwid-template-post-title__link\" href=\"https:\/\/www.rogatec.si\/en\/whattodo\/narava-in-aktivni-oddih\/vinsko-turisticna-cesta\/\">Vinsko turisti\u010dna cesta<\/a><\/h3>\n\n\n<div class=\"wp-block-getwid-template-post-content is-excerpt\" ><p>Glavni odsek vinske ceste poteka po razvitem vinogradni\u0161kem obmo\u010dju in predstavlja povezavo med sosednjima ob\u010dinama Roga\u0161ka Slatina in Maj\u0161perk.<\/p><\/div>\n\n\n\n<div class=\"wp-block-getwid-template-post-button wp-block-button\" >\n    <a href=\"https:\/\/www.rogatec.si\/en\/whattodo\/narava-in-aktivni-oddih\/vinsko-turisticna-cesta\/\"  class=\"wp-block-button__link\" >\n\t\tPreberi ve\u010d\t<\/a>\n<\/div>\n\n\n\n<hr class=\"wp-block-separator has-css-opacity is-style-wide\"\/>\n\t\t\t\t\t\t\t\t<\/div>\n\t\t\t\t\t\t\t            <\/div>\n\n                    <\/div>\n        ","protected":false},"excerpt":{"rendered":"","protected":false},"author":5,"featured_media":0,"parent":51818,"menu_order":27,"comment_status":"closed","ping_status":"open","template":"template-portfolio-masonry.php","meta":{"_uag_custom_page_level_css":"","footnotes":""},"class_list":["post-51865","page","type-page","status-publish","hentry"],"yoast_head":"<!-- This site is optimized with the Yoast SEO plugin v27.2 - https:\/\/yoast.com\/product\/yoast-seo-wordpress\/ -->\n<title>Narava in aktivni oddih - Visit Rogatec<\/title>\n<meta name=\"robots\" content=\"index, follow, max-snippet:-1, max-image-preview:large, max-video-preview:-1\" \/>\n<link rel=\"canonical\" href=\"https:\/\/www.rogatec.si\/en\/whattodo\/narava-in-aktivni-oddih\/\" \/>\n<meta property=\"og:locale\" content=\"en_US\" \/>\n<meta property=\"og:type\" content=\"article\" \/>\n<meta property=\"og:title\" content=\"Narava in aktivni oddih - Visit Rogatec\" \/>\n<meta property=\"og:url\" content=\"https:\/\/www.rogatec.si\/en\/whattodo\/narava-in-aktivni-oddih\/\" \/>\n<meta property=\"og:site_name\" content=\"Visit Rogatec\" \/>\n<meta property=\"article:modified_time\" content=\"2021-01-03T18:01:34+00:00\" \/>\n<meta name=\"twitter:card\" content=\"summary_large_image\" \/>\n<script type=\"application\/ld+json\" class=\"yoast-schema-graph\">{\"@context\":\"https:\/\/schema.org\",\"@graph\":[{\"@type\":\"WebPage\",\"@id\":\"https:\/\/www.rogatec.si\/en\/whattodo\/narava-in-aktivni-oddih\/\",\"url\":\"https:\/\/www.rogatec.si\/en\/whattodo\/narava-in-aktivni-oddih\/\",\"name\":\"Narava in aktivni oddih - Visit Rogatec\",\"isPartOf\":{\"@id\":\"https:\/\/www.rogatec.si\/#website\"},\"datePublished\":\"2013-12-15T13:36:17+00:00\",\"dateModified\":\"2021-01-03T18:01:34+00:00\",\"breadcrumb\":{\"@id\":\"https:\/\/www.rogatec.si\/en\/whattodo\/narava-in-aktivni-oddih\/#breadcrumb\"},\"inLanguage\":\"en-US\",\"potentialAction\":[{\"@type\":\"ReadAction\",\"target\":[\"https:\/\/www.rogatec.si\/en\/whattodo\/narava-in-aktivni-oddih\/\"]}]},{\"@type\":\"BreadcrumbList\",\"@id\":\"https:\/\/www.rogatec.si\/en\/whattodo\/narava-in-aktivni-oddih\/#breadcrumb\",\"itemListElement\":[{\"@type\":\"ListItem\",\"position\":1,\"name\":\"Domov\",\"item\":\"https:\/\/www.rogatec.si\/en\/\"},{\"@type\":\"ListItem\",\"position\":2,\"name\":\"What to do\",\"item\":\"https:\/\/www.rogatec.si\/en\/whattodo\/\"},{\"@type\":\"ListItem\",\"position\":3,\"name\":\"Narava in aktivni oddih\"}]},{\"@type\":\"WebSite\",\"@id\":\"https:\/\/www.rogatec.si\/#website\",\"url\":\"https:\/\/www.rogatec.si\/\",\"name\":\"Visit Rogatec\",\"description\":\"Taste the heritage\",\"publisher\":{\"@id\":\"https:\/\/www.rogatec.si\/#organization\"},\"potentialAction\":[{\"@type\":\"SearchAction\",\"target\":{\"@type\":\"EntryPoint\",\"urlTemplate\":\"https:\/\/www.rogatec.si\/?s={search_term_string}\"},\"query-input\":{\"@type\":\"PropertyValueSpecification\",\"valueRequired\":true,\"valueName\":\"search_term_string\"}}],\"inLanguage\":\"en-US\"},{\"@type\":\"Organization\",\"@id\":\"https:\/\/www.rogatec.si\/#organization\",\"name\":\"Visit Rogatec\",\"url\":\"https:\/\/www.rogatec.si\/\",\"logo\":{\"@type\":\"ImageObject\",\"inLanguage\":\"en-US\",\"@id\":\"https:\/\/www.rogatec.si\/#\/schema\/logo\/image\/\",\"url\":\"https:\/\/www.rogatec.si\/wp-content\/uploads\/2021\/01\/Rogatec_okusimo_250x80.png\",\"contentUrl\":\"https:\/\/www.rogatec.si\/wp-content\/uploads\/2021\/01\/Rogatec_okusimo_250x80.png\",\"width\":250,\"height\":80,\"caption\":\"Visit Rogatec\"},\"image\":{\"@id\":\"https:\/\/www.rogatec.si\/#\/schema\/logo\/image\/\"}}]}<\/script>\n<!-- \/ Yoast SEO plugin. -->","yoast_head_json":{"title":"Narava in aktivni oddih - Visit Rogatec","robots":{"index":"index","follow":"follow","max-snippet":"max-snippet:-1","max-image-preview":"max-image-preview:large","max-video-preview":"max-video-preview:-1"},"canonical":"https:\/\/www.rogatec.si\/en\/whattodo\/narava-in-aktivni-oddih\/","og_locale":"en_US","og_type":"article","og_title":"Narava in aktivni oddih - Visit Rogatec","og_url":"https:\/\/www.rogatec.si\/en\/whattodo\/narava-in-aktivni-oddih\/","og_site_name":"Visit Rogatec","article_modified_time":"2021-01-03T18:01:34+00:00","twitter_card":"summary_large_image","schema":{"@context":"https:\/\/schema.org","@graph":[{"@type":"WebPage","@id":"https:\/\/www.rogatec.si\/en\/whattodo\/narava-in-aktivni-oddih\/","url":"https:\/\/www.rogatec.si\/en\/whattodo\/narava-in-aktivni-oddih\/","name":"Narava in aktivni oddih - Visit Rogatec","isPartOf":{"@id":"https:\/\/www.rogatec.si\/#website"},"datePublished":"2013-12-15T13:36:17+00:00","dateModified":"2021-01-03T18:01:34+00:00","breadcrumb":{"@id":"https:\/\/www.rogatec.si\/en\/whattodo\/narava-in-aktivni-oddih\/#breadcrumb"},"inLanguage":"en-US","potentialAction":[{"@type":"ReadAction","target":["https:\/\/www.rogatec.si\/en\/whattodo\/narava-in-aktivni-oddih\/"]}]},{"@type":"BreadcrumbList","@id":"https:\/\/www.rogatec.si\/en\/whattodo\/narava-in-aktivni-oddih\/#breadcrumb","itemListElement":[{"@type":"ListItem","position":1,"name":"Domov","item":"https:\/\/www.rogatec.si\/en\/"},{"@type":"ListItem","position":2,"name":"What to do","item":"https:\/\/www.rogatec.si\/en\/whattodo\/"},{"@type":"ListItem","position":3,"name":"Narava in aktivni oddih"}]},{"@type":"WebSite","@id":"https:\/\/www.rogatec.si\/#website","url":"https:\/\/www.rogatec.si\/","name":"Visit Rogatec","description":"Taste the heritage","publisher":{"@id":"https:\/\/www.rogatec.si\/#organization"},"potentialAction":[{"@type":"SearchAction","target":{"@type":"EntryPoint","urlTemplate":"https:\/\/www.rogatec.si\/?s={search_term_string}"},"query-input":{"@type":"PropertyValueSpecification","valueRequired":true,"valueName":"search_term_string"}}],"inLanguage":"en-US"},{"@type":"Organization","@id":"https:\/\/www.rogatec.si\/#organization","name":"Visit Rogatec","url":"https:\/\/www.rogatec.si\/","logo":{"@type":"ImageObject","inLanguage":"en-US","@id":"https:\/\/www.rogatec.si\/#\/schema\/logo\/image\/","url":"https:\/\/www.rogatec.si\/wp-content\/uploads\/2021\/01\/Rogatec_okusimo_250x80.png","contentUrl":"https:\/\/www.rogatec.si\/wp-content\/uploads\/2021\/01\/Rogatec_okusimo_250x80.png","width":250,"height":80,"caption":"Visit Rogatec"},"image":{"@id":"https:\/\/www.rogatec.si\/#\/schema\/logo\/image\/"}}]}},"uagb_featured_image_src":{"full":false,"thumbnail":false,"medium":false,"medium_large":false,"large":false,"1536x1536":false,"2048x2048":false,"custom-image-square":false,"featured-medium":false},"uagb_author_info":{"display_name":"Rogatec","author_link":"https:\/\/www.rogatec.si\/en\/author\/vedran72\/"},"uagb_comment_info":0,"uagb_excerpt":null,"_links":{"self":[{"href":"https:\/\/www.rogatec.si\/en\/wp-json\/wp\/v2\/pages\/51865","targetHints":{"allow":["GET"]}}],"collection":[{"href":"https:\/\/www.rogatec.si\/en\/wp-json\/wp\/v2\/pages"}],"about":[{"href":"https:\/\/www.rogatec.si\/en\/wp-json\/wp\/v2\/types\/page"}],"author":[{"embeddable":true,"href":"https:\/\/www.rogatec.si\/en\/wp-json\/wp\/v2\/users\/5"}],"replies":[{"embeddable":true,"href":"https:\/\/www.rogatec.si\/en\/wp-json\/wp\/v2\/comments?post=51865"}],"version-history":[{"count":1,"href":"https:\/\/www.rogatec.si\/en\/wp-json\/wp\/v2\/pages\/51865\/revisions"}],"predecessor-version":[{"id":52076,"href":"https:\/\/www.rogatec.si\/en\/wp-json\/wp\/v2\/pages\/51865\/revisions\/52076"}],"up":[{"embeddable":true,"href":"https:\/\/www.rogatec.si\/en\/wp-json\/wp\/v2\/pages\/51818"}],"wp:attachment":[{"href":"https:\/\/www.rogatec.si\/en\/wp-json\/wp\/v2\/media?parent=51865"}],"curies":[{"name":"wp","href":"https:\/\/api.w.org\/{rel}","templated":true}]}}