{"id":51867,"date":"2013-12-04T07:01:40","date_gmt":"2013-12-04T06:01:40","guid":{"rendered":"https:\/\/www.rogatec.si\/project\/gozdni-rezervat-log-ob-sotli\/?lang=en"},"modified":"2021-01-02T21:15:38","modified_gmt":"2021-01-02T20:15:38","slug":"gozdni-rezervat-log-ob-sotli","status":"publish","type":"page","link":"https:\/\/www.rogatec.si\/en\/gozdni-rezervat-log-ob-sotli\/","title":{"rendered":"Gozdni rezervat Log ob Sotli"},"content":{"rendered":"<p>Gozdni rezervat zavzema pobo\u010dje od dna doline vse do vrha pobo\u010dja nad to dolino. Izlo\u010den je kot predstavnik bukovih in hrastovih gozdov subpanonskega podro\u010dja.<\/p>\n","protected":false},"excerpt":{"rendered":"<p>Gozdni rezervat zavzema pobo\u010dje od dna doline vse do vrha pobo\u010dja nad to dolino. Izlo\u010den je kot predstavnik bukovih in hrastovih gozdov subpanonskega podro\u010dja.<\/p>\n","protected":false},"author":5,"featured_media":51334,"parent":0,"menu_order":46,"comment_status":"closed","ping_status":"open","template":"","meta":{"_uag_custom_page_level_css":"","footnotes":""},"class_list":["post-51867","page","type-page","status-publish","has-post-thumbnail","hentry"],"yoast_head":"<!-- This site is optimized with the Yoast SEO plugin v27.2 - https:\/\/yoast.com\/product\/yoast-seo-wordpress\/ -->\n<title>Gozdni rezervat Log ob Sotli - Visit Rogatec<\/title>\n<meta name=\"robots\" content=\"index, follow, max-snippet:-1, max-image-preview:large, max-video-preview:-1\" \/>\n<link rel=\"canonical\" href=\"https:\/\/www.rogatec.si\/en\/gozdni-rezervat-log-ob-sotli\/\" \/>\n<meta property=\"og:locale\" content=\"en_US\" \/>\n<meta property=\"og:type\" content=\"article\" \/>\n<meta property=\"og:title\" content=\"Gozdni rezervat Log ob Sotli - Visit Rogatec\" \/>\n<meta property=\"og:description\" content=\"Gozdni rezervat zavzema pobo\u010dje od dna doline vse do vrha pobo\u010dja nad to dolino. Izlo\u010den je kot predstavnik bukovih in hrastovih gozdov subpanonskega podro\u010dja.\" \/>\n<meta property=\"og:url\" content=\"https:\/\/www.rogatec.si\/en\/gozdni-rezervat-log-ob-sotli\/\" \/>\n<meta property=\"og:site_name\" content=\"Visit Rogatec\" \/>\n<meta property=\"article:modified_time\" content=\"2021-01-02T20:15:38+00:00\" \/>\n<meta property=\"og:image\" content=\"https:\/\/www.rogatec.si\/wp-content\/uploads\/2013\/12\/DSC06856.jpg\" \/>\n\t<meta property=\"og:image:width\" content=\"2560\" \/>\n\t<meta property=\"og:image:height\" content=\"1920\" \/>\n\t<meta property=\"og:image:type\" content=\"image\/jpeg\" \/>\n<meta name=\"twitter:card\" content=\"summary_large_image\" \/>\n<script type=\"application\/ld+json\" class=\"yoast-schema-graph\">{\"@context\":\"https:\/\/schema.org\",\"@graph\":[{\"@type\":\"WebPage\",\"@id\":\"https:\/\/www.rogatec.si\/en\/gozdni-rezervat-log-ob-sotli\/\",\"url\":\"https:\/\/www.rogatec.si\/en\/gozdni-rezervat-log-ob-sotli\/\",\"name\":\"Gozdni rezervat Log ob Sotli - Visit Rogatec\",\"isPartOf\":{\"@id\":\"https:\/\/www.rogatec.si\/#website\"},\"primaryImageOfPage\":{\"@id\":\"https:\/\/www.rogatec.si\/en\/gozdni-rezervat-log-ob-sotli\/#primaryimage\"},\"image\":{\"@id\":\"https:\/\/www.rogatec.si\/en\/gozdni-rezervat-log-ob-sotli\/#primaryimage\"},\"thumbnailUrl\":\"https:\/\/www.rogatec.si\/wp-content\/uploads\/2013\/12\/DSC06856.jpg\",\"datePublished\":\"2013-12-04T06:01:40+00:00\",\"dateModified\":\"2021-01-02T20:15:38+00:00\",\"breadcrumb\":{\"@id\":\"https:\/\/www.rogatec.si\/en\/gozdni-rezervat-log-ob-sotli\/#breadcrumb\"},\"inLanguage\":\"en-US\",\"potentialAction\":[{\"@type\":\"ReadAction\",\"target\":[\"https:\/\/www.rogatec.si\/en\/gozdni-rezervat-log-ob-sotli\/\"]}]},{\"@type\":\"ImageObject\",\"inLanguage\":\"en-US\",\"@id\":\"https:\/\/www.rogatec.si\/en\/gozdni-rezervat-log-ob-sotli\/#primaryimage\",\"url\":\"https:\/\/www.rogatec.si\/wp-content\/uploads\/2013\/12\/DSC06856.jpg\",\"contentUrl\":\"https:\/\/www.rogatec.si\/wp-content\/uploads\/2013\/12\/DSC06856.jpg\",\"width\":2560,\"height\":1920,\"caption\":\"Gozdni rezervat Log\"},{\"@type\":\"BreadcrumbList\",\"@id\":\"https:\/\/www.rogatec.si\/en\/gozdni-rezervat-log-ob-sotli\/#breadcrumb\",\"itemListElement\":[{\"@type\":\"ListItem\",\"position\":1,\"name\":\"Domov\",\"item\":\"https:\/\/www.rogatec.si\/en\/\"},{\"@type\":\"ListItem\",\"position\":2,\"name\":\"Gozdni rezervat Log ob Sotli\"}]},{\"@type\":\"WebSite\",\"@id\":\"https:\/\/www.rogatec.si\/#website\",\"url\":\"https:\/\/www.rogatec.si\/\",\"name\":\"Visit Rogatec\",\"description\":\"Taste the heritage\",\"publisher\":{\"@id\":\"https:\/\/www.rogatec.si\/#organization\"},\"potentialAction\":[{\"@type\":\"SearchAction\",\"target\":{\"@type\":\"EntryPoint\",\"urlTemplate\":\"https:\/\/www.rogatec.si\/?s={search_term_string}\"},\"query-input\":{\"@type\":\"PropertyValueSpecification\",\"valueRequired\":true,\"valueName\":\"search_term_string\"}}],\"inLanguage\":\"en-US\"},{\"@type\":\"Organization\",\"@id\":\"https:\/\/www.rogatec.si\/#organization\",\"name\":\"Visit Rogatec\",\"url\":\"https:\/\/www.rogatec.si\/\",\"logo\":{\"@type\":\"ImageObject\",\"inLanguage\":\"en-US\",\"@id\":\"https:\/\/www.rogatec.si\/#\/schema\/logo\/image\/\",\"url\":\"https:\/\/www.rogatec.si\/wp-content\/uploads\/2021\/01\/Rogatec_okusimo_250x80.png\",\"contentUrl\":\"https:\/\/www.rogatec.si\/wp-content\/uploads\/2021\/01\/Rogatec_okusimo_250x80.png\",\"width\":250,\"height\":80,\"caption\":\"Visit Rogatec\"},\"image\":{\"@id\":\"https:\/\/www.rogatec.si\/#\/schema\/logo\/image\/\"}}]}<\/script>\n<!-- \/ Yoast SEO plugin. -->","yoast_head_json":{"title":"Gozdni rezervat Log ob Sotli - Visit Rogatec","robots":{"index":"index","follow":"follow","max-snippet":"max-snippet:-1","max-image-preview":"max-image-preview:large","max-video-preview":"max-video-preview:-1"},"canonical":"https:\/\/www.rogatec.si\/en\/gozdni-rezervat-log-ob-sotli\/","og_locale":"en_US","og_type":"article","og_title":"Gozdni rezervat Log ob Sotli - Visit Rogatec","og_description":"Gozdni rezervat zavzema pobo\u010dje od dna doline vse do vrha pobo\u010dja nad to dolino. Izlo\u010den je kot predstavnik bukovih in hrastovih gozdov subpanonskega podro\u010dja.","og_url":"https:\/\/www.rogatec.si\/en\/gozdni-rezervat-log-ob-sotli\/","og_site_name":"Visit Rogatec","article_modified_time":"2021-01-02T20:15:38+00:00","og_image":[{"width":2560,"height":1920,"url":"https:\/\/www.rogatec.si\/wp-content\/uploads\/2013\/12\/DSC06856.jpg","type":"image\/jpeg"}],"twitter_card":"summary_large_image","schema":{"@context":"https:\/\/schema.org","@graph":[{"@type":"WebPage","@id":"https:\/\/www.rogatec.si\/en\/gozdni-rezervat-log-ob-sotli\/","url":"https:\/\/www.rogatec.si\/en\/gozdni-rezervat-log-ob-sotli\/","name":"Gozdni rezervat Log ob Sotli - Visit Rogatec","isPartOf":{"@id":"https:\/\/www.rogatec.si\/#website"},"primaryImageOfPage":{"@id":"https:\/\/www.rogatec.si\/en\/gozdni-rezervat-log-ob-sotli\/#primaryimage"},"image":{"@id":"https:\/\/www.rogatec.si\/en\/gozdni-rezervat-log-ob-sotli\/#primaryimage"},"thumbnailUrl":"https:\/\/www.rogatec.si\/wp-content\/uploads\/2013\/12\/DSC06856.jpg","datePublished":"2013-12-04T06:01:40+00:00","dateModified":"2021-01-02T20:15:38+00:00","breadcrumb":{"@id":"https:\/\/www.rogatec.si\/en\/gozdni-rezervat-log-ob-sotli\/#breadcrumb"},"inLanguage":"en-US","potentialAction":[{"@type":"ReadAction","target":["https:\/\/www.rogatec.si\/en\/gozdni-rezervat-log-ob-sotli\/"]}]},{"@type":"ImageObject","inLanguage":"en-US","@id":"https:\/\/www.rogatec.si\/en\/gozdni-rezervat-log-ob-sotli\/#primaryimage","url":"https:\/\/www.rogatec.si\/wp-content\/uploads\/2013\/12\/DSC06856.jpg","contentUrl":"https:\/\/www.rogatec.si\/wp-content\/uploads\/2013\/12\/DSC06856.jpg","width":2560,"height":1920,"caption":"Gozdni rezervat Log"},{"@type":"BreadcrumbList","@id":"https:\/\/www.rogatec.si\/en\/gozdni-rezervat-log-ob-sotli\/#breadcrumb","itemListElement":[{"@type":"ListItem","position":1,"name":"Domov","item":"https:\/\/www.rogatec.si\/en\/"},{"@type":"ListItem","position":2,"name":"Gozdni rezervat Log ob Sotli"}]},{"@type":"WebSite","@id":"https:\/\/www.rogatec.si\/#website","url":"https:\/\/www.rogatec.si\/","name":"Visit Rogatec","description":"Taste the heritage","publisher":{"@id":"https:\/\/www.rogatec.si\/#organization"},"potentialAction":[{"@type":"SearchAction","target":{"@type":"EntryPoint","urlTemplate":"https:\/\/www.rogatec.si\/?s={search_term_string}"},"query-input":{"@type":"PropertyValueSpecification","valueRequired":true,"valueName":"search_term_string"}}],"inLanguage":"en-US"},{"@type":"Organization","@id":"https:\/\/www.rogatec.si\/#organization","name":"Visit Rogatec","url":"https:\/\/www.rogatec.si\/","logo":{"@type":"ImageObject","inLanguage":"en-US","@id":"https:\/\/www.rogatec.si\/#\/schema\/logo\/image\/","url":"https:\/\/www.rogatec.si\/wp-content\/uploads\/2021\/01\/Rogatec_okusimo_250x80.png","contentUrl":"https:\/\/www.rogatec.si\/wp-content\/uploads\/2021\/01\/Rogatec_okusimo_250x80.png","width":250,"height":80,"caption":"Visit Rogatec"},"image":{"@id":"https:\/\/www.rogatec.si\/#\/schema\/logo\/image\/"}}]}},"uagb_featured_image_src":{"full":["https:\/\/www.rogatec.si\/wp-content\/uploads\/2013\/12\/DSC06856.jpg",2560,1920,false],"thumbnail":["https:\/\/www.rogatec.si\/wp-content\/uploads\/2013\/12\/DSC06856-190x100.jpg",190,100,true],"medium":["https:\/\/www.rogatec.si\/wp-content\/uploads\/2013\/12\/DSC06856-300x225.jpg",300,225,true],"medium_large":["https:\/\/www.rogatec.si\/wp-content\/uploads\/2013\/12\/DSC06856.jpg",768,576,false],"large":["https:\/\/www.rogatec.si\/wp-content\/uploads\/2013\/12\/DSC06856-1024x768.jpg",1024,768,true],"1536x1536":["https:\/\/www.rogatec.si\/wp-content\/uploads\/2013\/12\/DSC06856.jpg",1536,1152,false],"2048x2048":["https:\/\/www.rogatec.si\/wp-content\/uploads\/2013\/12\/DSC06856.jpg",2048,1536,false],"custom-image-square":["https:\/\/www.rogatec.si\/wp-content\/uploads\/2013\/12\/DSC06856.jpg",600,450,false],"featured-medium":["https:\/\/www.rogatec.si\/wp-content\/uploads\/2013\/12\/DSC06856.jpg",300,225,false]},"uagb_author_info":{"display_name":"Rogatec","author_link":"https:\/\/www.rogatec.si\/en\/author\/vedran72\/"},"uagb_comment_info":0,"uagb_excerpt":"Gozdni rezervat zavzema pobo\u010dje od dna doline vse do vrha pobo\u010dja nad to dolino. Izlo\u010den je kot predstavnik bukovih in hrastovih gozdov subpanonskega podro\u010dja.","_links":{"self":[{"href":"https:\/\/www.rogatec.si\/en\/wp-json\/wp\/v2\/pages\/51867","targetHints":{"allow":["GET"]}}],"collection":[{"href":"https:\/\/www.rogatec.si\/en\/wp-json\/wp\/v2\/pages"}],"about":[{"href":"https:\/\/www.rogatec.si\/en\/wp-json\/wp\/v2\/types\/page"}],"author":[{"embeddable":true,"href":"https:\/\/www.rogatec.si\/en\/wp-json\/wp\/v2\/users\/5"}],"replies":[{"embeddable":true,"href":"https:\/\/www.rogatec.si\/en\/wp-json\/wp\/v2\/comments?post=51867"}],"version-history":[{"count":1,"href":"https:\/\/www.rogatec.si\/en\/wp-json\/wp\/v2\/pages\/51867\/revisions"}],"predecessor-version":[{"id":56092,"href":"https:\/\/www.rogatec.si\/en\/wp-json\/wp\/v2\/pages\/51867\/revisions\/56092"}],"wp:featuredmedia":[{"embeddable":true,"href":"https:\/\/www.rogatec.si\/en\/wp-json\/wp\/v2\/media\/51334"}],"wp:attachment":[{"href":"https:\/\/www.rogatec.si\/en\/wp-json\/wp\/v2\/media?parent=51867"}],"curies":[{"name":"wp","href":"https:\/\/api.w.org\/{rel}","templated":true}]}}