{"id":51868,"date":"2013-12-04T07:08:28","date_gmt":"2013-12-04T06:08:28","guid":{"rendered":"https:\/\/www.rogatec.si\/project\/jezero-majdan-pri-trlicnem\/?lang=en"},"modified":"2021-01-02T21:16:13","modified_gmt":"2021-01-02T20:16:13","slug":"jezero-majdan-pri-trlicnem","status":"publish","type":"page","link":"https:\/\/www.rogatec.si\/en\/jezero-majdan-pri-trlicnem\/","title":{"rendered":"Jezero Majdan pri Trli\u010dnem"},"content":{"rendered":"<p>Jezero je nastalo v opu\u0161\u010denem rudniku kremenovega peska, ki so ga potrebovali za potrebe steklarne, poleg tega so se ljudje ukvarjali tudi z doma\u010dim izdelovanjem brusnih kamnov. Nad jezerom, ki je pribli\u017eno 30x30m veliko je okrog 60 m visoka stena, sredi katere je rov, ki so ga uporabljali pred poglobitvijo dna.<\/p>\n","protected":false},"excerpt":{"rendered":"<p>Nastalo je v opu\u0161\u010denem rudniku kremenovega peska, ki so ga potrebovali za potrebe steklarne, poleg tega so se ljudje ukvarjali tudi z doma\u010dim izdelovanjem brusnih kamnov.<\/p>\n","protected":false},"author":5,"featured_media":51338,"parent":0,"menu_order":41,"comment_status":"closed","ping_status":"open","template":"","meta":{"_uag_custom_page_level_css":"","footnotes":""},"class_list":["post-51868","page","type-page","status-publish","has-post-thumbnail","hentry"],"yoast_head":"<!-- This site is optimized with the Yoast SEO plugin v27.2 - https:\/\/yoast.com\/product\/yoast-seo-wordpress\/ -->\n<title>Jezero Majdan pri Trli\u010dnem - Visit Rogatec<\/title>\n<meta name=\"robots\" content=\"index, follow, max-snippet:-1, max-image-preview:large, max-video-preview:-1\" \/>\n<link rel=\"canonical\" href=\"https:\/\/www.rogatec.si\/en\/jezero-majdan-pri-trlicnem\/\" \/>\n<meta property=\"og:locale\" content=\"en_US\" \/>\n<meta property=\"og:type\" content=\"article\" \/>\n<meta property=\"og:title\" content=\"Jezero Majdan pri Trli\u010dnem - Visit Rogatec\" \/>\n<meta property=\"og:description\" content=\"Nastalo je v opu\u0161\u010denem rudniku kremenovega peska, ki so ga potrebovali za potrebe steklarne, poleg tega so se ljudje ukvarjali tudi z doma\u010dim izdelovanjem brusnih kamnov.\" \/>\n<meta property=\"og:url\" content=\"https:\/\/www.rogatec.si\/en\/jezero-majdan-pri-trlicnem\/\" \/>\n<meta property=\"og:site_name\" content=\"Visit Rogatec\" \/>\n<meta property=\"article:modified_time\" content=\"2021-01-02T20:16:13+00:00\" \/>\n<meta property=\"og:image\" content=\"https:\/\/www.rogatec.si\/wp-content\/uploads\/2013\/12\/DSC06877.jpg\" \/>\n\t<meta property=\"og:image:width\" content=\"2560\" \/>\n\t<meta property=\"og:image:height\" content=\"1920\" \/>\n\t<meta property=\"og:image:type\" content=\"image\/jpeg\" \/>\n<meta name=\"twitter:card\" content=\"summary_large_image\" \/>\n<script type=\"application\/ld+json\" class=\"yoast-schema-graph\">{\"@context\":\"https:\/\/schema.org\",\"@graph\":[{\"@type\":\"WebPage\",\"@id\":\"https:\/\/www.rogatec.si\/en\/jezero-majdan-pri-trlicnem\/\",\"url\":\"https:\/\/www.rogatec.si\/en\/jezero-majdan-pri-trlicnem\/\",\"name\":\"Jezero Majdan pri Trli\u010dnem - Visit Rogatec\",\"isPartOf\":{\"@id\":\"https:\/\/www.rogatec.si\/#website\"},\"primaryImageOfPage\":{\"@id\":\"https:\/\/www.rogatec.si\/en\/jezero-majdan-pri-trlicnem\/#primaryimage\"},\"image\":{\"@id\":\"https:\/\/www.rogatec.si\/en\/jezero-majdan-pri-trlicnem\/#primaryimage\"},\"thumbnailUrl\":\"https:\/\/www.rogatec.si\/wp-content\/uploads\/2013\/12\/DSC06877.jpg\",\"datePublished\":\"2013-12-04T06:08:28+00:00\",\"dateModified\":\"2021-01-02T20:16:13+00:00\",\"breadcrumb\":{\"@id\":\"https:\/\/www.rogatec.si\/en\/jezero-majdan-pri-trlicnem\/#breadcrumb\"},\"inLanguage\":\"en-US\",\"potentialAction\":[{\"@type\":\"ReadAction\",\"target\":[\"https:\/\/www.rogatec.si\/en\/jezero-majdan-pri-trlicnem\/\"]}]},{\"@type\":\"ImageObject\",\"inLanguage\":\"en-US\",\"@id\":\"https:\/\/www.rogatec.si\/en\/jezero-majdan-pri-trlicnem\/#primaryimage\",\"url\":\"https:\/\/www.rogatec.si\/wp-content\/uploads\/2013\/12\/DSC06877.jpg\",\"contentUrl\":\"https:\/\/www.rogatec.si\/wp-content\/uploads\/2013\/12\/DSC06877.jpg\",\"width\":2560,\"height\":1920,\"caption\":\"Jezero Majdan pri Trli\u010dnem\"},{\"@type\":\"BreadcrumbList\",\"@id\":\"https:\/\/www.rogatec.si\/en\/jezero-majdan-pri-trlicnem\/#breadcrumb\",\"itemListElement\":[{\"@type\":\"ListItem\",\"position\":1,\"name\":\"Domov\",\"item\":\"https:\/\/www.rogatec.si\/en\/\"},{\"@type\":\"ListItem\",\"position\":2,\"name\":\"Jezero Majdan pri Trli\u010dnem\"}]},{\"@type\":\"WebSite\",\"@id\":\"https:\/\/www.rogatec.si\/#website\",\"url\":\"https:\/\/www.rogatec.si\/\",\"name\":\"Visit Rogatec\",\"description\":\"Taste the heritage\",\"publisher\":{\"@id\":\"https:\/\/www.rogatec.si\/#organization\"},\"potentialAction\":[{\"@type\":\"SearchAction\",\"target\":{\"@type\":\"EntryPoint\",\"urlTemplate\":\"https:\/\/www.rogatec.si\/?s={search_term_string}\"},\"query-input\":{\"@type\":\"PropertyValueSpecification\",\"valueRequired\":true,\"valueName\":\"search_term_string\"}}],\"inLanguage\":\"en-US\"},{\"@type\":\"Organization\",\"@id\":\"https:\/\/www.rogatec.si\/#organization\",\"name\":\"Visit Rogatec\",\"url\":\"https:\/\/www.rogatec.si\/\",\"logo\":{\"@type\":\"ImageObject\",\"inLanguage\":\"en-US\",\"@id\":\"https:\/\/www.rogatec.si\/#\/schema\/logo\/image\/\",\"url\":\"https:\/\/www.rogatec.si\/wp-content\/uploads\/2021\/01\/Rogatec_okusimo_250x80.png\",\"contentUrl\":\"https:\/\/www.rogatec.si\/wp-content\/uploads\/2021\/01\/Rogatec_okusimo_250x80.png\",\"width\":250,\"height\":80,\"caption\":\"Visit Rogatec\"},\"image\":{\"@id\":\"https:\/\/www.rogatec.si\/#\/schema\/logo\/image\/\"}}]}<\/script>\n<!-- \/ Yoast SEO plugin. -->","yoast_head_json":{"title":"Jezero Majdan pri Trli\u010dnem - Visit Rogatec","robots":{"index":"index","follow":"follow","max-snippet":"max-snippet:-1","max-image-preview":"max-image-preview:large","max-video-preview":"max-video-preview:-1"},"canonical":"https:\/\/www.rogatec.si\/en\/jezero-majdan-pri-trlicnem\/","og_locale":"en_US","og_type":"article","og_title":"Jezero Majdan pri Trli\u010dnem - Visit Rogatec","og_description":"Nastalo je v opu\u0161\u010denem rudniku kremenovega peska, ki so ga potrebovali za potrebe steklarne, poleg tega so se ljudje ukvarjali tudi z doma\u010dim izdelovanjem brusnih kamnov.","og_url":"https:\/\/www.rogatec.si\/en\/jezero-majdan-pri-trlicnem\/","og_site_name":"Visit Rogatec","article_modified_time":"2021-01-02T20:16:13+00:00","og_image":[{"width":2560,"height":1920,"url":"https:\/\/www.rogatec.si\/wp-content\/uploads\/2013\/12\/DSC06877.jpg","type":"image\/jpeg"}],"twitter_card":"summary_large_image","schema":{"@context":"https:\/\/schema.org","@graph":[{"@type":"WebPage","@id":"https:\/\/www.rogatec.si\/en\/jezero-majdan-pri-trlicnem\/","url":"https:\/\/www.rogatec.si\/en\/jezero-majdan-pri-trlicnem\/","name":"Jezero Majdan pri Trli\u010dnem - Visit Rogatec","isPartOf":{"@id":"https:\/\/www.rogatec.si\/#website"},"primaryImageOfPage":{"@id":"https:\/\/www.rogatec.si\/en\/jezero-majdan-pri-trlicnem\/#primaryimage"},"image":{"@id":"https:\/\/www.rogatec.si\/en\/jezero-majdan-pri-trlicnem\/#primaryimage"},"thumbnailUrl":"https:\/\/www.rogatec.si\/wp-content\/uploads\/2013\/12\/DSC06877.jpg","datePublished":"2013-12-04T06:08:28+00:00","dateModified":"2021-01-02T20:16:13+00:00","breadcrumb":{"@id":"https:\/\/www.rogatec.si\/en\/jezero-majdan-pri-trlicnem\/#breadcrumb"},"inLanguage":"en-US","potentialAction":[{"@type":"ReadAction","target":["https:\/\/www.rogatec.si\/en\/jezero-majdan-pri-trlicnem\/"]}]},{"@type":"ImageObject","inLanguage":"en-US","@id":"https:\/\/www.rogatec.si\/en\/jezero-majdan-pri-trlicnem\/#primaryimage","url":"https:\/\/www.rogatec.si\/wp-content\/uploads\/2013\/12\/DSC06877.jpg","contentUrl":"https:\/\/www.rogatec.si\/wp-content\/uploads\/2013\/12\/DSC06877.jpg","width":2560,"height":1920,"caption":"Jezero Majdan pri Trli\u010dnem"},{"@type":"BreadcrumbList","@id":"https:\/\/www.rogatec.si\/en\/jezero-majdan-pri-trlicnem\/#breadcrumb","itemListElement":[{"@type":"ListItem","position":1,"name":"Domov","item":"https:\/\/www.rogatec.si\/en\/"},{"@type":"ListItem","position":2,"name":"Jezero Majdan pri Trli\u010dnem"}]},{"@type":"WebSite","@id":"https:\/\/www.rogatec.si\/#website","url":"https:\/\/www.rogatec.si\/","name":"Visit Rogatec","description":"Taste the heritage","publisher":{"@id":"https:\/\/www.rogatec.si\/#organization"},"potentialAction":[{"@type":"SearchAction","target":{"@type":"EntryPoint","urlTemplate":"https:\/\/www.rogatec.si\/?s={search_term_string}"},"query-input":{"@type":"PropertyValueSpecification","valueRequired":true,"valueName":"search_term_string"}}],"inLanguage":"en-US"},{"@type":"Organization","@id":"https:\/\/www.rogatec.si\/#organization","name":"Visit Rogatec","url":"https:\/\/www.rogatec.si\/","logo":{"@type":"ImageObject","inLanguage":"en-US","@id":"https:\/\/www.rogatec.si\/#\/schema\/logo\/image\/","url":"https:\/\/www.rogatec.si\/wp-content\/uploads\/2021\/01\/Rogatec_okusimo_250x80.png","contentUrl":"https:\/\/www.rogatec.si\/wp-content\/uploads\/2021\/01\/Rogatec_okusimo_250x80.png","width":250,"height":80,"caption":"Visit Rogatec"},"image":{"@id":"https:\/\/www.rogatec.si\/#\/schema\/logo\/image\/"}}]}},"uagb_featured_image_src":{"full":["https:\/\/www.rogatec.si\/wp-content\/uploads\/2013\/12\/DSC06877.jpg",2560,1920,false],"thumbnail":["https:\/\/www.rogatec.si\/wp-content\/uploads\/2013\/12\/DSC06877-190x100.jpg",190,100,true],"medium":["https:\/\/www.rogatec.si\/wp-content\/uploads\/2013\/12\/DSC06877-300x225.jpg",300,225,true],"medium_large":["https:\/\/www.rogatec.si\/wp-content\/uploads\/2013\/12\/DSC06877.jpg",768,576,false],"large":["https:\/\/www.rogatec.si\/wp-content\/uploads\/2013\/12\/DSC06877-1024x768.jpg",1024,768,true],"1536x1536":["https:\/\/www.rogatec.si\/wp-content\/uploads\/2013\/12\/DSC06877.jpg",1536,1152,false],"2048x2048":["https:\/\/www.rogatec.si\/wp-content\/uploads\/2013\/12\/DSC06877.jpg",2048,1536,false],"custom-image-square":["https:\/\/www.rogatec.si\/wp-content\/uploads\/2013\/12\/DSC06877.jpg",600,450,false],"featured-medium":["https:\/\/www.rogatec.si\/wp-content\/uploads\/2013\/12\/DSC06877.jpg",300,225,false]},"uagb_author_info":{"display_name":"Rogatec","author_link":"https:\/\/www.rogatec.si\/en\/author\/vedran72\/"},"uagb_comment_info":0,"uagb_excerpt":"Nastalo je v opu\u0161\u010denem rudniku kremenovega peska, ki so ga potrebovali za potrebe steklarne, poleg tega so se ljudje ukvarjali tudi z doma\u010dim izdelovanjem brusnih kamnov.","_links":{"self":[{"href":"https:\/\/www.rogatec.si\/en\/wp-json\/wp\/v2\/pages\/51868","targetHints":{"allow":["GET"]}}],"collection":[{"href":"https:\/\/www.rogatec.si\/en\/wp-json\/wp\/v2\/pages"}],"about":[{"href":"https:\/\/www.rogatec.si\/en\/wp-json\/wp\/v2\/types\/page"}],"author":[{"embeddable":true,"href":"https:\/\/www.rogatec.si\/en\/wp-json\/wp\/v2\/users\/5"}],"replies":[{"embeddable":true,"href":"https:\/\/www.rogatec.si\/en\/wp-json\/wp\/v2\/comments?post=51868"}],"version-history":[{"count":2,"href":"https:\/\/www.rogatec.si\/en\/wp-json\/wp\/v2\/pages\/51868\/revisions"}],"predecessor-version":[{"id":56093,"href":"https:\/\/www.rogatec.si\/en\/wp-json\/wp\/v2\/pages\/51868\/revisions\/56093"}],"wp:featuredmedia":[{"embeddable":true,"href":"https:\/\/www.rogatec.si\/en\/wp-json\/wp\/v2\/media\/51338"}],"wp:attachment":[{"href":"https:\/\/www.rogatec.si\/en\/wp-json\/wp\/v2\/media?parent=51868"}],"curies":[{"name":"wp","href":"https:\/\/api.w.org\/{rel}","templated":true}]}}