{"id":51869,"date":"2013-12-04T06:56:32","date_gmt":"2013-12-04T05:56:32","guid":{"rendered":"https:\/\/www.rogatec.si\/project\/kamnolomi\/?lang=en"},"modified":"2021-01-02T21:16:44","modified_gmt":"2021-01-02T20:16:44","slug":"kamnolomi","status":"publish","type":"page","link":"https:\/\/www.rogatec.si\/en\/kamnolomi\/","title":{"rendered":"Kamnose\u0161tvo v Rogatcu"},"content":{"rendered":"<p>Na obmo\u010dju Ob\u010dine Rogatec ima kamnose\u0161tvo dolgoro\u010dno tradicijo. Kremenov pe\u0161\u010denjak iz kamnolomov v Logu pri Rogatcu je bil pomembno stavbno gradivo.<\/p>\n<p>Na gozdnatem obmo\u010dju Loga na jugozahodnih slemenih&nbsp;Maclja, se je \u017ee v 18. stoletju razvila kamnarska dejavnost -lomljenje kamna in izdelovanje brusov iz lo\u017eanskega kamna, kakor so doma\u010dini poimenovali tamkaj\u0161nji kremenov pe\u0161\u010denjak. Kamnite kapele, portali, stopnice in kipi pri\u010dajo o cveto\u010di kamnose\u0161ki obrti \u017ee v 17. stoletju. Svojevrstna kamnarska dejavnost &#8211; lomljenje kamna in izdelovanje kamnitih brusov &#8211; se je razvila v 19. stoletju. Izdelovali so tudi ve\u010d ton te\u017eke industrijske kamne in obrtne bruse vseh vrst. Najve\u010dji razcvet je obrt do\u017eivela po letu 1903, ko je bila do Rogatca zgrajena \u017eelezni\u0161ka proga. Od 19. stoletja pa vse do leta 1965 se je kamnose\u0161tvo v Logu razvijalo kot \u017eivahna in cveto\u010da obrt. Podatek ljudskega \u0161tetja iz leta 1910 za naselje Log, 155 hi\u0161nih \u0161tevilk in 155 kamnarjev, pove, da je ta obrt predstavljala edino mo\u017enost zaslu\u017eka in je dejansko prepre\u010dila, da bi se ljudje v \u010dasu gospodarskih kriz izseljevali s tega obmo\u010dja. Iz obrtni\u0161ke dejavnosti je izdelovanje brusnih kamnov preraslo v dr\u017eavno podjetje Kambrus. Zaposlovalo blizu sto delavcev in delovalo vse do leta 1956, ko je bilo ukinjeno zaradi zdravstvenih razlogov in vse konkuren\u010dnej\u0161ega tr\u017ei\u0161\u010da z umetnimi brusi.<br \/>\nKamnarji so izdelovali velike industrijske in obrtne bruse vseh vrst: plo\u0161\u010date in okrogle kosjake-osle, mizarske gladilnike ru\u010derje, steklobruse in valje za sadne mline. Velike brusne kamne so tovorili v dolino po dr\u010dah ali z vozovi z volovsko vprego. Brusne kamne so tr\u017eili tudi po de\u017eelah srednje Evrope.<br \/>\nDanes je po lo\u017eanskih gozdovih skritih preko 40 opu\u0161\u010denih kamnolomov, nemih pri\u010d neko\u010d pomembne gospodarske dejavnosti obmo\u010dja.<\/p>\n","protected":false},"excerpt":{"rendered":"<p>Na obmo\u010dju Ob\u010dine Rogatec ima kamnose\u0161tvo dolgoro\u010dno tradicijo. Kremenov pe\u0161\u010denjak iz kamnolomov v Logu pri Rogatcu je bil pomembno stavbno gradivo. Na gozdnatem obmo\u010dju Loga na jugozahodnih slemenih&nbsp;Maclja, se je \u017ee v 18. stoletju razvila kamnarska dejavnost -lomljenje kamna in izdelovanje brusov iz lo\u017eanskega kamna, kakor so doma\u010dini poimenovali tamkaj\u0161nji kremenov pe\u0161\u010denjak. Kamnite kapele, portali, [&hellip;]<\/p>\n","protected":false},"author":5,"featured_media":56096,"parent":0,"menu_order":47,"comment_status":"closed","ping_status":"open","template":"","meta":{"_uag_custom_page_level_css":"","footnotes":""},"class_list":["post-51869","page","type-page","status-publish","has-post-thumbnail","hentry"],"yoast_head":"<!-- This site is optimized with the Yoast SEO plugin v27.2 - https:\/\/yoast.com\/product\/yoast-seo-wordpress\/ -->\n<title>Kamnose\u0161tvo v Rogatcu - Visit Rogatec<\/title>\n<meta name=\"robots\" content=\"index, follow, max-snippet:-1, max-image-preview:large, max-video-preview:-1\" \/>\n<link rel=\"canonical\" href=\"https:\/\/www.rogatec.si\/en\/kamnolomi\/\" \/>\n<meta property=\"og:locale\" content=\"en_US\" \/>\n<meta property=\"og:type\" content=\"article\" \/>\n<meta property=\"og:title\" content=\"Kamnose\u0161tvo v Rogatcu - Visit Rogatec\" \/>\n<meta property=\"og:description\" content=\"Na obmo\u010dju Ob\u010dine Rogatec ima kamnose\u0161tvo dolgoro\u010dno tradicijo. Kremenov pe\u0161\u010denjak iz kamnolomov v Logu pri Rogatcu je bil pomembno stavbno gradivo. Na gozdnatem obmo\u010dju Loga na jugozahodnih slemenih&nbsp;Maclja, se je \u017ee v 18. stoletju razvila kamnarska dejavnost -lomljenje kamna in izdelovanje brusov iz lo\u017eanskega kamna, kakor so doma\u010dini poimenovali tamkaj\u0161nji kremenov pe\u0161\u010denjak. Kamnite kapele, portali, [&hellip;]\" \/>\n<meta property=\"og:url\" content=\"https:\/\/www.rogatec.si\/en\/kamnolomi\/\" \/>\n<meta property=\"og:site_name\" content=\"Visit Rogatec\" \/>\n<meta property=\"article:modified_time\" content=\"2021-01-02T20:16:44+00:00\" \/>\n<meta property=\"og:image\" content=\"https:\/\/www.rogatec.si\/wp-content\/uploads\/2013\/12\/kamnosek.jpg\" \/>\n\t<meta property=\"og:image:width\" content=\"2048\" \/>\n\t<meta property=\"og:image:height\" content=\"1485\" \/>\n\t<meta property=\"og:image:type\" content=\"image\/jpeg\" \/>\n<meta name=\"twitter:card\" content=\"summary_large_image\" \/>\n<meta name=\"twitter:label1\" content=\"Est. reading time\" \/>\n\t<meta name=\"twitter:data1\" content=\"2 minutes\" \/>\n<script type=\"application\/ld+json\" class=\"yoast-schema-graph\">{\"@context\":\"https:\/\/schema.org\",\"@graph\":[{\"@type\":\"WebPage\",\"@id\":\"https:\/\/www.rogatec.si\/en\/kamnolomi\/\",\"url\":\"https:\/\/www.rogatec.si\/en\/kamnolomi\/\",\"name\":\"Kamnose\u0161tvo v Rogatcu - Visit Rogatec\",\"isPartOf\":{\"@id\":\"https:\/\/www.rogatec.si\/#website\"},\"primaryImageOfPage\":{\"@id\":\"https:\/\/www.rogatec.si\/en\/kamnolomi\/#primaryimage\"},\"image\":{\"@id\":\"https:\/\/www.rogatec.si\/en\/kamnolomi\/#primaryimage\"},\"thumbnailUrl\":\"https:\/\/www.rogatec.si\/wp-content\/uploads\/2013\/12\/kamnosek.jpg\",\"datePublished\":\"2013-12-04T05:56:32+00:00\",\"dateModified\":\"2021-01-02T20:16:44+00:00\",\"breadcrumb\":{\"@id\":\"https:\/\/www.rogatec.si\/en\/kamnolomi\/#breadcrumb\"},\"inLanguage\":\"en-US\",\"potentialAction\":[{\"@type\":\"ReadAction\",\"target\":[\"https:\/\/www.rogatec.si\/en\/kamnolomi\/\"]}]},{\"@type\":\"ImageObject\",\"inLanguage\":\"en-US\",\"@id\":\"https:\/\/www.rogatec.si\/en\/kamnolomi\/#primaryimage\",\"url\":\"https:\/\/www.rogatec.si\/wp-content\/uploads\/2013\/12\/kamnosek.jpg\",\"contentUrl\":\"https:\/\/www.rogatec.si\/wp-content\/uploads\/2013\/12\/kamnosek.jpg\",\"width\":2048,\"height\":1485},{\"@type\":\"BreadcrumbList\",\"@id\":\"https:\/\/www.rogatec.si\/en\/kamnolomi\/#breadcrumb\",\"itemListElement\":[{\"@type\":\"ListItem\",\"position\":1,\"name\":\"Domov\",\"item\":\"https:\/\/www.rogatec.si\/en\/\"},{\"@type\":\"ListItem\",\"position\":2,\"name\":\"Kamnose\u0161tvo v Rogatcu\"}]},{\"@type\":\"WebSite\",\"@id\":\"https:\/\/www.rogatec.si\/#website\",\"url\":\"https:\/\/www.rogatec.si\/\",\"name\":\"Visit Rogatec\",\"description\":\"Taste the heritage\",\"publisher\":{\"@id\":\"https:\/\/www.rogatec.si\/#organization\"},\"potentialAction\":[{\"@type\":\"SearchAction\",\"target\":{\"@type\":\"EntryPoint\",\"urlTemplate\":\"https:\/\/www.rogatec.si\/?s={search_term_string}\"},\"query-input\":{\"@type\":\"PropertyValueSpecification\",\"valueRequired\":true,\"valueName\":\"search_term_string\"}}],\"inLanguage\":\"en-US\"},{\"@type\":\"Organization\",\"@id\":\"https:\/\/www.rogatec.si\/#organization\",\"name\":\"Visit Rogatec\",\"url\":\"https:\/\/www.rogatec.si\/\",\"logo\":{\"@type\":\"ImageObject\",\"inLanguage\":\"en-US\",\"@id\":\"https:\/\/www.rogatec.si\/#\/schema\/logo\/image\/\",\"url\":\"https:\/\/www.rogatec.si\/wp-content\/uploads\/2021\/01\/Rogatec_okusimo_250x80.png\",\"contentUrl\":\"https:\/\/www.rogatec.si\/wp-content\/uploads\/2021\/01\/Rogatec_okusimo_250x80.png\",\"width\":250,\"height\":80,\"caption\":\"Visit Rogatec\"},\"image\":{\"@id\":\"https:\/\/www.rogatec.si\/#\/schema\/logo\/image\/\"}}]}<\/script>\n<!-- \/ Yoast SEO plugin. -->","yoast_head_json":{"title":"Kamnose\u0161tvo v Rogatcu - Visit Rogatec","robots":{"index":"index","follow":"follow","max-snippet":"max-snippet:-1","max-image-preview":"max-image-preview:large","max-video-preview":"max-video-preview:-1"},"canonical":"https:\/\/www.rogatec.si\/en\/kamnolomi\/","og_locale":"en_US","og_type":"article","og_title":"Kamnose\u0161tvo v Rogatcu - Visit Rogatec","og_description":"Na obmo\u010dju Ob\u010dine Rogatec ima kamnose\u0161tvo dolgoro\u010dno tradicijo. Kremenov pe\u0161\u010denjak iz kamnolomov v Logu pri Rogatcu je bil pomembno stavbno gradivo. Na gozdnatem obmo\u010dju Loga na jugozahodnih slemenih&nbsp;Maclja, se je \u017ee v 18. stoletju razvila kamnarska dejavnost -lomljenje kamna in izdelovanje brusov iz lo\u017eanskega kamna, kakor so doma\u010dini poimenovali tamkaj\u0161nji kremenov pe\u0161\u010denjak. Kamnite kapele, portali, [&hellip;]","og_url":"https:\/\/www.rogatec.si\/en\/kamnolomi\/","og_site_name":"Visit Rogatec","article_modified_time":"2021-01-02T20:16:44+00:00","og_image":[{"width":2048,"height":1485,"url":"https:\/\/www.rogatec.si\/wp-content\/uploads\/2013\/12\/kamnosek.jpg","type":"image\/jpeg"}],"twitter_card":"summary_large_image","twitter_misc":{"Est. reading time":"2 minutes"},"schema":{"@context":"https:\/\/schema.org","@graph":[{"@type":"WebPage","@id":"https:\/\/www.rogatec.si\/en\/kamnolomi\/","url":"https:\/\/www.rogatec.si\/en\/kamnolomi\/","name":"Kamnose\u0161tvo v Rogatcu - Visit Rogatec","isPartOf":{"@id":"https:\/\/www.rogatec.si\/#website"},"primaryImageOfPage":{"@id":"https:\/\/www.rogatec.si\/en\/kamnolomi\/#primaryimage"},"image":{"@id":"https:\/\/www.rogatec.si\/en\/kamnolomi\/#primaryimage"},"thumbnailUrl":"https:\/\/www.rogatec.si\/wp-content\/uploads\/2013\/12\/kamnosek.jpg","datePublished":"2013-12-04T05:56:32+00:00","dateModified":"2021-01-02T20:16:44+00:00","breadcrumb":{"@id":"https:\/\/www.rogatec.si\/en\/kamnolomi\/#breadcrumb"},"inLanguage":"en-US","potentialAction":[{"@type":"ReadAction","target":["https:\/\/www.rogatec.si\/en\/kamnolomi\/"]}]},{"@type":"ImageObject","inLanguage":"en-US","@id":"https:\/\/www.rogatec.si\/en\/kamnolomi\/#primaryimage","url":"https:\/\/www.rogatec.si\/wp-content\/uploads\/2013\/12\/kamnosek.jpg","contentUrl":"https:\/\/www.rogatec.si\/wp-content\/uploads\/2013\/12\/kamnosek.jpg","width":2048,"height":1485},{"@type":"BreadcrumbList","@id":"https:\/\/www.rogatec.si\/en\/kamnolomi\/#breadcrumb","itemListElement":[{"@type":"ListItem","position":1,"name":"Domov","item":"https:\/\/www.rogatec.si\/en\/"},{"@type":"ListItem","position":2,"name":"Kamnose\u0161tvo v Rogatcu"}]},{"@type":"WebSite","@id":"https:\/\/www.rogatec.si\/#website","url":"https:\/\/www.rogatec.si\/","name":"Visit Rogatec","description":"Taste the heritage","publisher":{"@id":"https:\/\/www.rogatec.si\/#organization"},"potentialAction":[{"@type":"SearchAction","target":{"@type":"EntryPoint","urlTemplate":"https:\/\/www.rogatec.si\/?s={search_term_string}"},"query-input":{"@type":"PropertyValueSpecification","valueRequired":true,"valueName":"search_term_string"}}],"inLanguage":"en-US"},{"@type":"Organization","@id":"https:\/\/www.rogatec.si\/#organization","name":"Visit Rogatec","url":"https:\/\/www.rogatec.si\/","logo":{"@type":"ImageObject","inLanguage":"en-US","@id":"https:\/\/www.rogatec.si\/#\/schema\/logo\/image\/","url":"https:\/\/www.rogatec.si\/wp-content\/uploads\/2021\/01\/Rogatec_okusimo_250x80.png","contentUrl":"https:\/\/www.rogatec.si\/wp-content\/uploads\/2021\/01\/Rogatec_okusimo_250x80.png","width":250,"height":80,"caption":"Visit Rogatec"},"image":{"@id":"https:\/\/www.rogatec.si\/#\/schema\/logo\/image\/"}}]}},"uagb_featured_image_src":{"full":["https:\/\/www.rogatec.si\/wp-content\/uploads\/2013\/12\/kamnosek.jpg",2048,1485,false],"thumbnail":["https:\/\/www.rogatec.si\/wp-content\/uploads\/2013\/12\/kamnosek-190x100.jpg",190,100,true],"medium":["https:\/\/www.rogatec.si\/wp-content\/uploads\/2013\/12\/kamnosek-300x218.jpg",300,218,true],"medium_large":["https:\/\/www.rogatec.si\/wp-content\/uploads\/2013\/12\/kamnosek-768x557.jpg",768,557,true],"large":["https:\/\/www.rogatec.si\/wp-content\/uploads\/2013\/12\/kamnosek-1024x743.jpg",1024,743,true],"1536x1536":["https:\/\/www.rogatec.si\/wp-content\/uploads\/2013\/12\/kamnosek.jpg",1536,1114,false],"2048x2048":["https:\/\/www.rogatec.si\/wp-content\/uploads\/2013\/12\/kamnosek.jpg",2048,1485,false],"custom-image-square":["https:\/\/www.rogatec.si\/wp-content\/uploads\/2013\/12\/kamnosek.jpg",600,435,false],"featured-medium":["https:\/\/www.rogatec.si\/wp-content\/uploads\/2013\/12\/kamnosek.jpg",300,218,false]},"uagb_author_info":{"display_name":"Rogatec","author_link":"https:\/\/www.rogatec.si\/en\/author\/vedran72\/"},"uagb_comment_info":0,"uagb_excerpt":"Na obmo\u010dju Ob\u010dine Rogatec ima kamnose\u0161tvo dolgoro\u010dno tradicijo. Kremenov pe\u0161\u010denjak iz kamnolomov v Logu pri Rogatcu je bil pomembno stavbno gradivo. Na gozdnatem obmo\u010dju Loga na jugozahodnih slemenih&nbsp;Maclja, se je \u017ee v 18. stoletju razvila kamnarska dejavnost -lomljenje kamna in izdelovanje brusov iz lo\u017eanskega kamna, kakor so doma\u010dini poimenovali tamkaj\u0161nji kremenov pe\u0161\u010denjak. Kamnite kapele, portali,&hellip;","_links":{"self":[{"href":"https:\/\/www.rogatec.si\/en\/wp-json\/wp\/v2\/pages\/51869","targetHints":{"allow":["GET"]}}],"collection":[{"href":"https:\/\/www.rogatec.si\/en\/wp-json\/wp\/v2\/pages"}],"about":[{"href":"https:\/\/www.rogatec.si\/en\/wp-json\/wp\/v2\/types\/page"}],"author":[{"embeddable":true,"href":"https:\/\/www.rogatec.si\/en\/wp-json\/wp\/v2\/users\/5"}],"replies":[{"embeddable":true,"href":"https:\/\/www.rogatec.si\/en\/wp-json\/wp\/v2\/comments?post=51869"}],"version-history":[{"count":3,"href":"https:\/\/www.rogatec.si\/en\/wp-json\/wp\/v2\/pages\/51869\/revisions"}],"predecessor-version":[{"id":56095,"href":"https:\/\/www.rogatec.si\/en\/wp-json\/wp\/v2\/pages\/51869\/revisions\/56095"}],"wp:featuredmedia":[{"embeddable":true,"href":"https:\/\/www.rogatec.si\/en\/wp-json\/wp\/v2\/media\/56096"}],"wp:attachment":[{"href":"https:\/\/www.rogatec.si\/en\/wp-json\/wp\/v2\/media?parent=51869"}],"curies":[{"name":"wp","href":"https:\/\/api.w.org\/{rel}","templated":true}]}}