{"id":57026,"date":"2021-01-03T20:32:14","date_gmt":"2021-01-03T19:32:14","guid":{"rendered":"https:\/\/www.rogatec.si\/where_to_eat_sleep\/parking-for-a-motorhome-under-donacka-gora-by-the-bike-path\/"},"modified":"2021-03-22T12:43:22","modified_gmt":"2021-03-22T11:43:22","slug":"parking-for-a-motorhome-under-donacka-gora-by-the-bike-path","status":"publish","type":"page","link":"https:\/\/www.rogatec.si\/en\/where_to_eat_sleep\/parking-for-a-motorhome-under-donacka-gora-by-the-bike-path\/","title":{"rendered":"Parking for a motorhome under Dona\u010dka gora by the bike path"},"content":{"rendered":"\n<div class=\"wp-block-getwid-images-slider has-arrows-inside has-dots-inside has-captions captions-style-light captions-bottom-center has-images-center has-cropped-images has-fixed-height\"><div class=\"wp-block-getwid-images-slider__wrapper\" data-effect=\"slide\" data-slides-show=\"1\" data-slides-show-laptop=\"1\" data-slides-show-tablet=\"1\" data-slides-show-mobile=\"1\" data-slides-scroll=\"1\" data-autoplay=\"false\" data-autoplay-speed=\"6000\" data-infinite=\"true\" data-animation-speed=\"800\" data-center-mode=\"false\" data-variable-width=\"false\" data-arrows=\"inside\" data-dots=\"inside\" data-spacing=\"none\"><div class=\"wp-block-getwid-images-slider__item\" style=\"height:450px\"><figure><img decoding=\"async\" data-src=\"https:\/\/www.rogatec.si\/wp-content\/uploads\/2018\/10\/Parkiri%C5%A1%C4%8De-za-avtodom-pod-Dona%C4%8Dko-goro_ob-kolesarski-poti.jpg\" alt=\"Parking for a motorhome under Dona\u010dka gora by the bike path\" data-id=\"54344\" data-link=\"https:\/\/www.rogatec.si\/novost-parkirisce-za-avtodome\/parkirisce-za-avtodom-pod-donacko-goro_ob-kolesarski-poti\/\" data-original-link=\"https:\/\/www.rogatec.si\/wp-content\/uploads\/2018\/10\/Parkiri\u0161\u010de-za-avtodom-pod-Dona\u010dko-goro_ob-kolesarski-poti.jpg\" class=\"wp-block-getwid-images-slider__image wp-image-54344 lazyload\" src=\"data:image\/svg+xml;base64,PHN2ZyB3aWR0aD0iMSIgaGVpZ2h0PSIxIiB4bWxucz0iaHR0cDovL3d3dy53My5vcmcvMjAwMC9zdmciPjwvc3ZnPg==\"><figcaption class=\"wp-block-getwid-images-slider__caption\">Parking for a motorhome under Dona\u010dka gora by the bike path<\/figcaption><\/figure><\/div><\/div><\/div>\n\n<div class=\"wp-block-getwid-advanced-spacer\" style=\"height:30px\" aria-hidden=\"true\"><\/div>\n\n<hr class=\"wp-block-separator is-style-wide\"\/>\n\n<p>Ptujska cesta 21, Rogatec<strong> (GPS: 46.232950 \u00b0 N | 15.701300 \u00b0 E)<\/strong><br\/>The Rogatec motorhome stop is arranged in the immediate vicinity of the Open-Air Museum. PZA is about 800m away from the center of Rogatec. PZA Rogatec has 4 parked places for motorhomes, which are equipped with electricity, water, the possibility of emptying toilet cassettes with faeces and wastewater into the base of the pillar (no grate).<\/p>\n","protected":false},"excerpt":{"rendered":"<p>Ptujska cesta 21, Rogatec (GPS: 46.232950 \u00b0 N | 15.701300 \u00b0 E)The Rogatec motorhome stop is arranged in the immediate vicinity of the Open-Air Museum. PZA is about 800m away from the center of Rogatec. PZA Rogatec has 4 parked places for motorhomes, which are equipped with electricity, water, the possibility of emptying toilet cassettes [&hellip;]<\/p>\n","protected":false},"author":5,"featured_media":56409,"parent":52527,"menu_order":1,"comment_status":"closed","ping_status":"closed","template":"","meta":{"_uag_custom_page_level_css":"","footnotes":""},"class_list":["post-57026","page","type-page","status-publish","has-post-thumbnail","hentry"],"yoast_head":"<!-- This site is optimized with the Yoast SEO plugin v27.2 - https:\/\/yoast.com\/product\/yoast-seo-wordpress\/ -->\n<title>Parking for a motorhome under Dona\u010dka gora by the bike path - Visit Rogatec<\/title>\n<meta name=\"robots\" content=\"index, follow, max-snippet:-1, max-image-preview:large, max-video-preview:-1\" \/>\n<link rel=\"canonical\" href=\"https:\/\/www.rogatec.si\/en\/where_to_eat_sleep\/parking-for-a-motorhome-under-donacka-gora-by-the-bike-path\/\" \/>\n<meta property=\"og:locale\" content=\"en_US\" \/>\n<meta property=\"og:type\" content=\"article\" \/>\n<meta property=\"og:title\" content=\"Parking for a motorhome under Dona\u010dka gora by the bike path - Visit Rogatec\" \/>\n<meta property=\"og:description\" content=\"Ptujska cesta 21, Rogatec (GPS: 46.232950 \u00b0 N | 15.701300 \u00b0 E)The Rogatec motorhome stop is arranged in the immediate vicinity of the Open-Air Museum. PZA is about 800m away from the center of Rogatec. PZA Rogatec has 4 parked places for motorhomes, which are equipped with electricity, water, the possibility of emptying toilet cassettes [&hellip;]\" \/>\n<meta property=\"og:url\" content=\"https:\/\/www.rogatec.si\/en\/where_to_eat_sleep\/parking-for-a-motorhome-under-donacka-gora-by-the-bike-path\/\" \/>\n<meta property=\"og:site_name\" content=\"Visit Rogatec\" \/>\n<meta property=\"article:modified_time\" content=\"2021-03-22T11:43:22+00:00\" \/>\n<meta property=\"og:image\" content=\"https:\/\/www.rogatec.si\/wp-content\/uploads\/2018\/10\/Parkiri%C5%A1%C4%8De-za-avtodom-pod-Dona%C4%8Dko-goro_ob-kolesarski-poti.jpg\" \/>\n<meta name=\"twitter:card\" content=\"summary_large_image\" \/>\n<script type=\"application\/ld+json\" class=\"yoast-schema-graph\">{\"@context\":\"https:\/\/schema.org\",\"@graph\":[{\"@type\":\"WebPage\",\"@id\":\"https:\/\/www.rogatec.si\/en\/where_to_eat_sleep\/parking-for-a-motorhome-under-donacka-gora-by-the-bike-path\/\",\"url\":\"https:\/\/www.rogatec.si\/en\/where_to_eat_sleep\/parking-for-a-motorhome-under-donacka-gora-by-the-bike-path\/\",\"name\":\"Parking for a motorhome under Dona\u010dka gora by the bike path - Visit Rogatec\",\"isPartOf\":{\"@id\":\"https:\/\/www.rogatec.si\/#website\"},\"primaryImageOfPage\":{\"@id\":\"https:\/\/www.rogatec.si\/en\/where_to_eat_sleep\/parking-for-a-motorhome-under-donacka-gora-by-the-bike-path\/#primaryimage\"},\"image\":{\"@id\":\"https:\/\/www.rogatec.si\/en\/where_to_eat_sleep\/parking-for-a-motorhome-under-donacka-gora-by-the-bike-path\/#primaryimage\"},\"thumbnailUrl\":\"https:\/\/www.rogatec.si\/wp-content\/uploads\/2018\/10\/Parkiri\u0161\u010de-za-avtodom-pod-Dona\u010dko-goro_ob-kolesarski-poti.jpg\",\"datePublished\":\"2021-01-03T19:32:14+00:00\",\"dateModified\":\"2021-03-22T11:43:22+00:00\",\"breadcrumb\":{\"@id\":\"https:\/\/www.rogatec.si\/en\/where_to_eat_sleep\/parking-for-a-motorhome-under-donacka-gora-by-the-bike-path\/#breadcrumb\"},\"inLanguage\":\"en-US\",\"potentialAction\":[{\"@type\":\"ReadAction\",\"target\":[\"https:\/\/www.rogatec.si\/en\/where_to_eat_sleep\/parking-for-a-motorhome-under-donacka-gora-by-the-bike-path\/\"]}]},{\"@type\":\"ImageObject\",\"inLanguage\":\"en-US\",\"@id\":\"https:\/\/www.rogatec.si\/en\/where_to_eat_sleep\/parking-for-a-motorhome-under-donacka-gora-by-the-bike-path\/#primaryimage\",\"url\":\"https:\/\/www.rogatec.si\/wp-content\/uploads\/2018\/10\/Parkiri\u0161\u010de-za-avtodom-pod-Dona\u010dko-goro_ob-kolesarski-poti.jpg\",\"contentUrl\":\"https:\/\/www.rogatec.si\/wp-content\/uploads\/2018\/10\/Parkiri\u0161\u010de-za-avtodom-pod-Dona\u010dko-goro_ob-kolesarski-poti.jpg\",\"width\":1920,\"height\":1280,\"caption\":\"Parkiri\u0161\u010de za avtodom pod Dona\u010dko goro ob kolesarski poti\"},{\"@type\":\"BreadcrumbList\",\"@id\":\"https:\/\/www.rogatec.si\/en\/where_to_eat_sleep\/parking-for-a-motorhome-under-donacka-gora-by-the-bike-path\/#breadcrumb\",\"itemListElement\":[{\"@type\":\"ListItem\",\"position\":1,\"name\":\"Domov\",\"item\":\"https:\/\/www.rogatec.si\/en\/\"},{\"@type\":\"ListItem\",\"position\":2,\"name\":\"Where to eat and sleep\",\"item\":\"https:\/\/www.rogatec.si\/en\/where_to_eat_sleep\/\"},{\"@type\":\"ListItem\",\"position\":3,\"name\":\"Parking for a motorhome under Dona\u010dka gora by the bike path\"}]},{\"@type\":\"WebSite\",\"@id\":\"https:\/\/www.rogatec.si\/#website\",\"url\":\"https:\/\/www.rogatec.si\/\",\"name\":\"Visit Rogatec\",\"description\":\"Taste the heritage\",\"publisher\":{\"@id\":\"https:\/\/www.rogatec.si\/#organization\"},\"potentialAction\":[{\"@type\":\"SearchAction\",\"target\":{\"@type\":\"EntryPoint\",\"urlTemplate\":\"https:\/\/www.rogatec.si\/?s={search_term_string}\"},\"query-input\":{\"@type\":\"PropertyValueSpecification\",\"valueRequired\":true,\"valueName\":\"search_term_string\"}}],\"inLanguage\":\"en-US\"},{\"@type\":\"Organization\",\"@id\":\"https:\/\/www.rogatec.si\/#organization\",\"name\":\"Visit Rogatec\",\"url\":\"https:\/\/www.rogatec.si\/\",\"logo\":{\"@type\":\"ImageObject\",\"inLanguage\":\"en-US\",\"@id\":\"https:\/\/www.rogatec.si\/#\/schema\/logo\/image\/\",\"url\":\"https:\/\/www.rogatec.si\/wp-content\/uploads\/2021\/01\/Rogatec_okusimo_250x80.png\",\"contentUrl\":\"https:\/\/www.rogatec.si\/wp-content\/uploads\/2021\/01\/Rogatec_okusimo_250x80.png\",\"width\":250,\"height\":80,\"caption\":\"Visit Rogatec\"},\"image\":{\"@id\":\"https:\/\/www.rogatec.si\/#\/schema\/logo\/image\/\"}}]}<\/script>\n<!-- \/ Yoast SEO plugin. -->","yoast_head_json":{"title":"Parking for a motorhome under Dona\u010dka gora by the bike path - Visit Rogatec","robots":{"index":"index","follow":"follow","max-snippet":"max-snippet:-1","max-image-preview":"max-image-preview:large","max-video-preview":"max-video-preview:-1"},"canonical":"https:\/\/www.rogatec.si\/en\/where_to_eat_sleep\/parking-for-a-motorhome-under-donacka-gora-by-the-bike-path\/","og_locale":"en_US","og_type":"article","og_title":"Parking for a motorhome under Dona\u010dka gora by the bike path - Visit Rogatec","og_description":"Ptujska cesta 21, Rogatec (GPS: 46.232950 \u00b0 N | 15.701300 \u00b0 E)The Rogatec motorhome stop is arranged in the immediate vicinity of the Open-Air Museum. PZA is about 800m away from the center of Rogatec. PZA Rogatec has 4 parked places for motorhomes, which are equipped with electricity, water, the possibility of emptying toilet cassettes [&hellip;]","og_url":"https:\/\/www.rogatec.si\/en\/where_to_eat_sleep\/parking-for-a-motorhome-under-donacka-gora-by-the-bike-path\/","og_site_name":"Visit Rogatec","article_modified_time":"2021-03-22T11:43:22+00:00","og_image":[{"url":"https:\/\/www.rogatec.si\/wp-content\/uploads\/2018\/10\/Parkiri%C5%A1%C4%8De-za-avtodom-pod-Dona%C4%8Dko-goro_ob-kolesarski-poti.jpg","type":"","width":"","height":""}],"twitter_card":"summary_large_image","schema":{"@context":"https:\/\/schema.org","@graph":[{"@type":"WebPage","@id":"https:\/\/www.rogatec.si\/en\/where_to_eat_sleep\/parking-for-a-motorhome-under-donacka-gora-by-the-bike-path\/","url":"https:\/\/www.rogatec.si\/en\/where_to_eat_sleep\/parking-for-a-motorhome-under-donacka-gora-by-the-bike-path\/","name":"Parking for a motorhome under Dona\u010dka gora by the bike path - Visit Rogatec","isPartOf":{"@id":"https:\/\/www.rogatec.si\/#website"},"primaryImageOfPage":{"@id":"https:\/\/www.rogatec.si\/en\/where_to_eat_sleep\/parking-for-a-motorhome-under-donacka-gora-by-the-bike-path\/#primaryimage"},"image":{"@id":"https:\/\/www.rogatec.si\/en\/where_to_eat_sleep\/parking-for-a-motorhome-under-donacka-gora-by-the-bike-path\/#primaryimage"},"thumbnailUrl":"https:\/\/www.rogatec.si\/wp-content\/uploads\/2018\/10\/Parkiri\u0161\u010de-za-avtodom-pod-Dona\u010dko-goro_ob-kolesarski-poti.jpg","datePublished":"2021-01-03T19:32:14+00:00","dateModified":"2021-03-22T11:43:22+00:00","breadcrumb":{"@id":"https:\/\/www.rogatec.si\/en\/where_to_eat_sleep\/parking-for-a-motorhome-under-donacka-gora-by-the-bike-path\/#breadcrumb"},"inLanguage":"en-US","potentialAction":[{"@type":"ReadAction","target":["https:\/\/www.rogatec.si\/en\/where_to_eat_sleep\/parking-for-a-motorhome-under-donacka-gora-by-the-bike-path\/"]}]},{"@type":"ImageObject","inLanguage":"en-US","@id":"https:\/\/www.rogatec.si\/en\/where_to_eat_sleep\/parking-for-a-motorhome-under-donacka-gora-by-the-bike-path\/#primaryimage","url":"https:\/\/www.rogatec.si\/wp-content\/uploads\/2018\/10\/Parkiri\u0161\u010de-za-avtodom-pod-Dona\u010dko-goro_ob-kolesarski-poti.jpg","contentUrl":"https:\/\/www.rogatec.si\/wp-content\/uploads\/2018\/10\/Parkiri\u0161\u010de-za-avtodom-pod-Dona\u010dko-goro_ob-kolesarski-poti.jpg","width":1920,"height":1280,"caption":"Parkiri\u0161\u010de za avtodom pod Dona\u010dko goro ob kolesarski poti"},{"@type":"BreadcrumbList","@id":"https:\/\/www.rogatec.si\/en\/where_to_eat_sleep\/parking-for-a-motorhome-under-donacka-gora-by-the-bike-path\/#breadcrumb","itemListElement":[{"@type":"ListItem","position":1,"name":"Domov","item":"https:\/\/www.rogatec.si\/en\/"},{"@type":"ListItem","position":2,"name":"Where to eat and sleep","item":"https:\/\/www.rogatec.si\/en\/where_to_eat_sleep\/"},{"@type":"ListItem","position":3,"name":"Parking for a motorhome under Dona\u010dka gora by the bike path"}]},{"@type":"WebSite","@id":"https:\/\/www.rogatec.si\/#website","url":"https:\/\/www.rogatec.si\/","name":"Visit Rogatec","description":"Taste the heritage","publisher":{"@id":"https:\/\/www.rogatec.si\/#organization"},"potentialAction":[{"@type":"SearchAction","target":{"@type":"EntryPoint","urlTemplate":"https:\/\/www.rogatec.si\/?s={search_term_string}"},"query-input":{"@type":"PropertyValueSpecification","valueRequired":true,"valueName":"search_term_string"}}],"inLanguage":"en-US"},{"@type":"Organization","@id":"https:\/\/www.rogatec.si\/#organization","name":"Visit Rogatec","url":"https:\/\/www.rogatec.si\/","logo":{"@type":"ImageObject","inLanguage":"en-US","@id":"https:\/\/www.rogatec.si\/#\/schema\/logo\/image\/","url":"https:\/\/www.rogatec.si\/wp-content\/uploads\/2021\/01\/Rogatec_okusimo_250x80.png","contentUrl":"https:\/\/www.rogatec.si\/wp-content\/uploads\/2021\/01\/Rogatec_okusimo_250x80.png","width":250,"height":80,"caption":"Visit Rogatec"},"image":{"@id":"https:\/\/www.rogatec.si\/#\/schema\/logo\/image\/"}}]}},"uagb_featured_image_src":{"full":["https:\/\/www.rogatec.si\/wp-content\/uploads\/2018\/10\/Parkiri\u0161\u010de-za-avtodom-pod-Dona\u010dko-goro_ob-kolesarski-poti.jpg",1920,1280,false],"thumbnail":["https:\/\/www.rogatec.si\/wp-content\/uploads\/2018\/10\/Parkiri\u0161\u010de-za-avtodom-pod-Dona\u010dko-goro_ob-kolesarski-poti-300x200.jpg",300,200,true],"medium":["https:\/\/www.rogatec.si\/wp-content\/uploads\/2018\/10\/Parkiri\u0161\u010de-za-avtodom-pod-Dona\u010dko-goro_ob-kolesarski-poti-600x400.jpg",600,400,true],"medium_large":["https:\/\/www.rogatec.si\/wp-content\/uploads\/2018\/10\/Parkiri\u0161\u010de-za-avtodom-pod-Dona\u010dko-goro_ob-kolesarski-poti-768x512.jpg",768,512,true],"large":["https:\/\/www.rogatec.si\/wp-content\/uploads\/2018\/10\/Parkiri\u0161\u010de-za-avtodom-pod-Dona\u010dko-goro_ob-kolesarski-poti-1024x683.jpg",1024,683,true],"1536x1536":["https:\/\/www.rogatec.si\/wp-content\/uploads\/2018\/10\/Parkiri\u0161\u010de-za-avtodom-pod-Dona\u010dko-goro_ob-kolesarski-poti-1536x1024.jpg",1536,1024,true],"2048x2048":["https:\/\/www.rogatec.si\/wp-content\/uploads\/2018\/10\/Parkiri\u0161\u010de-za-avtodom-pod-Dona\u010dko-goro_ob-kolesarski-poti.jpg",1920,1280,false],"custom-image-square":["https:\/\/www.rogatec.si\/wp-content\/uploads\/2018\/10\/Parkiri\u0161\u010de-za-avtodom-pod-Dona\u010dko-goro_ob-kolesarski-poti.jpg",600,400,false],"featured-medium":["https:\/\/www.rogatec.si\/wp-content\/uploads\/2018\/10\/Parkiri\u0161\u010de-za-avtodom-pod-Dona\u010dko-goro_ob-kolesarski-poti.jpg",300,200,false]},"uagb_author_info":{"display_name":"Rogatec","author_link":"https:\/\/www.rogatec.si\/en\/author\/vedran72\/"},"uagb_comment_info":0,"uagb_excerpt":"Ptujska cesta 21, Rogatec (GPS: 46.232950 \u00b0 N | 15.701300 \u00b0 E)The Rogatec motorhome stop is arranged in the immediate vicinity of the Open-Air Museum. PZA is about 800m away from the center of Rogatec. PZA Rogatec has 4 parked places for motorhomes, which are equipped with electricity, water, the possibility of emptying toilet cassettes&hellip;","_links":{"self":[{"href":"https:\/\/www.rogatec.si\/en\/wp-json\/wp\/v2\/pages\/57026","targetHints":{"allow":["GET"]}}],"collection":[{"href":"https:\/\/www.rogatec.si\/en\/wp-json\/wp\/v2\/pages"}],"about":[{"href":"https:\/\/www.rogatec.si\/en\/wp-json\/wp\/v2\/types\/page"}],"author":[{"embeddable":true,"href":"https:\/\/www.rogatec.si\/en\/wp-json\/wp\/v2\/users\/5"}],"replies":[{"embeddable":true,"href":"https:\/\/www.rogatec.si\/en\/wp-json\/wp\/v2\/comments?post=57026"}],"version-history":[{"count":1,"href":"https:\/\/www.rogatec.si\/en\/wp-json\/wp\/v2\/pages\/57026\/revisions"}],"predecessor-version":[{"id":57027,"href":"https:\/\/www.rogatec.si\/en\/wp-json\/wp\/v2\/pages\/57026\/revisions\/57027"}],"up":[{"embeddable":true,"href":"https:\/\/www.rogatec.si\/en\/wp-json\/wp\/v2\/pages\/52527"}],"wp:featuredmedia":[{"embeddable":true,"href":"https:\/\/www.rogatec.si\/en\/wp-json\/wp\/v2\/media\/56409"}],"wp:attachment":[{"href":"https:\/\/www.rogatec.si\/en\/wp-json\/wp\/v2\/media?parent=57026"}],"curies":[{"name":"wp","href":"https:\/\/api.w.org\/{rel}","templated":true}]}}