{"id":57036,"date":"2021-01-03T20:14:59","date_gmt":"2021-01-03T19:14:59","guid":{"rendered":"https:\/\/www.rogatec.si\/where_to_eat_sleep\/guesthouse-jutrisa-with-accommodation\/"},"modified":"2021-03-22T12:44:20","modified_gmt":"2021-03-22T11:44:20","slug":"guesthouse-jutrisa-with-accommodation","status":"publish","type":"page","link":"https:\/\/www.rogatec.si\/en\/where_to_eat_sleep\/guesthouse-jutrisa-with-accommodation\/","title":{"rendered":"Guesthouse Jutri\u0161a with accommodation"},"content":{"rendered":"\n<div class=\"wp-block-getwid-images-slider has-arrows-inside has-dots-inside has-captions captions-style-light captions-bottom-center has-images-center has-cropped-images has-fixed-height\"><div class=\"wp-block-getwid-images-slider__wrapper\" data-effect=\"slide\" data-slides-show=\"1\" data-slides-show-laptop=\"1\" data-slides-show-tablet=\"1\" data-slides-show-mobile=\"1\" data-slides-scroll=\"1\" data-autoplay=\"false\" data-autoplay-speed=\"6000\" data-infinite=\"true\" data-animation-speed=\"800\" data-center-mode=\"false\" data-variable-width=\"false\" data-arrows=\"inside\" data-dots=\"inside\" data-spacing=\"none\"><div class=\"wp-block-getwid-images-slider__item\" style=\"height:450px\"><figure><img decoding=\"async\" width=\"1024\" height=\"678\" data-src=\"https:\/\/www.rogatec.si\/wp-content\/uploads\/2016\/04\/80799948-1.jpg\" alt=\"Guesthouse Jutri\u0161a with accommodation\" data-id=\"53746\" data-link=\"https:\/\/www.rogatec.si\/kje-jesti-in-spati\/80799948-2\/\" data-original-link=\"https:\/\/www.rogatec.si\/wp-content\/uploads\/2016\/04\/80799948-1.jpg\" class=\"wp-block-getwid-images-slider__image wp-image-53746 lazyload\" data-srcset=\"https:\/\/www.rogatec.si\/wp-content\/uploads\/2016\/04\/80799948-1.jpg 1024w, https:\/\/www.rogatec.si\/wp-content\/uploads\/2016\/04\/80799948-1-600x397.jpg 600w, https:\/\/www.rogatec.si\/wp-content\/uploads\/2016\/04\/80799948-1-300x199.jpg 300w, https:\/\/www.rogatec.si\/wp-content\/uploads\/2016\/04\/80799948-1-768x509.jpg 768w\" data-sizes=\"(max-width: 1024px) 100vw, 1024px\" src=\"data:image\/svg+xml;base64,PHN2ZyB3aWR0aD0iMSIgaGVpZ2h0PSIxIiB4bWxucz0iaHR0cDovL3d3dy53My5vcmcvMjAwMC9zdmciPjwvc3ZnPg==\" style=\"--smush-placeholder-width: 1024px; --smush-placeholder-aspect-ratio: 1024\/678;\" \/><figcaption class=\"wp-block-getwid-images-slider__caption\">Guesthouse Jutri\u0161a with accommodation<\/figcaption><\/figure><\/div><div class=\"wp-block-getwid-images-slider__item\" style=\"height:450px\"><figure><img decoding=\"async\" data-src=\"https:\/\/www.rogatec.si\/wp-content\/uploads\/2016\/09\/Gosti%C5%A1%C4%8De-JUTRI%C5%A0A-1.jpg\" alt=\"Guesthouse Jutri\u0161a with accommodation\" data-id=\"52820\" data-link=\"https:\/\/www.rogatec.si\/gostisce-jutrisa-2\/\" data-original-link=\"https:\/\/www.rogatec.si\/wp-content\/uploads\/2016\/09\/Gosti\u0161\u010de-JUTRI\u0160A-1.jpg\" class=\"wp-block-getwid-images-slider__image wp-image-52820 lazyload\" src=\"data:image\/svg+xml;base64,PHN2ZyB3aWR0aD0iMSIgaGVpZ2h0PSIxIiB4bWxucz0iaHR0cDovL3d3dy53My5vcmcvMjAwMC9zdmciPjwvc3ZnPg==\"><figcaption class=\"wp-block-getwid-images-slider__caption\">Guesthouse Jutri\u0161a with accommodation<\/figcaption><\/figure><\/div><\/div><\/div>\n\n<div class=\"wp-block-getwid-advanced-spacer\" style=\"height:30px\" aria-hidden=\"true\"><\/div>\n\n<hr class=\"wp-block-separator is-style-wide\"\/>\n\n<p>Roads 80, Rogatec<br\/>T: +386 41 419 713<br\/>E:<a href=\"mailto:info@gostisce-jutrisa.si\"> marka@siol.net<\/a><br\/>W:<a href=\"https:\/\/www.gostisce-jutrisa.si\"> www.gostisce-jutrisa.si<\/a><\/p>\n","protected":false},"excerpt":{"rendered":"<p>Roads 80, RogatecT: +386 41 419 713E: marka@siol.netW: www.gostisce-jutrisa.si<\/p>\n","protected":false},"author":5,"featured_media":71547,"parent":52527,"menu_order":5,"comment_status":"closed","ping_status":"closed","template":"","meta":{"_uag_custom_page_level_css":"","footnotes":""},"class_list":["post-57036","page","type-page","status-publish","has-post-thumbnail","hentry"],"yoast_head":"<!-- This site is optimized with the Yoast SEO plugin v27.2 - https:\/\/yoast.com\/product\/yoast-seo-wordpress\/ -->\n<title>Guesthouse Jutri\u0161a with accommodation - Visit Rogatec<\/title>\n<meta name=\"robots\" content=\"index, follow, max-snippet:-1, max-image-preview:large, max-video-preview:-1\" \/>\n<link rel=\"canonical\" href=\"https:\/\/www.rogatec.si\/en\/where_to_eat_sleep\/guesthouse-jutrisa-with-accommodation\/\" \/>\n<meta property=\"og:locale\" content=\"en_US\" \/>\n<meta property=\"og:type\" content=\"article\" \/>\n<meta property=\"og:title\" content=\"Guesthouse Jutri\u0161a with accommodation - Visit Rogatec\" \/>\n<meta property=\"og:description\" content=\"Roads 80, RogatecT: +386 41 419 713E: marka@siol.netW: www.gostisce-jutrisa.si\" \/>\n<meta property=\"og:url\" content=\"https:\/\/www.rogatec.si\/en\/where_to_eat_sleep\/guesthouse-jutrisa-with-accommodation\/\" \/>\n<meta property=\"og:site_name\" content=\"Visit Rogatec\" \/>\n<meta property=\"article:modified_time\" content=\"2021-03-22T11:44:20+00:00\" \/>\n<meta property=\"og:image\" content=\"https:\/\/www.rogatec.si\/wp-content\/uploads\/2016\/04\/80799948-1.jpg\" \/>\n<meta name=\"twitter:card\" content=\"summary_large_image\" \/>\n<script type=\"application\/ld+json\" class=\"yoast-schema-graph\">{\"@context\":\"https:\/\/schema.org\",\"@graph\":[{\"@type\":\"WebPage\",\"@id\":\"https:\/\/www.rogatec.si\/en\/where_to_eat_sleep\/guesthouse-jutrisa-with-accommodation\/\",\"url\":\"https:\/\/www.rogatec.si\/en\/where_to_eat_sleep\/guesthouse-jutrisa-with-accommodation\/\",\"name\":\"Guesthouse Jutri\u0161a with accommodation - Visit Rogatec\",\"isPartOf\":{\"@id\":\"https:\/\/www.rogatec.si\/#website\"},\"primaryImageOfPage\":{\"@id\":\"https:\/\/www.rogatec.si\/en\/where_to_eat_sleep\/guesthouse-jutrisa-with-accommodation\/#primaryimage\"},\"image\":{\"@id\":\"https:\/\/www.rogatec.si\/en\/where_to_eat_sleep\/guesthouse-jutrisa-with-accommodation\/#primaryimage\"},\"thumbnailUrl\":\"https:\/\/www.rogatec.si\/wp-content\/uploads\/2025\/09\/Gostisce-Jutrisa-Zunanji-objekt.jpg\",\"datePublished\":\"2021-01-03T19:14:59+00:00\",\"dateModified\":\"2021-03-22T11:44:20+00:00\",\"breadcrumb\":{\"@id\":\"https:\/\/www.rogatec.si\/en\/where_to_eat_sleep\/guesthouse-jutrisa-with-accommodation\/#breadcrumb\"},\"inLanguage\":\"en-US\",\"potentialAction\":[{\"@type\":\"ReadAction\",\"target\":[\"https:\/\/www.rogatec.si\/en\/where_to_eat_sleep\/guesthouse-jutrisa-with-accommodation\/\"]}]},{\"@type\":\"ImageObject\",\"inLanguage\":\"en-US\",\"@id\":\"https:\/\/www.rogatec.si\/en\/where_to_eat_sleep\/guesthouse-jutrisa-with-accommodation\/#primaryimage\",\"url\":\"https:\/\/www.rogatec.si\/wp-content\/uploads\/2025\/09\/Gostisce-Jutrisa-Zunanji-objekt.jpg\",\"contentUrl\":\"https:\/\/www.rogatec.si\/wp-content\/uploads\/2025\/09\/Gostisce-Jutrisa-Zunanji-objekt.jpg\",\"width\":1440,\"height\":994},{\"@type\":\"BreadcrumbList\",\"@id\":\"https:\/\/www.rogatec.si\/en\/where_to_eat_sleep\/guesthouse-jutrisa-with-accommodation\/#breadcrumb\",\"itemListElement\":[{\"@type\":\"ListItem\",\"position\":1,\"name\":\"Domov\",\"item\":\"https:\/\/www.rogatec.si\/en\/\"},{\"@type\":\"ListItem\",\"position\":2,\"name\":\"Where to eat and sleep\",\"item\":\"https:\/\/www.rogatec.si\/en\/where_to_eat_sleep\/\"},{\"@type\":\"ListItem\",\"position\":3,\"name\":\"Guesthouse Jutri\u0161a with accommodation\"}]},{\"@type\":\"WebSite\",\"@id\":\"https:\/\/www.rogatec.si\/#website\",\"url\":\"https:\/\/www.rogatec.si\/\",\"name\":\"Visit Rogatec\",\"description\":\"Taste the heritage\",\"publisher\":{\"@id\":\"https:\/\/www.rogatec.si\/#organization\"},\"potentialAction\":[{\"@type\":\"SearchAction\",\"target\":{\"@type\":\"EntryPoint\",\"urlTemplate\":\"https:\/\/www.rogatec.si\/?s={search_term_string}\"},\"query-input\":{\"@type\":\"PropertyValueSpecification\",\"valueRequired\":true,\"valueName\":\"search_term_string\"}}],\"inLanguage\":\"en-US\"},{\"@type\":\"Organization\",\"@id\":\"https:\/\/www.rogatec.si\/#organization\",\"name\":\"Visit Rogatec\",\"url\":\"https:\/\/www.rogatec.si\/\",\"logo\":{\"@type\":\"ImageObject\",\"inLanguage\":\"en-US\",\"@id\":\"https:\/\/www.rogatec.si\/#\/schema\/logo\/image\/\",\"url\":\"https:\/\/www.rogatec.si\/wp-content\/uploads\/2021\/01\/Rogatec_okusimo_250x80.png\",\"contentUrl\":\"https:\/\/www.rogatec.si\/wp-content\/uploads\/2021\/01\/Rogatec_okusimo_250x80.png\",\"width\":250,\"height\":80,\"caption\":\"Visit Rogatec\"},\"image\":{\"@id\":\"https:\/\/www.rogatec.si\/#\/schema\/logo\/image\/\"}}]}<\/script>\n<!-- \/ Yoast SEO plugin. -->","yoast_head_json":{"title":"Guesthouse Jutri\u0161a with accommodation - Visit Rogatec","robots":{"index":"index","follow":"follow","max-snippet":"max-snippet:-1","max-image-preview":"max-image-preview:large","max-video-preview":"max-video-preview:-1"},"canonical":"https:\/\/www.rogatec.si\/en\/where_to_eat_sleep\/guesthouse-jutrisa-with-accommodation\/","og_locale":"en_US","og_type":"article","og_title":"Guesthouse Jutri\u0161a with accommodation - Visit Rogatec","og_description":"Roads 80, RogatecT: +386 41 419 713E: marka@siol.netW: www.gostisce-jutrisa.si","og_url":"https:\/\/www.rogatec.si\/en\/where_to_eat_sleep\/guesthouse-jutrisa-with-accommodation\/","og_site_name":"Visit Rogatec","article_modified_time":"2021-03-22T11:44:20+00:00","og_image":[{"url":"https:\/\/www.rogatec.si\/wp-content\/uploads\/2016\/04\/80799948-1.jpg","type":"","width":"","height":""}],"twitter_card":"summary_large_image","schema":{"@context":"https:\/\/schema.org","@graph":[{"@type":"WebPage","@id":"https:\/\/www.rogatec.si\/en\/where_to_eat_sleep\/guesthouse-jutrisa-with-accommodation\/","url":"https:\/\/www.rogatec.si\/en\/where_to_eat_sleep\/guesthouse-jutrisa-with-accommodation\/","name":"Guesthouse Jutri\u0161a with accommodation - Visit Rogatec","isPartOf":{"@id":"https:\/\/www.rogatec.si\/#website"},"primaryImageOfPage":{"@id":"https:\/\/www.rogatec.si\/en\/where_to_eat_sleep\/guesthouse-jutrisa-with-accommodation\/#primaryimage"},"image":{"@id":"https:\/\/www.rogatec.si\/en\/where_to_eat_sleep\/guesthouse-jutrisa-with-accommodation\/#primaryimage"},"thumbnailUrl":"https:\/\/www.rogatec.si\/wp-content\/uploads\/2025\/09\/Gostisce-Jutrisa-Zunanji-objekt.jpg","datePublished":"2021-01-03T19:14:59+00:00","dateModified":"2021-03-22T11:44:20+00:00","breadcrumb":{"@id":"https:\/\/www.rogatec.si\/en\/where_to_eat_sleep\/guesthouse-jutrisa-with-accommodation\/#breadcrumb"},"inLanguage":"en-US","potentialAction":[{"@type":"ReadAction","target":["https:\/\/www.rogatec.si\/en\/where_to_eat_sleep\/guesthouse-jutrisa-with-accommodation\/"]}]},{"@type":"ImageObject","inLanguage":"en-US","@id":"https:\/\/www.rogatec.si\/en\/where_to_eat_sleep\/guesthouse-jutrisa-with-accommodation\/#primaryimage","url":"https:\/\/www.rogatec.si\/wp-content\/uploads\/2025\/09\/Gostisce-Jutrisa-Zunanji-objekt.jpg","contentUrl":"https:\/\/www.rogatec.si\/wp-content\/uploads\/2025\/09\/Gostisce-Jutrisa-Zunanji-objekt.jpg","width":1440,"height":994},{"@type":"BreadcrumbList","@id":"https:\/\/www.rogatec.si\/en\/where_to_eat_sleep\/guesthouse-jutrisa-with-accommodation\/#breadcrumb","itemListElement":[{"@type":"ListItem","position":1,"name":"Domov","item":"https:\/\/www.rogatec.si\/en\/"},{"@type":"ListItem","position":2,"name":"Where to eat and sleep","item":"https:\/\/www.rogatec.si\/en\/where_to_eat_sleep\/"},{"@type":"ListItem","position":3,"name":"Guesthouse Jutri\u0161a with accommodation"}]},{"@type":"WebSite","@id":"https:\/\/www.rogatec.si\/#website","url":"https:\/\/www.rogatec.si\/","name":"Visit Rogatec","description":"Taste the heritage","publisher":{"@id":"https:\/\/www.rogatec.si\/#organization"},"potentialAction":[{"@type":"SearchAction","target":{"@type":"EntryPoint","urlTemplate":"https:\/\/www.rogatec.si\/?s={search_term_string}"},"query-input":{"@type":"PropertyValueSpecification","valueRequired":true,"valueName":"search_term_string"}}],"inLanguage":"en-US"},{"@type":"Organization","@id":"https:\/\/www.rogatec.si\/#organization","name":"Visit Rogatec","url":"https:\/\/www.rogatec.si\/","logo":{"@type":"ImageObject","inLanguage":"en-US","@id":"https:\/\/www.rogatec.si\/#\/schema\/logo\/image\/","url":"https:\/\/www.rogatec.si\/wp-content\/uploads\/2021\/01\/Rogatec_okusimo_250x80.png","contentUrl":"https:\/\/www.rogatec.si\/wp-content\/uploads\/2021\/01\/Rogatec_okusimo_250x80.png","width":250,"height":80,"caption":"Visit Rogatec"},"image":{"@id":"https:\/\/www.rogatec.si\/#\/schema\/logo\/image\/"}}]}},"uagb_featured_image_src":{"full":["https:\/\/www.rogatec.si\/wp-content\/uploads\/2025\/09\/Gostisce-Jutrisa-Zunanji-objekt.jpg",1440,994,false],"thumbnail":["https:\/\/www.rogatec.si\/wp-content\/uploads\/2025\/09\/Gostisce-Jutrisa-Zunanji-objekt-300x200.jpg",300,200,true],"medium":["https:\/\/www.rogatec.si\/wp-content\/uploads\/2025\/09\/Gostisce-Jutrisa-Zunanji-objekt-579x400.jpg",579,400,true],"medium_large":["https:\/\/www.rogatec.si\/wp-content\/uploads\/2025\/09\/Gostisce-Jutrisa-Zunanji-objekt-768x530.jpg",768,530,true],"large":["https:\/\/www.rogatec.si\/wp-content\/uploads\/2025\/09\/Gostisce-Jutrisa-Zunanji-objekt-1024x707.jpg",1024,707,true],"1536x1536":["https:\/\/www.rogatec.si\/wp-content\/uploads\/2025\/09\/Gostisce-Jutrisa-Zunanji-objekt.jpg",1440,994,false],"2048x2048":["https:\/\/www.rogatec.si\/wp-content\/uploads\/2025\/09\/Gostisce-Jutrisa-Zunanji-objekt.jpg",1440,994,false],"custom-image-square":["https:\/\/www.rogatec.si\/wp-content\/uploads\/2025\/09\/Gostisce-Jutrisa-Zunanji-objekt-600x600.jpg",600,600,true],"featured-medium":["https:\/\/www.rogatec.si\/wp-content\/uploads\/2025\/09\/Gostisce-Jutrisa-Zunanji-objekt-300x300.jpg",300,300,true]},"uagb_author_info":{"display_name":"Rogatec","author_link":"https:\/\/www.rogatec.si\/en\/author\/vedran72\/"},"uagb_comment_info":0,"uagb_excerpt":"Roads 80, RogatecT: +386 41 419 713E: marka@siol.netW: www.gostisce-jutrisa.si","_links":{"self":[{"href":"https:\/\/www.rogatec.si\/en\/wp-json\/wp\/v2\/pages\/57036","targetHints":{"allow":["GET"]}}],"collection":[{"href":"https:\/\/www.rogatec.si\/en\/wp-json\/wp\/v2\/pages"}],"about":[{"href":"https:\/\/www.rogatec.si\/en\/wp-json\/wp\/v2\/types\/page"}],"author":[{"embeddable":true,"href":"https:\/\/www.rogatec.si\/en\/wp-json\/wp\/v2\/users\/5"}],"replies":[{"embeddable":true,"href":"https:\/\/www.rogatec.si\/en\/wp-json\/wp\/v2\/comments?post=57036"}],"version-history":[{"count":1,"href":"https:\/\/www.rogatec.si\/en\/wp-json\/wp\/v2\/pages\/57036\/revisions"}],"predecessor-version":[{"id":57037,"href":"https:\/\/www.rogatec.si\/en\/wp-json\/wp\/v2\/pages\/57036\/revisions\/57037"}],"up":[{"embeddable":true,"href":"https:\/\/www.rogatec.si\/en\/wp-json\/wp\/v2\/pages\/52527"}],"wp:featuredmedia":[{"embeddable":true,"href":"https:\/\/www.rogatec.si\/en\/wp-json\/wp\/v2\/media\/71547"}],"wp:attachment":[{"href":"https:\/\/www.rogatec.si\/en\/wp-json\/wp\/v2\/media?parent=57036"}],"curies":[{"name":"wp","href":"https:\/\/api.w.org\/{rel}","templated":true}]}}