{"id":57038,"date":"2021-01-03T20:13:48","date_gmt":"2021-01-03T19:13:48","guid":{"rendered":"https:\/\/www.rogatec.si\/where_to_eat_sleep\/guesthouse-pod-goro\/"},"modified":"2021-03-22T12:44:46","modified_gmt":"2021-03-22T11:44:46","slug":"guesthouse-pod-goro","status":"publish","type":"page","link":"https:\/\/www.rogatec.si\/en\/where_to_eat_sleep\/guesthouse-pod-goro\/","title":{"rendered":"Guesthouse Pod Goro"},"content":{"rendered":"\n<div class=\"wp-block-getwid-images-slider has-arrows-inside has-dots-inside has-captions captions-style-light captions-bottom-center has-images-center has-cropped-images has-fixed-height\"><div class=\"wp-block-getwid-images-slider__wrapper\" data-effect=\"slide\" data-slides-show=\"1\" data-slides-show-laptop=\"1\" data-slides-show-tablet=\"1\" data-slides-show-mobile=\"1\" data-slides-scroll=\"1\" data-autoplay=\"false\" data-autoplay-speed=\"6000\" data-infinite=\"true\" data-animation-speed=\"800\" data-center-mode=\"false\" data-variable-width=\"false\" data-arrows=\"inside\" data-dots=\"inside\" data-spacing=\"none\"><div class=\"wp-block-getwid-images-slider__item\" style=\"height:450px\"><figure><img decoding=\"async\" data-src=\"https:\/\/www.rogatec.si\/wp-content\/uploads\/2016\/09\/Gosti%C5%A1%C4%8De-pod-goro_notranjost-1.jpg\" alt=\"Guesthouse Pod Goro\" data-id=\"52821\" data-link=\"https:\/\/www.rogatec.si\/gostisce-pod-goro_notranjost-2\/\" data-original-link=\"https:\/\/www.rogatec.si\/wp-content\/uploads\/2016\/09\/Gosti\u0161\u010de-pod-goro_notranjost-1.jpg\" class=\"wp-block-getwid-images-slider__image wp-image-52821 lazyload\" src=\"data:image\/svg+xml;base64,PHN2ZyB3aWR0aD0iMSIgaGVpZ2h0PSIxIiB4bWxucz0iaHR0cDovL3d3dy53My5vcmcvMjAwMC9zdmciPjwvc3ZnPg==\"><figcaption class=\"wp-block-getwid-images-slider__caption\">Guesthouse Pod Goro<\/figcaption><\/figure><\/div><\/div><\/div>\n\n<div class=\"wp-block-getwid-advanced-spacer\" style=\"height:30px\" aria-hidden=\"true\"><\/div>\n\n<hr class=\"wp-block-separator is-style-wide\"\/>\n\n<p>Dona\u010dka gora 13, Rogatec<br\/>T: +386 31 732 474<br\/>E:<a href=\"mailto:%20gostisce.podgoro@gmail.com\"> gostisce.podgoro@gmail.com<\/a><br\/>W:<a target=\"_blank\" href=\"https:\/\/www.podgoro.com\" rel=\"noreferrer noopener\"> www.podgoro.com<\/a><\/p>\n","protected":false},"excerpt":{"rendered":"<p>Dona\u010dka gora 13, RogatecT: +386 31 732 474E: gostisce.podgoro@gmail.comW: www.podgoro.com<\/p>\n","protected":false},"author":5,"featured_media":76037,"parent":52527,"menu_order":6,"comment_status":"closed","ping_status":"closed","template":"","meta":{"_uag_custom_page_level_css":"","footnotes":""},"class_list":["post-57038","page","type-page","status-publish","has-post-thumbnail","hentry"],"yoast_head":"<!-- This site is optimized with the Yoast SEO plugin v27.2 - https:\/\/yoast.com\/product\/yoast-seo-wordpress\/ -->\n<title>Guesthouse Pod Goro - Visit Rogatec<\/title>\n<meta name=\"robots\" content=\"index, follow, max-snippet:-1, max-image-preview:large, max-video-preview:-1\" \/>\n<link rel=\"canonical\" href=\"https:\/\/www.rogatec.si\/en\/where_to_eat_sleep\/guesthouse-pod-goro\/\" \/>\n<meta property=\"og:locale\" content=\"en_US\" \/>\n<meta property=\"og:type\" content=\"article\" \/>\n<meta property=\"og:title\" content=\"Guesthouse Pod Goro - Visit Rogatec\" \/>\n<meta property=\"og:description\" content=\"Dona\u010dka gora 13, RogatecT: +386 31 732 474E: gostisce.podgoro@gmail.comW: www.podgoro.com\" \/>\n<meta property=\"og:url\" content=\"https:\/\/www.rogatec.si\/en\/where_to_eat_sleep\/guesthouse-pod-goro\/\" \/>\n<meta property=\"og:site_name\" content=\"Visit Rogatec\" \/>\n<meta property=\"article:modified_time\" content=\"2021-03-22T11:44:46+00:00\" \/>\n<meta property=\"og:image\" content=\"https:\/\/www.rogatec.si\/wp-content\/uploads\/2016\/09\/Gosti%C5%A1%C4%8De-pod-goro_notranjost-1.jpg\" \/>\n<meta name=\"twitter:card\" content=\"summary_large_image\" \/>\n<script type=\"application\/ld+json\" class=\"yoast-schema-graph\">{\"@context\":\"https:\/\/schema.org\",\"@graph\":[{\"@type\":\"WebPage\",\"@id\":\"https:\/\/www.rogatec.si\/en\/where_to_eat_sleep\/guesthouse-pod-goro\/\",\"url\":\"https:\/\/www.rogatec.si\/en\/where_to_eat_sleep\/guesthouse-pod-goro\/\",\"name\":\"Guesthouse Pod Goro - Visit Rogatec\",\"isPartOf\":{\"@id\":\"https:\/\/www.rogatec.si\/#website\"},\"primaryImageOfPage\":{\"@id\":\"https:\/\/www.rogatec.si\/en\/where_to_eat_sleep\/guesthouse-pod-goro\/#primaryimage\"},\"image\":{\"@id\":\"https:\/\/www.rogatec.si\/en\/where_to_eat_sleep\/guesthouse-pod-goro\/#primaryimage\"},\"thumbnailUrl\":\"https:\/\/www.rogatec.si\/wp-content\/uploads\/2016\/09\/Gosti\u0161\u010de-pod-goro_notranjost-1.jpg\",\"datePublished\":\"2021-01-03T19:13:48+00:00\",\"dateModified\":\"2021-03-22T11:44:46+00:00\",\"breadcrumb\":{\"@id\":\"https:\/\/www.rogatec.si\/en\/where_to_eat_sleep\/guesthouse-pod-goro\/#breadcrumb\"},\"inLanguage\":\"en-US\",\"potentialAction\":[{\"@type\":\"ReadAction\",\"target\":[\"https:\/\/www.rogatec.si\/en\/where_to_eat_sleep\/guesthouse-pod-goro\/\"]}]},{\"@type\":\"ImageObject\",\"inLanguage\":\"en-US\",\"@id\":\"https:\/\/www.rogatec.si\/en\/where_to_eat_sleep\/guesthouse-pod-goro\/#primaryimage\",\"url\":\"https:\/\/www.rogatec.si\/wp-content\/uploads\/2016\/09\/Gosti\u0161\u010de-pod-goro_notranjost-1.jpg\",\"contentUrl\":\"https:\/\/www.rogatec.si\/wp-content\/uploads\/2016\/09\/Gosti\u0161\u010de-pod-goro_notranjost-1.jpg\",\"width\":960,\"height\":719,\"caption\":\"Gosti\u0161\u010de Pod Goro\"},{\"@type\":\"BreadcrumbList\",\"@id\":\"https:\/\/www.rogatec.si\/en\/where_to_eat_sleep\/guesthouse-pod-goro\/#breadcrumb\",\"itemListElement\":[{\"@type\":\"ListItem\",\"position\":1,\"name\":\"Domov\",\"item\":\"https:\/\/www.rogatec.si\/en\/\"},{\"@type\":\"ListItem\",\"position\":2,\"name\":\"Where to eat and sleep\",\"item\":\"https:\/\/www.rogatec.si\/en\/where_to_eat_sleep\/\"},{\"@type\":\"ListItem\",\"position\":3,\"name\":\"Guesthouse Pod Goro\"}]},{\"@type\":\"WebSite\",\"@id\":\"https:\/\/www.rogatec.si\/#website\",\"url\":\"https:\/\/www.rogatec.si\/\",\"name\":\"Visit Rogatec\",\"description\":\"Taste the heritage\",\"publisher\":{\"@id\":\"https:\/\/www.rogatec.si\/#organization\"},\"potentialAction\":[{\"@type\":\"SearchAction\",\"target\":{\"@type\":\"EntryPoint\",\"urlTemplate\":\"https:\/\/www.rogatec.si\/?s={search_term_string}\"},\"query-input\":{\"@type\":\"PropertyValueSpecification\",\"valueRequired\":true,\"valueName\":\"search_term_string\"}}],\"inLanguage\":\"en-US\"},{\"@type\":\"Organization\",\"@id\":\"https:\/\/www.rogatec.si\/#organization\",\"name\":\"Visit Rogatec\",\"url\":\"https:\/\/www.rogatec.si\/\",\"logo\":{\"@type\":\"ImageObject\",\"inLanguage\":\"en-US\",\"@id\":\"https:\/\/www.rogatec.si\/#\/schema\/logo\/image\/\",\"url\":\"https:\/\/www.rogatec.si\/wp-content\/uploads\/2021\/01\/Rogatec_okusimo_250x80.png\",\"contentUrl\":\"https:\/\/www.rogatec.si\/wp-content\/uploads\/2021\/01\/Rogatec_okusimo_250x80.png\",\"width\":250,\"height\":80,\"caption\":\"Visit Rogatec\"},\"image\":{\"@id\":\"https:\/\/www.rogatec.si\/#\/schema\/logo\/image\/\"}}]}<\/script>\n<!-- \/ Yoast SEO plugin. -->","yoast_head_json":{"title":"Guesthouse Pod Goro - Visit Rogatec","robots":{"index":"index","follow":"follow","max-snippet":"max-snippet:-1","max-image-preview":"max-image-preview:large","max-video-preview":"max-video-preview:-1"},"canonical":"https:\/\/www.rogatec.si\/en\/where_to_eat_sleep\/guesthouse-pod-goro\/","og_locale":"en_US","og_type":"article","og_title":"Guesthouse Pod Goro - Visit Rogatec","og_description":"Dona\u010dka gora 13, RogatecT: +386 31 732 474E: gostisce.podgoro@gmail.comW: www.podgoro.com","og_url":"https:\/\/www.rogatec.si\/en\/where_to_eat_sleep\/guesthouse-pod-goro\/","og_site_name":"Visit Rogatec","article_modified_time":"2021-03-22T11:44:46+00:00","og_image":[{"url":"https:\/\/www.rogatec.si\/wp-content\/uploads\/2016\/09\/Gosti%C5%A1%C4%8De-pod-goro_notranjost-1.jpg","type":"","width":"","height":""}],"twitter_card":"summary_large_image","schema":{"@context":"https:\/\/schema.org","@graph":[{"@type":"WebPage","@id":"https:\/\/www.rogatec.si\/en\/where_to_eat_sleep\/guesthouse-pod-goro\/","url":"https:\/\/www.rogatec.si\/en\/where_to_eat_sleep\/guesthouse-pod-goro\/","name":"Guesthouse Pod Goro - Visit Rogatec","isPartOf":{"@id":"https:\/\/www.rogatec.si\/#website"},"primaryImageOfPage":{"@id":"https:\/\/www.rogatec.si\/en\/where_to_eat_sleep\/guesthouse-pod-goro\/#primaryimage"},"image":{"@id":"https:\/\/www.rogatec.si\/en\/where_to_eat_sleep\/guesthouse-pod-goro\/#primaryimage"},"thumbnailUrl":"https:\/\/www.rogatec.si\/wp-content\/uploads\/2016\/09\/Gosti\u0161\u010de-pod-goro_notranjost-1.jpg","datePublished":"2021-01-03T19:13:48+00:00","dateModified":"2021-03-22T11:44:46+00:00","breadcrumb":{"@id":"https:\/\/www.rogatec.si\/en\/where_to_eat_sleep\/guesthouse-pod-goro\/#breadcrumb"},"inLanguage":"en-US","potentialAction":[{"@type":"ReadAction","target":["https:\/\/www.rogatec.si\/en\/where_to_eat_sleep\/guesthouse-pod-goro\/"]}]},{"@type":"ImageObject","inLanguage":"en-US","@id":"https:\/\/www.rogatec.si\/en\/where_to_eat_sleep\/guesthouse-pod-goro\/#primaryimage","url":"https:\/\/www.rogatec.si\/wp-content\/uploads\/2016\/09\/Gosti\u0161\u010de-pod-goro_notranjost-1.jpg","contentUrl":"https:\/\/www.rogatec.si\/wp-content\/uploads\/2016\/09\/Gosti\u0161\u010de-pod-goro_notranjost-1.jpg","width":960,"height":719,"caption":"Gosti\u0161\u010de Pod Goro"},{"@type":"BreadcrumbList","@id":"https:\/\/www.rogatec.si\/en\/where_to_eat_sleep\/guesthouse-pod-goro\/#breadcrumb","itemListElement":[{"@type":"ListItem","position":1,"name":"Domov","item":"https:\/\/www.rogatec.si\/en\/"},{"@type":"ListItem","position":2,"name":"Where to eat and sleep","item":"https:\/\/www.rogatec.si\/en\/where_to_eat_sleep\/"},{"@type":"ListItem","position":3,"name":"Guesthouse Pod Goro"}]},{"@type":"WebSite","@id":"https:\/\/www.rogatec.si\/#website","url":"https:\/\/www.rogatec.si\/","name":"Visit Rogatec","description":"Taste the heritage","publisher":{"@id":"https:\/\/www.rogatec.si\/#organization"},"potentialAction":[{"@type":"SearchAction","target":{"@type":"EntryPoint","urlTemplate":"https:\/\/www.rogatec.si\/?s={search_term_string}"},"query-input":{"@type":"PropertyValueSpecification","valueRequired":true,"valueName":"search_term_string"}}],"inLanguage":"en-US"},{"@type":"Organization","@id":"https:\/\/www.rogatec.si\/#organization","name":"Visit Rogatec","url":"https:\/\/www.rogatec.si\/","logo":{"@type":"ImageObject","inLanguage":"en-US","@id":"https:\/\/www.rogatec.si\/#\/schema\/logo\/image\/","url":"https:\/\/www.rogatec.si\/wp-content\/uploads\/2021\/01\/Rogatec_okusimo_250x80.png","contentUrl":"https:\/\/www.rogatec.si\/wp-content\/uploads\/2021\/01\/Rogatec_okusimo_250x80.png","width":250,"height":80,"caption":"Visit Rogatec"},"image":{"@id":"https:\/\/www.rogatec.si\/#\/schema\/logo\/image\/"}}]}},"uagb_featured_image_src":{"full":["https:\/\/www.rogatec.si\/wp-content\/uploads\/2016\/09\/Gosti\u0161\u010de-pod-goro_notranjost-1.jpg",960,719,false],"thumbnail":["https:\/\/www.rogatec.si\/wp-content\/uploads\/2016\/09\/Gosti\u0161\u010de-pod-goro_notranjost-1-300x200.jpg",300,200,true],"medium":["https:\/\/www.rogatec.si\/wp-content\/uploads\/2016\/09\/Gosti\u0161\u010de-pod-goro_notranjost-1-534x400.jpg",534,400,true],"medium_large":["https:\/\/www.rogatec.si\/wp-content\/uploads\/2016\/09\/Gosti\u0161\u010de-pod-goro_notranjost-1-768x575.jpg",768,575,true],"large":["https:\/\/www.rogatec.si\/wp-content\/uploads\/2016\/09\/Gosti\u0161\u010de-pod-goro_notranjost-1.jpg",960,719,false],"1536x1536":["https:\/\/www.rogatec.si\/wp-content\/uploads\/2016\/09\/Gosti\u0161\u010de-pod-goro_notranjost-1.jpg",960,719,false],"2048x2048":["https:\/\/www.rogatec.si\/wp-content\/uploads\/2016\/09\/Gosti\u0161\u010de-pod-goro_notranjost-1.jpg",960,719,false],"custom-image-square":["https:\/\/www.rogatec.si\/wp-content\/uploads\/2016\/09\/Gosti\u0161\u010de-pod-goro_notranjost-1.jpg",600,449,false],"featured-medium":["https:\/\/www.rogatec.si\/wp-content\/uploads\/2016\/09\/Gosti\u0161\u010de-pod-goro_notranjost-1.jpg",300,225,false]},"uagb_author_info":{"display_name":"Rogatec","author_link":"https:\/\/www.rogatec.si\/en\/author\/vedran72\/"},"uagb_comment_info":0,"uagb_excerpt":"Dona\u010dka gora 13, RogatecT: +386 31 732 474E: gostisce.podgoro@gmail.comW: www.podgoro.com","_links":{"self":[{"href":"https:\/\/www.rogatec.si\/en\/wp-json\/wp\/v2\/pages\/57038","targetHints":{"allow":["GET"]}}],"collection":[{"href":"https:\/\/www.rogatec.si\/en\/wp-json\/wp\/v2\/pages"}],"about":[{"href":"https:\/\/www.rogatec.si\/en\/wp-json\/wp\/v2\/types\/page"}],"author":[{"embeddable":true,"href":"https:\/\/www.rogatec.si\/en\/wp-json\/wp\/v2\/users\/5"}],"replies":[{"embeddable":true,"href":"https:\/\/www.rogatec.si\/en\/wp-json\/wp\/v2\/comments?post=57038"}],"version-history":[{"count":3,"href":"https:\/\/www.rogatec.si\/en\/wp-json\/wp\/v2\/pages\/57038\/revisions"}],"predecessor-version":[{"id":57041,"href":"https:\/\/www.rogatec.si\/en\/wp-json\/wp\/v2\/pages\/57038\/revisions\/57041"}],"up":[{"embeddable":true,"href":"https:\/\/www.rogatec.si\/en\/wp-json\/wp\/v2\/pages\/52527"}],"wp:featuredmedia":[{"embeddable":true,"href":"https:\/\/www.rogatec.si\/en\/wp-json\/wp\/v2\/media\/76037"}],"wp:attachment":[{"href":"https:\/\/www.rogatec.si\/en\/wp-json\/wp\/v2\/media?parent=57038"}],"curies":[{"name":"wp","href":"https:\/\/api.w.org\/{rel}","templated":true}]}}