{"id":57045,"date":"2021-01-03T19:52:58","date_gmt":"2021-01-03T18:52:58","guid":{"rendered":"https:\/\/www.rogatec.si\/where_to_eat_sleep\/gostisce-spica\/"},"modified":"2021-03-22T12:45:47","modified_gmt":"2021-03-22T11:45:47","slug":"gostisce-spica","status":"publish","type":"page","link":"https:\/\/www.rogatec.si\/en\/where_to_eat_sleep\/gostisce-spica\/","title":{"rendered":"Gosti\u0161\u010de \u0160pica"},"content":{"rendered":"\n<div class=\"wp-block-getwid-images-slider has-arrows-inside has-dots-inside has-captions captions-style-light captions-bottom-center has-images-center has-cropped-images has-fixed-height\"><div class=\"wp-block-getwid-images-slider__wrapper\" data-effect=\"slide\" data-slides-show=\"1\" data-slides-show-laptop=\"1\" data-slides-show-tablet=\"1\" data-slides-show-mobile=\"1\" data-slides-scroll=\"1\" data-autoplay=\"false\" data-autoplay-speed=\"6000\" data-infinite=\"true\" data-animation-speed=\"800\" data-center-mode=\"false\" data-variable-width=\"false\" data-arrows=\"inside\" data-dots=\"inside\" data-spacing=\"none\"><div class=\"wp-block-getwid-images-slider__item\" style=\"height:450px\"><figure><img decoding=\"async\" data-src=\"https:\/\/www.rogatec.si\/wp-content\/uploads\/2017\/11\/%C5%A0pica_.jpg\" alt=\"Gosti\u0161\u010de \u0160pica\" data-id=\"53748\" data-link=\"https:\/\/www.rogatec.si\/spica_\/\" data-original-link=\"https:\/\/www.rogatec.si\/wp-content\/uploads\/2017\/11\/\u0160pica_.jpg\" class=\"wp-block-getwid-images-slider__image wp-image-53748 lazyload\" src=\"data:image\/svg+xml;base64,PHN2ZyB3aWR0aD0iMSIgaGVpZ2h0PSIxIiB4bWxucz0iaHR0cDovL3d3dy53My5vcmcvMjAwMC9zdmciPjwvc3ZnPg==\"><figcaption class=\"wp-block-getwid-images-slider__caption\">Gosti\u0161\u010de \u0160pica<\/figcaption><\/figure><\/div><div class=\"wp-block-getwid-images-slider__item\" style=\"height:450px\"><figure><img decoding=\"async\" data-src=\"https:\/\/www.rogatec.si\/wp-content\/uploads\/2016\/04\/Gosti%C5%A1%C4%8De-%C5%A0PICA-e1474549920257.jpg\" alt=\"Gosti\u0161\u010de \u0160pica\" data-id=\"52800\" data-link=\"https:\/\/www.rogatec.si\/kje-jesti-in-spati\/gostisce-spica\/\" data-original-link=\"https:\/\/www.rogatec.si\/wp-content\/uploads\/2016\/04\/Gosti\u0161\u010de-\u0160PICA-e1474549920257.jpg\" class=\"wp-block-getwid-images-slider__image wp-image-52800 lazyload\" src=\"data:image\/svg+xml;base64,PHN2ZyB3aWR0aD0iMSIgaGVpZ2h0PSIxIiB4bWxucz0iaHR0cDovL3d3dy53My5vcmcvMjAwMC9zdmciPjwvc3ZnPg==\"><figcaption class=\"wp-block-getwid-images-slider__caption\">Gosti\u0161\u010de \u0160pica<\/figcaption><\/figure><\/div><div class=\"wp-block-getwid-images-slider__item\" style=\"height:450px\"><figure><img decoding=\"async\" data-src=\"https:\/\/www.rogatec.si\/wp-content\/uploads\/2016\/04\/GOSTI%C5%A0%C4%8CE-%C5%A0PICA1-scaled.jpg\" alt=\"Gostisce Spica\" data-id=\"52801\" data-link=\"https:\/\/www.rogatec.si\/kje-jesti-in-spati\/gostisce-spica1\/\" data-original-link=\"https:\/\/www.rogatec.si\/wp-content\/uploads\/2016\/04\/GOSTI\u0160\u010cE-\u0160PICA1-scaled.jpg\" class=\"wp-block-getwid-images-slider__image wp-image-52801 lazyload\" src=\"data:image\/svg+xml;base64,PHN2ZyB3aWR0aD0iMSIgaGVpZ2h0PSIxIiB4bWxucz0iaHR0cDovL3d3dy53My5vcmcvMjAwMC9zdmciPjwvc3ZnPg==\"><figcaption class=\"wp-block-getwid-images-slider__caption\">Gostilna \u0160pica<\/figcaption><\/figure><\/div><\/div><\/div>\n\n<div class=\"wp-block-getwid-advanced-spacer\" style=\"height:30px\" aria-hidden=\"true\"><\/div>\n\n<hr class=\"wp-block-separator is-style-wide\"\/>\n\n<p>Road 2, Rogatec<br\/>T: +386 3 582 78 05<br\/>E:<a href=\"mailto:ivan.fercec@siol.net\"> ivan.fercec@siol.net<\/a><br\/><\/p>\n","protected":false},"excerpt":{"rendered":"<p>Road 2, RogatecT: +386 3 582 78 05E: ivan.fercec@siol.net<\/p>\n","protected":false},"author":5,"featured_media":57047,"parent":52527,"menu_order":10,"comment_status":"closed","ping_status":"closed","template":"","meta":{"_uag_custom_page_level_css":"","footnotes":""},"class_list":["post-57045","page","type-page","status-publish","has-post-thumbnail","hentry"],"yoast_head":"<!-- This site is optimized with the Yoast SEO plugin v27.2 - https:\/\/yoast.com\/product\/yoast-seo-wordpress\/ -->\n<title>Gosti\u0161\u010de \u0160pica - Visit Rogatec<\/title>\n<meta name=\"robots\" content=\"index, follow, max-snippet:-1, max-image-preview:large, max-video-preview:-1\" \/>\n<link rel=\"canonical\" href=\"https:\/\/www.rogatec.si\/en\/where_to_eat_sleep\/gostisce-spica\/\" \/>\n<meta property=\"og:locale\" content=\"en_US\" \/>\n<meta property=\"og:type\" content=\"article\" \/>\n<meta property=\"og:title\" content=\"Gosti\u0161\u010de \u0160pica - Visit Rogatec\" \/>\n<meta property=\"og:description\" content=\"Road 2, RogatecT: +386 3 582 78 05E: ivan.fercec@siol.net\" \/>\n<meta property=\"og:url\" content=\"https:\/\/www.rogatec.si\/en\/where_to_eat_sleep\/gostisce-spica\/\" \/>\n<meta property=\"og:site_name\" content=\"Visit Rogatec\" \/>\n<meta property=\"article:modified_time\" content=\"2021-03-22T11:45:47+00:00\" \/>\n<meta property=\"og:image\" content=\"https:\/\/www.rogatec.si\/wp-content\/uploads\/2017\/11\/\u0160pica_.jpg\" \/>\n\t<meta property=\"og:image:width\" content=\"960\" \/>\n\t<meta property=\"og:image:height\" content=\"720\" \/>\n\t<meta property=\"og:image:type\" content=\"image\/jpeg\" \/>\n<meta name=\"twitter:card\" content=\"summary_large_image\" \/>\n<script type=\"application\/ld+json\" class=\"yoast-schema-graph\">{\"@context\":\"https:\/\/schema.org\",\"@graph\":[{\"@type\":\"WebPage\",\"@id\":\"https:\/\/www.rogatec.si\/en\/where_to_eat_sleep\/gostisce-spica\/\",\"url\":\"https:\/\/www.rogatec.si\/en\/where_to_eat_sleep\/gostisce-spica\/\",\"name\":\"Gosti\u0161\u010de \u0160pica - Visit Rogatec\",\"isPartOf\":{\"@id\":\"https:\/\/www.rogatec.si\/#website\"},\"primaryImageOfPage\":{\"@id\":\"https:\/\/www.rogatec.si\/en\/where_to_eat_sleep\/gostisce-spica\/#primaryimage\"},\"image\":{\"@id\":\"https:\/\/www.rogatec.si\/en\/where_to_eat_sleep\/gostisce-spica\/#primaryimage\"},\"thumbnailUrl\":\"https:\/\/www.rogatec.si\/wp-content\/uploads\/2017\/11\/\u0160pica_.jpg\",\"datePublished\":\"2021-01-03T18:52:58+00:00\",\"dateModified\":\"2021-03-22T11:45:47+00:00\",\"breadcrumb\":{\"@id\":\"https:\/\/www.rogatec.si\/en\/where_to_eat_sleep\/gostisce-spica\/#breadcrumb\"},\"inLanguage\":\"en-US\",\"potentialAction\":[{\"@type\":\"ReadAction\",\"target\":[\"https:\/\/www.rogatec.si\/en\/where_to_eat_sleep\/gostisce-spica\/\"]}]},{\"@type\":\"ImageObject\",\"inLanguage\":\"en-US\",\"@id\":\"https:\/\/www.rogatec.si\/en\/where_to_eat_sleep\/gostisce-spica\/#primaryimage\",\"url\":\"https:\/\/www.rogatec.si\/wp-content\/uploads\/2017\/11\/\u0160pica_.jpg\",\"contentUrl\":\"https:\/\/www.rogatec.si\/wp-content\/uploads\/2017\/11\/\u0160pica_.jpg\",\"width\":960,\"height\":720,\"caption\":\"Gosti\u0161\u010de \u0160pica\"},{\"@type\":\"BreadcrumbList\",\"@id\":\"https:\/\/www.rogatec.si\/en\/where_to_eat_sleep\/gostisce-spica\/#breadcrumb\",\"itemListElement\":[{\"@type\":\"ListItem\",\"position\":1,\"name\":\"Domov\",\"item\":\"https:\/\/www.rogatec.si\/en\/\"},{\"@type\":\"ListItem\",\"position\":2,\"name\":\"Where to eat and sleep\",\"item\":\"https:\/\/www.rogatec.si\/en\/where_to_eat_sleep\/\"},{\"@type\":\"ListItem\",\"position\":3,\"name\":\"Gosti\u0161\u010de \u0160pica\"}]},{\"@type\":\"WebSite\",\"@id\":\"https:\/\/www.rogatec.si\/#website\",\"url\":\"https:\/\/www.rogatec.si\/\",\"name\":\"Visit Rogatec\",\"description\":\"Taste the heritage\",\"publisher\":{\"@id\":\"https:\/\/www.rogatec.si\/#organization\"},\"potentialAction\":[{\"@type\":\"SearchAction\",\"target\":{\"@type\":\"EntryPoint\",\"urlTemplate\":\"https:\/\/www.rogatec.si\/?s={search_term_string}\"},\"query-input\":{\"@type\":\"PropertyValueSpecification\",\"valueRequired\":true,\"valueName\":\"search_term_string\"}}],\"inLanguage\":\"en-US\"},{\"@type\":\"Organization\",\"@id\":\"https:\/\/www.rogatec.si\/#organization\",\"name\":\"Visit Rogatec\",\"url\":\"https:\/\/www.rogatec.si\/\",\"logo\":{\"@type\":\"ImageObject\",\"inLanguage\":\"en-US\",\"@id\":\"https:\/\/www.rogatec.si\/#\/schema\/logo\/image\/\",\"url\":\"https:\/\/www.rogatec.si\/wp-content\/uploads\/2021\/01\/Rogatec_okusimo_250x80.png\",\"contentUrl\":\"https:\/\/www.rogatec.si\/wp-content\/uploads\/2021\/01\/Rogatec_okusimo_250x80.png\",\"width\":250,\"height\":80,\"caption\":\"Visit Rogatec\"},\"image\":{\"@id\":\"https:\/\/www.rogatec.si\/#\/schema\/logo\/image\/\"}}]}<\/script>\n<!-- \/ Yoast SEO plugin. -->","yoast_head_json":{"title":"Gosti\u0161\u010de \u0160pica - Visit Rogatec","robots":{"index":"index","follow":"follow","max-snippet":"max-snippet:-1","max-image-preview":"max-image-preview:large","max-video-preview":"max-video-preview:-1"},"canonical":"https:\/\/www.rogatec.si\/en\/where_to_eat_sleep\/gostisce-spica\/","og_locale":"en_US","og_type":"article","og_title":"Gosti\u0161\u010de \u0160pica - Visit Rogatec","og_description":"Road 2, RogatecT: +386 3 582 78 05E: ivan.fercec@siol.net","og_url":"https:\/\/www.rogatec.si\/en\/where_to_eat_sleep\/gostisce-spica\/","og_site_name":"Visit Rogatec","article_modified_time":"2021-03-22T11:45:47+00:00","og_image":[{"width":960,"height":720,"url":"https:\/\/www.rogatec.si\/wp-content\/uploads\/2017\/11\/\u0160pica_.jpg","type":"image\/jpeg"}],"twitter_card":"summary_large_image","schema":{"@context":"https:\/\/schema.org","@graph":[{"@type":"WebPage","@id":"https:\/\/www.rogatec.si\/en\/where_to_eat_sleep\/gostisce-spica\/","url":"https:\/\/www.rogatec.si\/en\/where_to_eat_sleep\/gostisce-spica\/","name":"Gosti\u0161\u010de \u0160pica - Visit Rogatec","isPartOf":{"@id":"https:\/\/www.rogatec.si\/#website"},"primaryImageOfPage":{"@id":"https:\/\/www.rogatec.si\/en\/where_to_eat_sleep\/gostisce-spica\/#primaryimage"},"image":{"@id":"https:\/\/www.rogatec.si\/en\/where_to_eat_sleep\/gostisce-spica\/#primaryimage"},"thumbnailUrl":"https:\/\/www.rogatec.si\/wp-content\/uploads\/2017\/11\/\u0160pica_.jpg","datePublished":"2021-01-03T18:52:58+00:00","dateModified":"2021-03-22T11:45:47+00:00","breadcrumb":{"@id":"https:\/\/www.rogatec.si\/en\/where_to_eat_sleep\/gostisce-spica\/#breadcrumb"},"inLanguage":"en-US","potentialAction":[{"@type":"ReadAction","target":["https:\/\/www.rogatec.si\/en\/where_to_eat_sleep\/gostisce-spica\/"]}]},{"@type":"ImageObject","inLanguage":"en-US","@id":"https:\/\/www.rogatec.si\/en\/where_to_eat_sleep\/gostisce-spica\/#primaryimage","url":"https:\/\/www.rogatec.si\/wp-content\/uploads\/2017\/11\/\u0160pica_.jpg","contentUrl":"https:\/\/www.rogatec.si\/wp-content\/uploads\/2017\/11\/\u0160pica_.jpg","width":960,"height":720,"caption":"Gosti\u0161\u010de \u0160pica"},{"@type":"BreadcrumbList","@id":"https:\/\/www.rogatec.si\/en\/where_to_eat_sleep\/gostisce-spica\/#breadcrumb","itemListElement":[{"@type":"ListItem","position":1,"name":"Domov","item":"https:\/\/www.rogatec.si\/en\/"},{"@type":"ListItem","position":2,"name":"Where to eat and sleep","item":"https:\/\/www.rogatec.si\/en\/where_to_eat_sleep\/"},{"@type":"ListItem","position":3,"name":"Gosti\u0161\u010de \u0160pica"}]},{"@type":"WebSite","@id":"https:\/\/www.rogatec.si\/#website","url":"https:\/\/www.rogatec.si\/","name":"Visit Rogatec","description":"Taste the heritage","publisher":{"@id":"https:\/\/www.rogatec.si\/#organization"},"potentialAction":[{"@type":"SearchAction","target":{"@type":"EntryPoint","urlTemplate":"https:\/\/www.rogatec.si\/?s={search_term_string}"},"query-input":{"@type":"PropertyValueSpecification","valueRequired":true,"valueName":"search_term_string"}}],"inLanguage":"en-US"},{"@type":"Organization","@id":"https:\/\/www.rogatec.si\/#organization","name":"Visit Rogatec","url":"https:\/\/www.rogatec.si\/","logo":{"@type":"ImageObject","inLanguage":"en-US","@id":"https:\/\/www.rogatec.si\/#\/schema\/logo\/image\/","url":"https:\/\/www.rogatec.si\/wp-content\/uploads\/2021\/01\/Rogatec_okusimo_250x80.png","contentUrl":"https:\/\/www.rogatec.si\/wp-content\/uploads\/2021\/01\/Rogatec_okusimo_250x80.png","width":250,"height":80,"caption":"Visit Rogatec"},"image":{"@id":"https:\/\/www.rogatec.si\/#\/schema\/logo\/image\/"}}]}},"uagb_featured_image_src":{"full":["https:\/\/www.rogatec.si\/wp-content\/uploads\/2017\/11\/\u0160pica_.jpg",960,720,false],"thumbnail":["https:\/\/www.rogatec.si\/wp-content\/uploads\/2017\/11\/\u0160pica_-300x200.jpg",300,200,true],"medium":["https:\/\/www.rogatec.si\/wp-content\/uploads\/2017\/11\/\u0160pica_-533x400.jpg",533,400,true],"medium_large":["https:\/\/www.rogatec.si\/wp-content\/uploads\/2017\/11\/\u0160pica_-768x576.jpg",768,576,true],"large":["https:\/\/www.rogatec.si\/wp-content\/uploads\/2017\/11\/\u0160pica_.jpg",960,720,false],"1536x1536":["https:\/\/www.rogatec.si\/wp-content\/uploads\/2017\/11\/\u0160pica_.jpg",960,720,false],"2048x2048":["https:\/\/www.rogatec.si\/wp-content\/uploads\/2017\/11\/\u0160pica_.jpg",960,720,false],"custom-image-square":["https:\/\/www.rogatec.si\/wp-content\/uploads\/2017\/11\/\u0160pica_.jpg",600,450,false],"featured-medium":["https:\/\/www.rogatec.si\/wp-content\/uploads\/2017\/11\/\u0160pica_.jpg",300,225,false]},"uagb_author_info":{"display_name":"Rogatec","author_link":"https:\/\/www.rogatec.si\/en\/author\/vedran72\/"},"uagb_comment_info":0,"uagb_excerpt":"Road 2, RogatecT: +386 3 582 78 05E: ivan.fercec@siol.net","_links":{"self":[{"href":"https:\/\/www.rogatec.si\/en\/wp-json\/wp\/v2\/pages\/57045","targetHints":{"allow":["GET"]}}],"collection":[{"href":"https:\/\/www.rogatec.si\/en\/wp-json\/wp\/v2\/pages"}],"about":[{"href":"https:\/\/www.rogatec.si\/en\/wp-json\/wp\/v2\/types\/page"}],"author":[{"embeddable":true,"href":"https:\/\/www.rogatec.si\/en\/wp-json\/wp\/v2\/users\/5"}],"replies":[{"embeddable":true,"href":"https:\/\/www.rogatec.si\/en\/wp-json\/wp\/v2\/comments?post=57045"}],"version-history":[{"count":1,"href":"https:\/\/www.rogatec.si\/en\/wp-json\/wp\/v2\/pages\/57045\/revisions"}],"predecessor-version":[{"id":57048,"href":"https:\/\/www.rogatec.si\/en\/wp-json\/wp\/v2\/pages\/57045\/revisions\/57048"}],"up":[{"embeddable":true,"href":"https:\/\/www.rogatec.si\/en\/wp-json\/wp\/v2\/pages\/52527"}],"wp:featuredmedia":[{"embeddable":true,"href":"https:\/\/www.rogatec.si\/en\/wp-json\/wp\/v2\/media\/57047"}],"wp:attachment":[{"href":"https:\/\/www.rogatec.si\/en\/wp-json\/wp\/v2\/media?parent=57045"}],"curies":[{"name":"wp","href":"https:\/\/api.w.org\/{rel}","templated":true}]}}