{"id":57051,"date":"2021-01-03T19:55:58","date_gmt":"2021-01-03T18:55:58","guid":{"rendered":"https:\/\/www.rogatec.si\/where_to_eat_sleep\/castle-restaurant-strmol\/"},"modified":"2021-03-22T12:45:52","modified_gmt":"2021-03-22T11:45:52","slug":"castle-restaurant-strmol","status":"publish","type":"page","link":"https:\/\/www.rogatec.si\/en\/where_to_eat_sleep\/castle-restaurant-strmol\/","title":{"rendered":"Castle restaurant Strmol"},"content":{"rendered":"\n<div class=\"wp-block-getwid-images-slider has-arrows-inside has-dots-inside has-captions captions-style-light captions-bottom-center has-images-center has-cropped-images has-fixed-height\"><div class=\"wp-block-getwid-images-slider__wrapper\" data-effect=\"slide\" data-slides-show=\"1\" data-slides-show-laptop=\"1\" data-slides-show-tablet=\"1\" data-slides-show-mobile=\"1\" data-slides-scroll=\"1\" data-autoplay=\"false\" data-autoplay-speed=\"6000\" data-infinite=\"true\" data-animation-speed=\"800\" data-center-mode=\"false\" data-variable-width=\"false\" data-arrows=\"inside\" data-dots=\"inside\" data-spacing=\"none\"><div class=\"wp-block-getwid-images-slider__item getwid-reset-height-mobile\" style=\"height:450px\"><figure><img decoding=\"async\" width=\"960\" height=\"720\" data-src=\"https:\/\/www.rogatec.si\/wp-content\/uploads\/2016\/09\/Grajska-restavracija-Dvorec-STrmol.jpg\" alt=\"Grajska restavracija Strmol\" data-id=\"52822\" data-link=\"https:\/\/www.rogatec.si\/grajska-restavracija-dvorec-strmol\/\" data-original-link=\"https:\/\/www.rogatec.si\/wp-content\/uploads\/2016\/09\/Grajska-restavracija-Dvorec-STrmol.jpg\" class=\"wp-block-getwid-images-slider__image wp-image-52822 lazyload\" data-srcset=\"https:\/\/www.rogatec.si\/wp-content\/uploads\/2016\/09\/Grajska-restavracija-Dvorec-STrmol.jpg 960w, https:\/\/www.rogatec.si\/wp-content\/uploads\/2016\/09\/Grajska-restavracija-Dvorec-STrmol-533x400.jpg 533w, https:\/\/www.rogatec.si\/wp-content\/uploads\/2016\/09\/Grajska-restavracija-Dvorec-STrmol-768x576.jpg 768w, https:\/\/www.rogatec.si\/wp-content\/uploads\/2016\/09\/Grajska-restavracija-Dvorec-STrmol-300x225.jpg 300w\" data-sizes=\"(max-width: 960px) 100vw, 960px\" src=\"data:image\/svg+xml;base64,PHN2ZyB3aWR0aD0iMSIgaGVpZ2h0PSIxIiB4bWxucz0iaHR0cDovL3d3dy53My5vcmcvMjAwMC9zdmciPjwvc3ZnPg==\" style=\"--smush-placeholder-width: 960px; --smush-placeholder-aspect-ratio: 960\/720;\" \/><figcaption class=\"wp-block-getwid-images-slider__caption\">Castle restaurant Strmol<\/figcaption><\/figure><\/div><div class=\"wp-block-getwid-images-slider__item getwid-reset-height-mobile\" style=\"height:450px\"><figure><img decoding=\"async\" data-src=\"https:\/\/www.rogatec.si\/wp-content\/uploads\/2013\/10\/Kotli%C4%8Dek.jpg\" alt=\"9 - Kotli\u010dek na ognji\u0161\u010du srednjeve\u0161ke \u010drne kuhinje_Dvorec Strmol, Rogatec\" data-id=\"12985\" data-link=\"https:\/\/www.rogatec.si\/dvorec-strmol\/ponudba\/gostinska-ponudba\/kotlicek\/\" data-original-link=\"https:\/\/www.rogatec.si\/wp-content\/uploads\/2013\/10\/Kotli\u010dek.jpg\" class=\"wp-block-getwid-images-slider__image wp-image-12985 lazyload\" src=\"data:image\/svg+xml;base64,PHN2ZyB3aWR0aD0iMSIgaGVpZ2h0PSIxIiB4bWxucz0iaHR0cDovL3d3dy53My5vcmcvMjAwMC9zdmciPjwvc3ZnPg==\"><figcaption class=\"wp-block-getwid-images-slider__caption\"> Kettle on the fireplace of a medieval black kitchen_Dvorec Strmol, Rogatec<\/figcaption><\/figure><\/div><div class=\"wp-block-getwid-images-slider__item getwid-reset-height-mobile\" style=\"height:450px\"><figure><img decoding=\"async\" data-src=\"https:\/\/www.rogatec.si\/wp-content\/uploads\/2013\/10\/baro%C4%8Dna.jpg\" alt=\"\" data-id=\"12984\" data-link=\"https:\/\/www.rogatec.si\/dvorec-strmol\/ponudba\/gostinska-ponudba\/barocna\/\" data-original-link=\"https:\/\/www.rogatec.si\/wp-content\/uploads\/2013\/10\/baro\u010dna.jpg\" class=\"wp-block-getwid-images-slider__image wp-image-12984 lazyload\" src=\"data:image\/svg+xml;base64,PHN2ZyB3aWR0aD0iMSIgaGVpZ2h0PSIxIiB4bWxucz0iaHR0cDovL3d3dy53My5vcmcvMjAwMC9zdmciPjwvc3ZnPg==\"><figcaption class=\"wp-block-getwid-images-slider__caption\">Castle restaurant<\/figcaption><\/figure><\/div><\/div><\/div>\n\n<div class=\"wp-block-getwid-advanced-spacer\" style=\"height:30px\" aria-hidden=\"true\"><\/div>\n\n<hr class=\"wp-block-separator is-style-wide\"\/>\n\n<p>Path to the pond 3, Rogatec<br\/>T: +386 41 419 713<br\/>E:<a href=\"mailto:info@gostisce-jutrisa.si\"> info@gostisce-jutrisa.si<\/a><br\/>W:<a target=\"_blank\" href=\"https:\/\/www.grajska-restavracija-strmol.si\" rel=\"noreferrer noopener\"> www.grajska-restavracija-strmol.si<\/a><\/p>\n","protected":false},"excerpt":{"rendered":"<p>Path to the pond 3, RogatecT: +386 41 419 713E: info@gostisce-jutrisa.siW: www.grajska-restavracija-strmol.si<\/p>\n","protected":false},"author":5,"featured_media":71502,"parent":52527,"menu_order":9,"comment_status":"closed","ping_status":"closed","template":"","meta":{"_uag_custom_page_level_css":"","footnotes":""},"class_list":["post-57051","page","type-page","status-publish","has-post-thumbnail","hentry"],"yoast_head":"<!-- This site is optimized with the Yoast SEO plugin v27.2 - https:\/\/yoast.com\/product\/yoast-seo-wordpress\/ -->\n<title>Castle restaurant Strmol - Visit Rogatec<\/title>\n<meta name=\"robots\" content=\"index, follow, max-snippet:-1, max-image-preview:large, max-video-preview:-1\" \/>\n<link rel=\"canonical\" href=\"https:\/\/www.rogatec.si\/en\/where_to_eat_sleep\/castle-restaurant-strmol\/\" \/>\n<meta property=\"og:locale\" content=\"en_US\" \/>\n<meta property=\"og:type\" content=\"article\" \/>\n<meta property=\"og:title\" content=\"Castle restaurant Strmol - Visit Rogatec\" \/>\n<meta property=\"og:description\" content=\"Path to the pond 3, RogatecT: +386 41 419 713E: info@gostisce-jutrisa.siW: www.grajska-restavracija-strmol.si\" \/>\n<meta property=\"og:url\" content=\"https:\/\/www.rogatec.si\/en\/where_to_eat_sleep\/castle-restaurant-strmol\/\" \/>\n<meta property=\"og:site_name\" content=\"Visit Rogatec\" \/>\n<meta property=\"article:modified_time\" content=\"2021-03-22T11:45:52+00:00\" \/>\n<meta property=\"og:image\" content=\"https:\/\/www.rogatec.si\/wp-content\/uploads\/2016\/09\/Grajska-restavracija-Dvorec-STrmol.jpg\" \/>\n\t<meta property=\"og:image:width\" content=\"960\" \/>\n\t<meta property=\"og:image:height\" content=\"720\" \/>\n\t<meta property=\"og:image:type\" content=\"image\/jpeg\" \/>\n<meta name=\"twitter:card\" content=\"summary_large_image\" \/>\n<script type=\"application\/ld+json\" class=\"yoast-schema-graph\">{\"@context\":\"https:\/\/schema.org\",\"@graph\":[{\"@type\":\"WebPage\",\"@id\":\"https:\/\/www.rogatec.si\/en\/where_to_eat_sleep\/castle-restaurant-strmol\/\",\"url\":\"https:\/\/www.rogatec.si\/en\/where_to_eat_sleep\/castle-restaurant-strmol\/\",\"name\":\"Castle restaurant Strmol - Visit Rogatec\",\"isPartOf\":{\"@id\":\"https:\/\/www.rogatec.si\/#website\"},\"primaryImageOfPage\":{\"@id\":\"https:\/\/www.rogatec.si\/en\/where_to_eat_sleep\/castle-restaurant-strmol\/#primaryimage\"},\"image\":{\"@id\":\"https:\/\/www.rogatec.si\/en\/where_to_eat_sleep\/castle-restaurant-strmol\/#primaryimage\"},\"thumbnailUrl\":\"https:\/\/www.rogatec.si\/wp-content\/uploads\/2025\/09\/Grajska_kavarna_Dvorec_Strmol_Rogatec1-\u2013-kopija-1-scaled.jpg\",\"datePublished\":\"2021-01-03T18:55:58+00:00\",\"dateModified\":\"2021-03-22T11:45:52+00:00\",\"breadcrumb\":{\"@id\":\"https:\/\/www.rogatec.si\/en\/where_to_eat_sleep\/castle-restaurant-strmol\/#breadcrumb\"},\"inLanguage\":\"en-US\",\"potentialAction\":[{\"@type\":\"ReadAction\",\"target\":[\"https:\/\/www.rogatec.si\/en\/where_to_eat_sleep\/castle-restaurant-strmol\/\"]}]},{\"@type\":\"ImageObject\",\"inLanguage\":\"en-US\",\"@id\":\"https:\/\/www.rogatec.si\/en\/where_to_eat_sleep\/castle-restaurant-strmol\/#primaryimage\",\"url\":\"https:\/\/www.rogatec.si\/wp-content\/uploads\/2025\/09\/Grajska_kavarna_Dvorec_Strmol_Rogatec1-\u2013-kopija-1-scaled.jpg\",\"contentUrl\":\"https:\/\/www.rogatec.si\/wp-content\/uploads\/2025\/09\/Grajska_kavarna_Dvorec_Strmol_Rogatec1-\u2013-kopija-1-scaled.jpg\",\"width\":2560,\"height\":1840,\"caption\":\"Grajska kavarna Strmol Rogatec\"},{\"@type\":\"BreadcrumbList\",\"@id\":\"https:\/\/www.rogatec.si\/en\/where_to_eat_sleep\/castle-restaurant-strmol\/#breadcrumb\",\"itemListElement\":[{\"@type\":\"ListItem\",\"position\":1,\"name\":\"Domov\",\"item\":\"https:\/\/www.rogatec.si\/en\/\"},{\"@type\":\"ListItem\",\"position\":2,\"name\":\"Where to eat and sleep\",\"item\":\"https:\/\/www.rogatec.si\/en\/where_to_eat_sleep\/\"},{\"@type\":\"ListItem\",\"position\":3,\"name\":\"Castle restaurant Strmol\"}]},{\"@type\":\"WebSite\",\"@id\":\"https:\/\/www.rogatec.si\/#website\",\"url\":\"https:\/\/www.rogatec.si\/\",\"name\":\"Visit Rogatec\",\"description\":\"Taste the heritage\",\"publisher\":{\"@id\":\"https:\/\/www.rogatec.si\/#organization\"},\"potentialAction\":[{\"@type\":\"SearchAction\",\"target\":{\"@type\":\"EntryPoint\",\"urlTemplate\":\"https:\/\/www.rogatec.si\/?s={search_term_string}\"},\"query-input\":{\"@type\":\"PropertyValueSpecification\",\"valueRequired\":true,\"valueName\":\"search_term_string\"}}],\"inLanguage\":\"en-US\"},{\"@type\":\"Organization\",\"@id\":\"https:\/\/www.rogatec.si\/#organization\",\"name\":\"Visit Rogatec\",\"url\":\"https:\/\/www.rogatec.si\/\",\"logo\":{\"@type\":\"ImageObject\",\"inLanguage\":\"en-US\",\"@id\":\"https:\/\/www.rogatec.si\/#\/schema\/logo\/image\/\",\"url\":\"https:\/\/www.rogatec.si\/wp-content\/uploads\/2021\/01\/Rogatec_okusimo_250x80.png\",\"contentUrl\":\"https:\/\/www.rogatec.si\/wp-content\/uploads\/2021\/01\/Rogatec_okusimo_250x80.png\",\"width\":250,\"height\":80,\"caption\":\"Visit Rogatec\"},\"image\":{\"@id\":\"https:\/\/www.rogatec.si\/#\/schema\/logo\/image\/\"}}]}<\/script>\n<!-- \/ Yoast SEO plugin. -->","yoast_head_json":{"title":"Castle restaurant Strmol - Visit Rogatec","robots":{"index":"index","follow":"follow","max-snippet":"max-snippet:-1","max-image-preview":"max-image-preview:large","max-video-preview":"max-video-preview:-1"},"canonical":"https:\/\/www.rogatec.si\/en\/where_to_eat_sleep\/castle-restaurant-strmol\/","og_locale":"en_US","og_type":"article","og_title":"Castle restaurant Strmol - Visit Rogatec","og_description":"Path to the pond 3, RogatecT: +386 41 419 713E: info@gostisce-jutrisa.siW: www.grajska-restavracija-strmol.si","og_url":"https:\/\/www.rogatec.si\/en\/where_to_eat_sleep\/castle-restaurant-strmol\/","og_site_name":"Visit Rogatec","article_modified_time":"2021-03-22T11:45:52+00:00","og_image":[{"width":960,"height":720,"url":"https:\/\/www.rogatec.si\/wp-content\/uploads\/2016\/09\/Grajska-restavracija-Dvorec-STrmol.jpg","type":"image\/jpeg"}],"twitter_card":"summary_large_image","schema":{"@context":"https:\/\/schema.org","@graph":[{"@type":"WebPage","@id":"https:\/\/www.rogatec.si\/en\/where_to_eat_sleep\/castle-restaurant-strmol\/","url":"https:\/\/www.rogatec.si\/en\/where_to_eat_sleep\/castle-restaurant-strmol\/","name":"Castle restaurant Strmol - Visit Rogatec","isPartOf":{"@id":"https:\/\/www.rogatec.si\/#website"},"primaryImageOfPage":{"@id":"https:\/\/www.rogatec.si\/en\/where_to_eat_sleep\/castle-restaurant-strmol\/#primaryimage"},"image":{"@id":"https:\/\/www.rogatec.si\/en\/where_to_eat_sleep\/castle-restaurant-strmol\/#primaryimage"},"thumbnailUrl":"https:\/\/www.rogatec.si\/wp-content\/uploads\/2025\/09\/Grajska_kavarna_Dvorec_Strmol_Rogatec1-\u2013-kopija-1-scaled.jpg","datePublished":"2021-01-03T18:55:58+00:00","dateModified":"2021-03-22T11:45:52+00:00","breadcrumb":{"@id":"https:\/\/www.rogatec.si\/en\/where_to_eat_sleep\/castle-restaurant-strmol\/#breadcrumb"},"inLanguage":"en-US","potentialAction":[{"@type":"ReadAction","target":["https:\/\/www.rogatec.si\/en\/where_to_eat_sleep\/castle-restaurant-strmol\/"]}]},{"@type":"ImageObject","inLanguage":"en-US","@id":"https:\/\/www.rogatec.si\/en\/where_to_eat_sleep\/castle-restaurant-strmol\/#primaryimage","url":"https:\/\/www.rogatec.si\/wp-content\/uploads\/2025\/09\/Grajska_kavarna_Dvorec_Strmol_Rogatec1-\u2013-kopija-1-scaled.jpg","contentUrl":"https:\/\/www.rogatec.si\/wp-content\/uploads\/2025\/09\/Grajska_kavarna_Dvorec_Strmol_Rogatec1-\u2013-kopija-1-scaled.jpg","width":2560,"height":1840,"caption":"Grajska kavarna Strmol Rogatec"},{"@type":"BreadcrumbList","@id":"https:\/\/www.rogatec.si\/en\/where_to_eat_sleep\/castle-restaurant-strmol\/#breadcrumb","itemListElement":[{"@type":"ListItem","position":1,"name":"Domov","item":"https:\/\/www.rogatec.si\/en\/"},{"@type":"ListItem","position":2,"name":"Where to eat and sleep","item":"https:\/\/www.rogatec.si\/en\/where_to_eat_sleep\/"},{"@type":"ListItem","position":3,"name":"Castle restaurant Strmol"}]},{"@type":"WebSite","@id":"https:\/\/www.rogatec.si\/#website","url":"https:\/\/www.rogatec.si\/","name":"Visit Rogatec","description":"Taste the heritage","publisher":{"@id":"https:\/\/www.rogatec.si\/#organization"},"potentialAction":[{"@type":"SearchAction","target":{"@type":"EntryPoint","urlTemplate":"https:\/\/www.rogatec.si\/?s={search_term_string}"},"query-input":{"@type":"PropertyValueSpecification","valueRequired":true,"valueName":"search_term_string"}}],"inLanguage":"en-US"},{"@type":"Organization","@id":"https:\/\/www.rogatec.si\/#organization","name":"Visit Rogatec","url":"https:\/\/www.rogatec.si\/","logo":{"@type":"ImageObject","inLanguage":"en-US","@id":"https:\/\/www.rogatec.si\/#\/schema\/logo\/image\/","url":"https:\/\/www.rogatec.si\/wp-content\/uploads\/2021\/01\/Rogatec_okusimo_250x80.png","contentUrl":"https:\/\/www.rogatec.si\/wp-content\/uploads\/2021\/01\/Rogatec_okusimo_250x80.png","width":250,"height":80,"caption":"Visit Rogatec"},"image":{"@id":"https:\/\/www.rogatec.si\/#\/schema\/logo\/image\/"}}]}},"uagb_featured_image_src":{"full":["https:\/\/www.rogatec.si\/wp-content\/uploads\/2025\/09\/Grajska_kavarna_Dvorec_Strmol_Rogatec1-\u2013-kopija-1-scaled.jpg",2560,1840,false],"thumbnail":["https:\/\/www.rogatec.si\/wp-content\/uploads\/2025\/09\/Grajska_kavarna_Dvorec_Strmol_Rogatec1-\u2013-kopija-1-300x200.jpg",300,200,true],"medium":["https:\/\/www.rogatec.si\/wp-content\/uploads\/2025\/09\/Grajska_kavarna_Dvorec_Strmol_Rogatec1-\u2013-kopija-1-556x400.jpg",556,400,true],"medium_large":["https:\/\/www.rogatec.si\/wp-content\/uploads\/2025\/09\/Grajska_kavarna_Dvorec_Strmol_Rogatec1-\u2013-kopija-1-768x552.jpg",768,552,true],"large":["https:\/\/www.rogatec.si\/wp-content\/uploads\/2025\/09\/Grajska_kavarna_Dvorec_Strmol_Rogatec1-\u2013-kopija-1-1024x736.jpg",1024,736,true],"1536x1536":["https:\/\/www.rogatec.si\/wp-content\/uploads\/2025\/09\/Grajska_kavarna_Dvorec_Strmol_Rogatec1-\u2013-kopija-1-1536x1104.jpg",1536,1104,true],"2048x2048":["https:\/\/www.rogatec.si\/wp-content\/uploads\/2025\/09\/Grajska_kavarna_Dvorec_Strmol_Rogatec1-\u2013-kopija-1-2048x1472.jpg",2048,1472,true],"custom-image-square":["https:\/\/www.rogatec.si\/wp-content\/uploads\/2025\/09\/Grajska_kavarna_Dvorec_Strmol_Rogatec1-\u2013-kopija-1-600x600.jpg",600,600,true],"featured-medium":["https:\/\/www.rogatec.si\/wp-content\/uploads\/2025\/09\/Grajska_kavarna_Dvorec_Strmol_Rogatec1-\u2013-kopija-1-300x300.jpg",300,300,true]},"uagb_author_info":{"display_name":"Rogatec","author_link":"https:\/\/www.rogatec.si\/en\/author\/vedran72\/"},"uagb_comment_info":0,"uagb_excerpt":"Path to the pond 3, RogatecT: +386 41 419 713E: info@gostisce-jutrisa.siW: www.grajska-restavracija-strmol.si","_links":{"self":[{"href":"https:\/\/www.rogatec.si\/en\/wp-json\/wp\/v2\/pages\/57051","targetHints":{"allow":["GET"]}}],"collection":[{"href":"https:\/\/www.rogatec.si\/en\/wp-json\/wp\/v2\/pages"}],"about":[{"href":"https:\/\/www.rogatec.si\/en\/wp-json\/wp\/v2\/types\/page"}],"author":[{"embeddable":true,"href":"https:\/\/www.rogatec.si\/en\/wp-json\/wp\/v2\/users\/5"}],"replies":[{"embeddable":true,"href":"https:\/\/www.rogatec.si\/en\/wp-json\/wp\/v2\/comments?post=57051"}],"version-history":[{"count":1,"href":"https:\/\/www.rogatec.si\/en\/wp-json\/wp\/v2\/pages\/57051\/revisions"}],"predecessor-version":[{"id":57052,"href":"https:\/\/www.rogatec.si\/en\/wp-json\/wp\/v2\/pages\/57051\/revisions\/57052"}],"up":[{"embeddable":true,"href":"https:\/\/www.rogatec.si\/en\/wp-json\/wp\/v2\/pages\/52527"}],"wp:featuredmedia":[{"embeddable":true,"href":"https:\/\/www.rogatec.si\/en\/wp-json\/wp\/v2\/media\/71502"}],"wp:attachment":[{"href":"https:\/\/www.rogatec.si\/en\/wp-json\/wp\/v2\/media?parent=57051"}],"curies":[{"name":"wp","href":"https:\/\/api.w.org\/{rel}","templated":true}]}}